{"id":7382,"date":"2025-02-22T21:16:07","date_gmt":"2025-02-22T13:16:07","guid":{"rendered":"https:\/\/www.busbarmachine.co\/?post_type=product&#038;p=7382"},"modified":"2025-04-07T21:12:34","modified_gmt":"2025-04-07T13:12:34","slug":"mx-602k-8c-cnc-busbar-punching-shearing-machine","status":"publish","type":"product","link":"https:\/\/www.busbarmachine.co\/vi\/mx-602k-8c-cnc-busbar-punching-shearing-machine\/","title":{"rendered":"M\u00e1y \u0111\u1ed9t d\u1eadp c\u1eaft thanh c\u00e1i CNC MX-602K-8C"},"content":{"rendered":"<p>M\u00e1y \u0111\u1ed9t thanh c\u00e1i MX-602K-8C l\u00e0 m\u00e1y gia c\u00f4ng thanh c\u00e1i CNC t\u1ef1 \u0111\u1ed9ng hi\u1ec7u su\u1ea5t cao t\u00edch h\u1ee3p \u0111\u1ed9t v\u00e0 c\u1eaft. M\u00e1y \u0111\u01b0\u1ee3c trang b\u1ecb 6 h\u1ec7 th\u1ed1ng servo \u0111\u1ec3 \u0111\u1ea1t \u0111\u01b0\u1ee3c qu\u00e1 tr\u00ecnh \u0111\u1ed9t v\u00e0 c\u1eaft thanh c\u00e1i t\u1ed1c \u0111\u1ed9 cao 6 tr\u1ee5c. M\u00e1y \u0111\u1ed9t v\u00e0 c\u1eaft thanh c\u00e1i CNC MX-602K-8C s\u1eed d\u1ee5ng khung khu\u00f4n m\u1ed9t h\u00e0ng c\u1ed9t th\u1eb3ng v\u1edbi t\u1ed1c \u0111\u1ed9 \u0111\u1ed9t v\u00e0 c\u1eaft l\u00e0 75m\/ph\u00fat. M\u00e1y \u0111\u01b0\u1ee3c trang b\u1ecb 8 khu\u00f4n \u0111\u1ed9t v\u00e0 1 khu\u00f4n c\u1eaft \u0111\u1ec3 \u0111\u1ea3m b\u1ea3o \u0111\u1ed9 \u0111\u1ed3ng t\u00e2m c\u1ee7a khu\u00f4n tr\u00ean v\u00e0 d\u01b0\u1edbi trong qu\u00e1 tr\u00ecnh s\u1eed d\u1ee5ng l\u00e2u d\u00e0i trong qu\u00e1 tr\u00ecnh gia c\u00f4ng. \u0110\u1ed3ng th\u1eddi, ph\u1ea7n m\u1ec1m l\u1eadp tr\u00ecnh do c\u00f4ng ty t\u1ef1 ph\u00e1t tri\u1ec3n h\u1ed7 tr\u1ee3 nh\u1eadp b\u1ea3n v\u1ebd 2D\/3D, nh\u1eadp tr\u1ef1c ti\u1ebfp CAD v\u00e0 Solidworks, h\u1ed7 tr\u1ee3 ch\u1ee9c n\u0103ng l\u1ed3ng d\u1eef li\u1ec7u v\u00e0 s\u1eafp ch\u1eef, c\u00f3 ch\u1ee9c n\u0103ng nh\u1eadp v\u00e0 xu\u1ea5t c\u00e1c t\u1ec7p lo\u1ea1i dwg v\u00e0 c\u00e1c t\u1ec7p lo\u1ea1i ug, sl, pro-e c\u00f3 h\u1eadu t\u1ed1 .sat.stp.sldprt.<\/p>","protected":false},"excerpt":{"rendered":"<p>SunShine\u00ae l\u00e0 nh\u00e0 s\u1ea3n xu\u1ea5t m\u00e1y \u0111\u1ed9t v\u00e0 c\u1eaft thanh c\u00e1i CNC v\u00e0 nh\u00e0 cung c\u1ea5p m\u00e1y \u0111\u1ed9t v\u00e0 c\u1eaft thanh c\u00e1i CNC t\u1ea1i Trung Qu\u1ed1c. M\u00e1y \u0111\u1ed9t v\u00e0 c\u1eaft thanh c\u00e1i CNC MX-602K-8C s\u1eed d\u1ee5ng khung khu\u00f4n c\u1ed9t th\u1eb3ng, t\u1ed1c \u0111\u1ed9 cao 6 tr\u1ee5c, ho\u00e0n to\u00e0n t\u1ef1 \u0111\u1ed9ng, \u0111\u01b0\u1ee3c trang b\u1ecb 8 \u0111\u1ea7u \u0111\u1ed9t v\u00e0 1 \u0111\u1ea7u c\u1eaft, v\u00e0 \u0111\u1ed9 \u0111\u1ed3ng t\u00e2m cao c\u1ee7a khu\u00f4n tr\u00ean v\u00e0 d\u01b0\u1edbi. M\u00e1y \u0111\u1ed9t v\u00e0 c\u1eaft thanh c\u00e1i CNC MX-602K-8C c\u00f3 th\u1ec3 c\u1eaft v\u00e0 \u0111\u1ed9t thanh c\u00e1i b\u1eb1ng \u0111\u1ed3ng v\u00e0 nh\u00f4m (nhi\u1ec1u l\u1ed7 tr\u00f2n\/l\u1ed7 vu\u00f4ng\/l\u1ed7 \u0111\u1eb7c bi\u1ec7t, lo\u1ea1i khe). Nh\u1eadn gi\u00e1 m\u00e1y \u0111\u1ed9t v\u00e0 c\u1eaft thanh c\u00e1i m\u1edbi nh\u1ea5t, h\u00e3y li\u00ean h\u1ec7 v\u1edbi ch\u00fang t\u00f4i ngay.<\/p>","protected":false},"featured_media":7384,"comment_status":"open","ping_status":"closed","template":"","meta":[],"product_brand":[],"product_cat":[44],"product_tag":[],"class_list":{"0":"post-7382","1":"product","2":"type-product","3":"status-publish","4":"has-post-thumbnail","6":"product_cat-cnc-busbar-punching-machine","8":"first","9":"instock","10":"shipping-taxable","11":"product-type-simple"},"acf":{"Model":"MX-602K-8C","Max.Force":"600KN","motor power":"25kw","Max.Thickness":"15mm","Max.Width":"200mm","cnc":"Yes","video":"https:\/\/youtu.be\/JXaMkhTdN9c","description":"MX-602K-8C busbar punching machine is a high-performance automatic CNC busbar processing machine that integrates punching and shearing. It is equipped with 6 servo systems to achieve 6-axis high-speed busbar punching and shearing processing. MX-602K-8C CNC busbar punching and shearing machine adopts a straight column single-row mold frame with a punching and shearing speed of 75m\/min. It is equipped with 8 punching molds and 1 shearing mold to ensure the concentricity of the upper and lower molds during long-term use during processing. At the same time, the company's self-developed programming software supports the import of 2D\/3D drawings, directly imports CAD and Solidworks, supports data nesting and typesetting functions, and has the import and export functions of dwg type files and ug, sl, pro-e type files with the suffix .sat.stp.sldprt.","product_parameters":{"acftf":{"v":"1.3.26"},"p":{"o":{"uh":0},"ca":""},"c":[{"p":""},{"p":""}],"h":[{"c":""},{"c":""}],"b":[[{"c":"Mold"},{"c":"MX-602K-8C"}],[{"c":"Max.Force"},{"c":"600KN"}],[{"c":"Feeding Station Size"},{"c":"3000 x 500mm"}],[{"c":"Out Station Size"},{"c":"2500 x 500mm"}],[{"c":"Max.Metal Plate Size"},{"c":"6000 x 200 x 15mm"}],[{"c":"Mini Processing Material Size"},{"c":"6000 x 15\u00d73mm\uff08W\u00d7T\uff09"}],[{"c":"Max Processing Thickness"},{"c":"15mm"}],[{"c":"Max Processing Width"},{"c":"200mm"}],[{"c":"Max Punching Diameter"},{"c":"\u22054.3\u2014\u220535mm"}],[{"c":"Number of Shearing Mould"},{"c":"1"}],[{"c":"Number of Punching Mould"},{"c":"8"}],[{"c":"Strike Frequency"},{"c":"Max 150Times\/min"}],[{"c":"Max Stroke of X-axis"},{"c":"2000mm"}],[{"c":"X-axis Accuracy Error"},{"c":"0.10\/500mm"}],[{"c":"X-axis Max Positioning Speed"},{"c":"75m\/min"}],[{"c":"Max Stroke of Y-axis"},{"c":"960mm"}],[{"c":"Y-axis Accuracy Error"},{"c":"0.10\/500mm"}],[{"c":"Max Stroke of Z-axis"},{"c":"310mm"}],[{"c":"T-axis Transmission Length"},{"c":"4100mm"}],[{"c":"Stroke of Beat Cylinder"},{"c":"45mm"}],[{"c":"Number of Control Axles"},{"c":"6 axes"}],[{"c":"Total motor power"},{"c":"25KW"}],[{"c":"Size(L x W x Z )"},{"c":"10500 x 2750 x 1800mm"}],[{"c":"Weight"},{"c":"6700kg"}]]},"gallery 1":[7402,7401,7403,7398,7404,7400,7406,7407]},"_links":{"self":[{"href":"https:\/\/www.busbarmachine.co\/vi\/wp-json\/wp\/v2\/product\/7382","targetHints":{"allow":["GET"]}}],"collection":[{"href":"https:\/\/www.busbarmachine.co\/vi\/wp-json\/wp\/v2\/product"}],"about":[{"href":"https:\/\/www.busbarmachine.co\/vi\/wp-json\/wp\/v2\/types\/product"}],"replies":[{"embeddable":true,"href":"https:\/\/www.busbarmachine.co\/vi\/wp-json\/wp\/v2\/comments?post=7382"}],"acf:attachment":[{"embeddable":true,"href":"https:\/\/www.busbarmachine.co\/vi\/wp-json\/wp\/v2\/media\/7407"},{"embeddable":true,"href":"https:\/\/www.busbarmachine.co\/vi\/wp-json\/wp\/v2\/media\/7406"},{"embeddable":true,"href":"https:\/\/www.busbarmachine.co\/vi\/wp-json\/wp\/v2\/media\/7400"},{"embeddable":true,"href":"https:\/\/www.busbarmachine.co\/vi\/wp-json\/wp\/v2\/media\/7404"},{"embeddable":true,"href":"https:\/\/www.busbarmachine.co\/vi\/wp-json\/wp\/v2\/media\/7398"},{"embeddable":true,"href":"https:\/\/www.busbarmachine.co\/vi\/wp-json\/wp\/v2\/media\/7403"},{"embeddable":true,"href":"https:\/\/www.busbarmachine.co\/vi\/wp-json\/wp\/v2\/media\/7401"},{"embeddable":true,"href":"https:\/\/www.busbarmachine.co\/vi\/wp-json\/wp\/v2\/media\/7402"}],"wp:featuredmedia":[{"embeddable":true,"href":"https:\/\/www.busbarmachine.co\/vi\/wp-json\/wp\/v2\/media\/7384"}],"wp:attachment":[{"href":"https:\/\/www.busbarmachine.co\/vi\/wp-json\/wp\/v2\/media?parent=7382"}],"wp:term":[{"taxonomy":"product_brand","embeddable":true,"href":"https:\/\/www.busbarmachine.co\/vi\/wp-json\/wp\/v2\/product_brand?post=7382"},{"taxonomy":"product_cat","embeddable":true,"href":"https:\/\/www.busbarmachine.co\/vi\/wp-json\/wp\/v2\/product_cat?post=7382"},{"taxonomy":"product_tag","embeddable":true,"href":"https:\/\/www.busbarmachine.co\/vi\/wp-json\/wp\/v2\/product_tag?post=7382"}],"curies":[{"name":"wp","href":"https:\/\/api.w.org\/{rel}","templated":true}]}}