{"id":5913,"date":"2024-03-02T11:14:48","date_gmt":"2024-03-02T03:14:48","guid":{"rendered":"https:\/\/www.busbarmachine.co\/?post_type=product&#038;p=5913"},"modified":"2024-03-02T18:58:55","modified_gmt":"2024-03-02T10:58:55","slug":"ns-200b-4-horizontal-and-vertical-busbar-bending-machine","status":"publish","type":"product","link":"https:\/\/www.busbarmachine.co\/vi\/ns-200b-4-horizontal-and-vertical-busbar-bending-machine\/","title":{"rendered":"M\u00e1y u\u1ed1n thanh c\u00e1i ngang v\u00e0 d\u1ecdc NS-200B-4"},"content":{"rendered":"<p>M\u00e1y u\u1ed1n thanh c\u00e1i th\u1ee7y l\u1ef1c SunShine\u00ae NS-200B-4 l\u00e0 m\u00e1y thanh c\u00e1i di \u0111\u1ed9ng \u0111a ch\u1ee9c n\u0103ng, c\u00f2n \u0111\u01b0\u1ee3c g\u1ecdi l\u00e0 m\u00e1y thanh c\u00e1i 4 trong 1 nh\u1ecf g\u1ecdn, c\u00f3 ch\u1ee9c n\u0103ng u\u1ed1n d\u1ecdc, u\u1ed1n ngang, \u0111\u1ee5c v\u00e0 c\u1eaft thanh c\u00e1i. M\u00e1y u\u1ed1n thanh c\u00e1i \u0111\u1ee9ng ngang NS-200B-4 c\u00f3 \u0111\u1ed9 u\u1ed1n d\u1ecdc t\u1ed1i \u0111a l\u00e0 12,5mm * 125mm, \u0111\u1ed9 u\u1ed1n ngang t\u1ed1i \u0111a l\u00e0 12mm * 200mm, \u0111\u1ed9 c\u1eaft t\u1ed1i \u0111a l\u00e0 200mm * 12mm v\u00e0 \u0111\u1ed9 \u0111\u1ee5c t\u1ed1i \u0111a l\u00e0 \u03a610,5-\u03a620,5. Model NS- M\u00e1y thanh c\u00e1i \u0111\u1ee9ng ngang 200B-4 c\u00f3 k\u00edch th\u01b0\u1edbc nh\u1ecf v\u00e0 d\u1ec5 di chuy\u1ec3n. R\u1ea5t ph\u00f9 h\u1ee3p cho nh\u1eefng ng\u01b0\u1eddi v\u1eadn h\u00e0nh x\u1eed l\u00fd thanh c\u00e1i \u0111\u1ec3 x\u1eed l\u00fd nhanh thanh c\u00e1i t\u1ea1i c\u00e1c c\u00f4ng tr\u01b0\u1eddng d\u1ef1 \u00e1n \u0111i\u1ec7n.<\/p>","protected":false},"excerpt":{"rendered":"<p>M\u00e1y u\u1ed1n thanh c\u00e1i th\u1ee7y l\u1ef1c SunShine\u00ae NS-200B-4 l\u00e0 m\u00e1y u\u1ed1n thanh c\u00e1i di \u0111\u1ed9ng \u0111a ch\u1ee9c n\u0103ng, c\u00f2n \u0111\u01b0\u1ee3c g\u1ecdi l\u00e0 m\u00e1y u\u1ed1n thanh c\u00e1i 4 trong 1 nh\u1ecf g\u1ecdn, c\u00f3 ch\u1ee9c n\u0103ng u\u1ed1n d\u1ecdc, u\u1ed1n ngang, \u0111\u1ed9t thanh c\u00e1i v\u00e0 c\u1eaft. M\u00e1y u\u1ed1n thanh c\u00e1i \u0111\u1ee9ng ngang NS-200B-4 c\u00f3 \u0111\u1ed9 u\u1ed1n d\u1ecdc t\u1ed1i \u0111a l\u00e0 12,5mm * 125mm, \u0111\u1ed9 u\u1ed1n ngang t\u1ed1i \u0111a l\u00e0 12mm * 200mm, \u0111\u1ed9 c\u1eaft t\u1ed1i \u0111a l\u00e0 200mm * 12mm v\u00e0 \u0111\u1ed9 \u0111\u1ed9t t\u1ed1i \u0111a l\u00e0 \u03a610,5-\u03a620,5. <\/p>","protected":false},"featured_media":5920,"comment_status":"open","ping_status":"closed","template":"","meta":[],"product_brand":[],"product_cat":[25],"product_tag":[],"class_list":{"0":"post-5913","1":"product","2":"type-product","3":"status-publish","4":"has-post-thumbnail","6":"product_cat-hydraulic-3-in-1-busbar-machine","8":"first","9":"instock","10":"shipping-taxable","11":"product-type-simple"},"acf":{"Model":"NS-200B-4","Max.Force":"30 ton","motor power":"\u2014\u2014","Max.Thickness":"12.5m","Max.Width":"200mm","cnc":"NO","video":"https:\/\/www.youtube.com\/watch?v=ww1b7XMu57w","description":"M\u00e1y u\u1ed1n thanh c\u00e1i th\u1ee7y l\u1ef1c SunShine\u00ae NS-200B-4 l\u00e0 m\u00e1y thanh c\u00e1i di \u0111\u1ed9ng \u0111a ch\u1ee9c n\u0103ng, c\u00f2n \u0111\u01b0\u1ee3c g\u1ecdi l\u00e0 m\u00e1y thanh c\u00e1i 4 trong 1 nh\u1ecf g\u1ecdn, c\u00f3 ch\u1ee9c n\u0103ng u\u1ed1n d\u1ecdc, u\u1ed1n ngang, \u0111\u1ee5c v\u00e0 c\u1eaft thanh c\u00e1i. M\u00e1y u\u1ed1n thanh c\u00e1i \u0111\u1ee9ng ngang NS-200B-4 c\u00f3 \u0111\u1ed9 u\u1ed1n d\u1ecdc t\u1ed1i \u0111a l\u00e0 12,5mm * 125mm, \u0111\u1ed9 u\u1ed1n ngang t\u1ed1i \u0111a l\u00e0 12mm * 200mm, \u0111\u1ed9 c\u1eaft t\u1ed1i \u0111a l\u00e0 200mm * 12mm v\u00e0 \u0111\u1ed9 \u0111\u1ee5c t\u1ed1i \u0111a l\u00e0 \u03a610,5-\u03a620,5. Model NS- M\u00e1y thanh c\u00e1i \u0111\u1ee9ng ngang 200B-4 c\u00f3 k\u00edch th\u01b0\u1edbc nh\u1ecf v\u00e0 d\u1ec5 di chuy\u1ec3n. R\u1ea5t ph\u00f9 h\u1ee3p cho nh\u1eefng ng\u01b0\u1eddi v\u1eadn h\u00e0nh x\u1eed l\u00fd thanh c\u00e1i \u0111\u1ec3 x\u1eed l\u00fd nhanh thanh c\u00e1i t\u1ea1i c\u00e1c c\u00f4ng tr\u01b0\u1eddng d\u1ef1 \u00e1n \u0111i\u1ec7n.","product_parameters":{"acftf":{"v":"1.3.21"},"p":{"o":{"uh":0},"ca":""},"c":[{"p":""},{"p":""}],"h":[{"c":""},{"c":""}],"b":[[{"c":"Model"},{"c":"NS-200B-4"}],[{"c":"Voltage"},{"c":"220V\/380V AC\t"}],[{"c":"Rated Oil Pressure"},{"c":"630KN"}],[{"c":"Max.Cut Size"},{"c":"200mm x 12mm"}],[{"c":"Max.Punch Size"},{"c":"200mm x 12mm"}],[{"c":"Max.Bend Size"},{"c":"125mm x 12.5mm"}],[{"c":"Depth of Throat"},{"c":"110mm"}],[{"c":"Standard Setting"},{"c":"\u22057,\u22059,\u220510.5,\u220513.8,\u220517,\u220520.5"}],[{"c":"Punching Capacity"},{"c":"\u22056-\u220520.5"}],[{"c":"Table Size"},{"c":"840mm x 900mm x 1200mm"}],[{"c":"Weight"},{"c":"230kg"}]]},"gallery 1":[5921,5916,5915,4074,5914,4072,4067]},"_links":{"self":[{"href":"https:\/\/www.busbarmachine.co\/vi\/wp-json\/wp\/v2\/product\/5913","targetHints":{"allow":["GET"]}}],"collection":[{"href":"https:\/\/www.busbarmachine.co\/vi\/wp-json\/wp\/v2\/product"}],"about":[{"href":"https:\/\/www.busbarmachine.co\/vi\/wp-json\/wp\/v2\/types\/product"}],"replies":[{"embeddable":true,"href":"https:\/\/www.busbarmachine.co\/vi\/wp-json\/wp\/v2\/comments?post=5913"}],"acf:attachment":[{"embeddable":true,"href":"https:\/\/www.busbarmachine.co\/vi\/wp-json\/wp\/v2\/media\/4067"},{"embeddable":true,"href":"https:\/\/www.busbarmachine.co\/vi\/wp-json\/wp\/v2\/media\/4072"},{"embeddable":true,"href":"https:\/\/www.busbarmachine.co\/vi\/wp-json\/wp\/v2\/media\/5914"},{"embeddable":true,"href":"https:\/\/www.busbarmachine.co\/vi\/wp-json\/wp\/v2\/media\/4074"},{"embeddable":true,"href":"https:\/\/www.busbarmachine.co\/vi\/wp-json\/wp\/v2\/media\/5915"},{"embeddable":true,"href":"https:\/\/www.busbarmachine.co\/vi\/wp-json\/wp\/v2\/media\/5916"},{"embeddable":true,"href":"https:\/\/www.busbarmachine.co\/vi\/wp-json\/wp\/v2\/media\/5921"}],"wp:featuredmedia":[{"embeddable":true,"href":"https:\/\/www.busbarmachine.co\/vi\/wp-json\/wp\/v2\/media\/5920"}],"wp:attachment":[{"href":"https:\/\/www.busbarmachine.co\/vi\/wp-json\/wp\/v2\/media?parent=5913"}],"wp:term":[{"taxonomy":"product_brand","embeddable":true,"href":"https:\/\/www.busbarmachine.co\/vi\/wp-json\/wp\/v2\/product_brand?post=5913"},{"taxonomy":"product_cat","embeddable":true,"href":"https:\/\/www.busbarmachine.co\/vi\/wp-json\/wp\/v2\/product_cat?post=5913"},{"taxonomy":"product_tag","embeddable":true,"href":"https:\/\/www.busbarmachine.co\/vi\/wp-json\/wp\/v2\/product_tag?post=5913"}],"curies":[{"name":"wp","href":"https:\/\/api.w.org\/{rel}","templated":true}]}}