{"id":5137,"date":"2023-12-25T18:29:41","date_gmt":"2023-12-25T10:29:41","guid":{"rendered":"https:\/\/www.busbarmachine.co\/?post_type=product&#038;p=5137"},"modified":"2024-02-17T12:22:27","modified_gmt":"2024-02-17T04:22:27","slug":"custom-cnc-busbar-servo-bending-machine","status":"publish","type":"product","link":"https:\/\/www.busbarmachine.co\/vi\/custom-cnc-busbar-servo-bending-machine\/","title":{"rendered":"M\u00e1y u\u1ed1n thanh c\u00e1i CNC t\u00f9y ch\u1ec9nh"},"content":{"rendered":"<p>M\u00e1y u\u1ed1n thanh c\u00e1i CNC servo l\u00e0 m\u00e1y gia c\u00f4ng thanh c\u00e1i \u0111a ch\u1ee9c n\u0103ng \u0111\u01b0\u1ee3c trang b\u1ecb thi\u1ebft b\u1ecb \u0111\u1ecbnh v\u1ecb u\u1ed1n servo do SunShine\u00ae ph\u00e1t tri\u1ec3n. H\u1ec7 th\u1ed1ng \u0111i\u1ec1u khi\u1ec3n CNC c\u1ee7a m\u00e1y u\u1ed1n thanh c\u00e1i n\u00e0y b\u1ed5 sung th\u00eam m\u00f4-\u0111un c\u00e0i \u0111\u1eb7t tham s\u1ed1 \u0111\u1ecbnh v\u1ecb u\u1ed1n servo, cho ph\u00e9p ng\u01b0\u1eddi v\u1eadn h\u00e0nh c\u00e0i \u0111\u1eb7t g\u00f3c u\u1ed1n, v\u1ecb tr\u00ed v\u00e0 c\u00e1c th\u00f4ng s\u1ed1 kh\u00e1c th\u00f4ng qua b\u1ea3ng \u0111i\u1ec1u khi\u1ec3n di \u0111\u1ed9ng HIM, c\u1ea3i thi\u1ec7n \u0111\u00e1ng k\u1ec3 hi\u1ec7u qu\u1ea3 gia c\u00f4ng thanh c\u00e1i v\u00e0 \u0111\u1ed9 ch\u00ednh x\u00e1c u\u1ed1n.<\/p>","protected":false},"excerpt":{"rendered":"<p>SunShine\u00ae l\u00e0 nh\u00e0 s\u1ea3n xu\u1ea5t m\u00e1y u\u1ed1n thanh c\u00e1i CNC v\u00e0 nh\u00e0 cung c\u1ea5p m\u00e1y u\u1ed1n thanh c\u00e1i c\u1ee7a Trung Qu\u1ed1c. M\u00e1y u\u1ed1n thanh c\u00e1i CNC servo \u0111\u01b0\u1ee3c trang b\u1ecb thi\u1ebft b\u1ecb \u0111\u1ecbnh v\u1ecb u\u1ed1n thanh c\u00e1i servo, cho ph\u00e9p ng\u01b0\u1eddi v\u1eadn h\u00e0nh x\u00e1c \u0111\u1ecbnh v\u1ecb tr\u00ed u\u1ed1n thanh c\u00e1i, c\u1ea3i thi\u1ec7n \u0111\u00e1ng k\u1ec3 hi\u1ec7u qu\u1ea3 x\u1eed l\u00fd thanh c\u00e1i.<\/p>","protected":false},"featured_media":5276,"comment_status":"open","ping_status":"closed","template":"","meta":[],"product_brand":[],"product_cat":[23,24],"product_tag":[],"class_list":{"0":"post-5137","1":"product","2":"type-product","3":"status-publish","4":"has-post-thumbnail","6":"product_cat-cnc-3-in-1-busbar-machine","7":"product_cat-non-cnc-3-in-1-busbar-machine","9":"first","10":"instock","11":"shipping-taxable","12":"product-type-simple"},"acf":{"Model":"SS-80-3NC","Max.Force":"800KN","motor power":"3x7.5KW","Max.Thickness":"20mm","Max.Width":"300mm","cnc":"Support","video":"https:\/\/www.youtube.com\/watch?v=hGhyg2OlH7s","description":"M\u00e1y u\u1ed1n thanh c\u00e1i CNC servo l\u00e0 m\u00e1y gia c\u00f4ng thanh c\u00e1i \u0111a ch\u1ee9c n\u0103ng \u0111\u01b0\u1ee3c trang b\u1ecb thi\u1ebft b\u1ecb \u0111\u1ecbnh v\u1ecb u\u1ed1n servo do SunShine\u00ae ph\u00e1t tri\u1ec3n. H\u1ec7 th\u1ed1ng \u0111i\u1ec1u khi\u1ec3n CNC c\u1ee7a m\u00e1y u\u1ed1n thanh c\u00e1i n\u00e0y b\u1ed5 sung th\u00eam m\u00f4-\u0111un c\u00e0i \u0111\u1eb7t tham s\u1ed1 \u0111\u1ecbnh v\u1ecb u\u1ed1n servo, cho ph\u00e9p ng\u01b0\u1eddi v\u1eadn h\u00e0nh c\u00e0i \u0111\u1eb7t g\u00f3c u\u1ed1n, v\u1ecb tr\u00ed v\u00e0 c\u00e1c th\u00f4ng s\u1ed1 kh\u00e1c th\u00f4ng qua b\u1ea3ng \u0111i\u1ec1u khi\u1ec3n di \u0111\u1ed9ng HIM, c\u1ea3i thi\u1ec7n \u0111\u00e1ng k\u1ec3 hi\u1ec7u qu\u1ea3 gia c\u00f4ng thanh c\u00e1i v\u00e0 \u0111\u1ed9 ch\u00ednh x\u00e1c u\u1ed1n.","product_parameters":{"acftf":{"v":"1.3.20"},"p":{"o":{"uh":0},"ca":""},"c":[{"p":""},{"p":""}],"h":[{"c":""},{"c":""}],"b":[[{"c":"Model"},{"c":"SS-80-3NC\n"}],[{"c":"Max.Punch Force"},{"c":"800KN"}],[{"c":"Punch Diameter Range\n"},{"c":"\u22054.3\u2014\u220534(mm)"}],[{"c":"Max.Punch Thickness"},{"c":"20mm"}],[{"c":"Max.Punch Width"},{"c":"300mm\n"}],[{"c":"Max.Cut Thickness"},{"c":"20mm"}],[{"c":"Max.Cut Width"},{"c":"300mm\n"}],[{"c":"Max.Vertical Bend Force"},{"c":"800KN"}],[{"c":"Max.Vertical Bend Thickness"},{"c":"20mm"}],[{"c":"Max.Vertical Bend Width"},{"c":"250mm"}],[{"c":"Max.Horizontal Bend Width"},{"c":"120mm*12mm\n"}],[{"c":"Max.Horizontal Bend Angle"},{"c":"90\u00ba\n"}],[{"c":"Max.Twist Bend Thickness"},{"c":"20mm"}],[{"c":"Max.Twist Bend Width"},{"c":"300mm"}],[{"c":"CNC Bending Precision\n"},{"c":"\u00b11\u00ba\n"}],[{"c":"CNC Repeat Bending Precision\n"},{"c":"\u00b10.3\u00ba\n"}],[{"c":"Motor Power\n"},{"c":"5.53x4KW\n"}],[{"c":"Length*Height*Width"},{"c":"2060*1600*1560mm"}],[{"c":"Weight"},{"c":"2350kg\n"}]]},"gallery 1":[5121,5120,5122,5127,5128,5119,5112,5131,5125,5115,3883,3884]},"_links":{"self":[{"href":"https:\/\/www.busbarmachine.co\/vi\/wp-json\/wp\/v2\/product\/5137","targetHints":{"allow":["GET"]}}],"collection":[{"href":"https:\/\/www.busbarmachine.co\/vi\/wp-json\/wp\/v2\/product"}],"about":[{"href":"https:\/\/www.busbarmachine.co\/vi\/wp-json\/wp\/v2\/types\/product"}],"replies":[{"embeddable":true,"href":"https:\/\/www.busbarmachine.co\/vi\/wp-json\/wp\/v2\/comments?post=5137"}],"acf:attachment":[{"embeddable":true,"href":"https:\/\/www.busbarmachine.co\/vi\/wp-json\/wp\/v2\/media\/3884"},{"embeddable":true,"href":"https:\/\/www.busbarmachine.co\/vi\/wp-json\/wp\/v2\/media\/3883"},{"embeddable":true,"href":"https:\/\/www.busbarmachine.co\/vi\/wp-json\/wp\/v2\/media\/5115"},{"embeddable":true,"href":"https:\/\/www.busbarmachine.co\/vi\/wp-json\/wp\/v2\/media\/5125"},{"embeddable":true,"href":"https:\/\/www.busbarmachine.co\/vi\/wp-json\/wp\/v2\/media\/5131"},{"embeddable":true,"href":"https:\/\/www.busbarmachine.co\/vi\/wp-json\/wp\/v2\/media\/5112"},{"embeddable":true,"href":"https:\/\/www.busbarmachine.co\/vi\/wp-json\/wp\/v2\/media\/5119"},{"embeddable":true,"href":"https:\/\/www.busbarmachine.co\/vi\/wp-json\/wp\/v2\/media\/5128"},{"embeddable":true,"href":"https:\/\/www.busbarmachine.co\/vi\/wp-json\/wp\/v2\/media\/5127"},{"embeddable":true,"href":"https:\/\/www.busbarmachine.co\/vi\/wp-json\/wp\/v2\/media\/5122"},{"embeddable":true,"href":"https:\/\/www.busbarmachine.co\/vi\/wp-json\/wp\/v2\/media\/5120"},{"embeddable":true,"href":"https:\/\/www.busbarmachine.co\/vi\/wp-json\/wp\/v2\/media\/5121"}],"wp:featuredmedia":[{"embeddable":true,"href":"https:\/\/www.busbarmachine.co\/vi\/wp-json\/wp\/v2\/media\/5276"}],"wp:attachment":[{"href":"https:\/\/www.busbarmachine.co\/vi\/wp-json\/wp\/v2\/media?parent=5137"}],"wp:term":[{"taxonomy":"product_brand","embeddable":true,"href":"https:\/\/www.busbarmachine.co\/vi\/wp-json\/wp\/v2\/product_brand?post=5137"},{"taxonomy":"product_cat","embeddable":true,"href":"https:\/\/www.busbarmachine.co\/vi\/wp-json\/wp\/v2\/product_cat?post=5137"},{"taxonomy":"product_tag","embeddable":true,"href":"https:\/\/www.busbarmachine.co\/vi\/wp-json\/wp\/v2\/product_tag?post=5137"}],"curies":[{"name":"wp","href":"https:\/\/api.w.org\/{rel}","templated":true}]}}