{"id":4462,"date":"2023-12-03T15:13:31","date_gmt":"2023-12-03T07:13:31","guid":{"rendered":"https:\/\/www.busbarmachine.co\/?post_type=product&#038;p=4462"},"modified":"2023-12-26T08:57:49","modified_gmt":"2023-12-26T00:57:49","slug":"ss-150e-hydraulic-busbar-embossing-machine-copy","status":"publish","type":"product","link":"https:\/\/www.busbarmachine.co\/vi\/ss-150e-hydraulic-busbar-embossing-machine-copy\/","title":{"rendered":"M\u00e1y d\u1eadp n\u1ed5i thanh c\u00e1i th\u1ee7y l\u1ef1c di \u0111\u1ed9ng SS-150E"},"content":{"rendered":"<p>M\u00e1y d\u1eadp n\u1ed5i thanh c\u00e1i th\u1ee7y l\u1ef1c di \u0111\u1ed9ng \u0111\u01b0\u1ee3c s\u1eed d\u1ee5ng \u0111\u1ec3 san ph\u1eb3ng v\u00e0 d\u1eadp n\u1ed5i c\u00e1c m\u1ed1i n\u1ed1i thanh \u0111\u1ed3ng v\u00e0 nh\u00f4m. Sau khi l\u00e0m ph\u1eb3ng, thanh c\u00e1i c\u00f3 v\u1ebb ngo\u00e0i \u0111\u1eb9p m\u1eaft v\u00e0 c\u00f3 th\u1ec3 n\u00e2ng cao hi\u1ec7u su\u1ea5t d\u1eabn \u0111i\u1ec7n, gi\u1ea3m \u0111\u00e1ng k\u1ec3 chi ph\u00ed b\u1ea3o tr\u00ec tr\u1ea1m bi\u1ebfn \u00e1p. M\u00e1y d\u1eadp n\u1ed5i thanh c\u00e1i di \u0111\u1ed9ng SUNSHINE\u00ae c\u1ea7n \u0111\u01b0\u1ee3c s\u1eed d\u1ee5ng v\u1edbi b\u01a1m th\u1ee7y l\u1ef1c (b\u01a1m tay, b\u01a1m ch\u00e2n, b\u01a1m \u0111i\u1ec7n).<\/p>","protected":false},"excerpt":{"rendered":"<p>M\u00e1y d\u1eadp n\u1ed5i thanh c\u00e1i th\u1ee7y l\u1ef1c di \u0111\u1ed9ng \u0111\u01b0\u1ee3c s\u1eed d\u1ee5ng \u0111\u1ec3 san ph\u1eb3ng v\u00e0 d\u1eadp n\u1ed5i c\u00e1c m\u1ed1i n\u1ed1i thanh \u0111\u1ed3ng v\u00e0 nh\u00f4m. Sau khi l\u00e0m ph\u1eb3ng, thanh c\u00e1i c\u00f3 v\u1ebb ngo\u00e0i \u0111\u1eb9p m\u1eaft v\u00e0 c\u00f3 th\u1ec3 n\u00e2ng cao hi\u1ec7u su\u1ea5t d\u1eabn \u0111i\u1ec7n, gi\u1ea3m \u0111\u00e1ng k\u1ec3 chi ph\u00ed b\u1ea3o tr\u00ec tr\u1ea1m bi\u1ebfn \u00e1p. M\u00e1y d\u1eadp n\u1ed5i thanh c\u00e1i di \u0111\u1ed9ng SUNSHINE\u00ae c\u1ea7n \u0111\u01b0\u1ee3c s\u1eed d\u1ee5ng v\u1edbi b\u01a1m th\u1ee7y l\u1ef1c (b\u01a1m tay, b\u01a1m ch\u00e2n, b\u01a1m \u0111i\u1ec7n).<\/p>","protected":false},"featured_media":4407,"comment_status":"open","ping_status":"closed","template":"","meta":[],"product_brand":[],"product_cat":[29],"product_tag":[],"class_list":{"0":"post-4462","1":"product","2":"type-product","3":"status-publish","4":"has-post-thumbnail","6":"product_cat-portable-busbar-embossing-machine","8":"first","9":"instock","10":"shipping-taxable","11":"product-type-simple"},"acf":{"Model":"SS-150E","Max.Force":"72ton","motor power":"\u2014\u2014","Max.Thickness":"30mm","Max.Width":"150 x 12.5mm","cnc":"No","video":"https:\/\/www.youtube.com\/watch?v=9JoyDDVFlVE","description":"M\u00e1y d\u1eadp n\u1ed5i thanh c\u00e1i th\u1ee7y l\u1ef1c di \u0111\u1ed9ng \u0111\u01b0\u1ee3c s\u1eed d\u1ee5ng \u0111\u1ec3 san ph\u1eb3ng v\u00e0 d\u1eadp n\u1ed5i c\u00e1c m\u1ed1i n\u1ed1i thanh \u0111\u1ed3ng v\u00e0 nh\u00f4m. Sau khi l\u00e0m ph\u1eb3ng, thanh c\u00e1i c\u00f3 v\u1ebb ngo\u00e0i \u0111\u1eb9p m\u1eaft v\u00e0 c\u00f3 th\u1ec3 n\u00e2ng cao hi\u1ec7u su\u1ea5t d\u1eabn \u0111i\u1ec7n, gi\u1ea3m \u0111\u00e1ng k\u1ec3 chi ph\u00ed b\u1ea3o tr\u00ec tr\u1ea1m bi\u1ebfn \u00e1p. M\u00e1y d\u1eadp n\u1ed5i thanh c\u00e1i di \u0111\u1ed9ng SUNSHINE\u00ae c\u1ea7n \u0111\u01b0\u1ee3c s\u1eed d\u1ee5ng v\u1edbi b\u01a1m th\u1ee7y l\u1ef1c (b\u01a1m tay, b\u01a1m ch\u00e2n, b\u01a1m \u0111i\u1ec7n).","product_parameters":{"acftf":{"v":"1.3.20"},"p":{"o":{"uh":0},"ca":""},"c":[{"p":""},{"p":""}],"h":[{"c":""},{"c":""}],"b":[[{"c":"Mold"},{"c":"SS-150E"}],[{"c":"Output"},{"c":"72ton"}],[{"c":"Working Range"},{"c":"150 x 12.5mm"}],[{"c":"Working Stroke"},{"c":"30mm"}],[{"c":"Weight"},{"c":"58kg"}],[{"c":"Size"},{"c":"330 x 245 x 325mm"}]]},"gallery 1":[4407,4408,4411,4402,4403]},"_links":{"self":[{"href":"https:\/\/www.busbarmachine.co\/vi\/wp-json\/wp\/v2\/product\/4462","targetHints":{"allow":["GET"]}}],"collection":[{"href":"https:\/\/www.busbarmachine.co\/vi\/wp-json\/wp\/v2\/product"}],"about":[{"href":"https:\/\/www.busbarmachine.co\/vi\/wp-json\/wp\/v2\/types\/product"}],"replies":[{"embeddable":true,"href":"https:\/\/www.busbarmachine.co\/vi\/wp-json\/wp\/v2\/comments?post=4462"}],"acf:attachment":[{"embeddable":true,"href":"https:\/\/www.busbarmachine.co\/vi\/wp-json\/wp\/v2\/media\/4403"},{"embeddable":true,"href":"https:\/\/www.busbarmachine.co\/vi\/wp-json\/wp\/v2\/media\/4402"},{"embeddable":true,"href":"https:\/\/www.busbarmachine.co\/vi\/wp-json\/wp\/v2\/media\/4411"},{"embeddable":true,"href":"https:\/\/www.busbarmachine.co\/vi\/wp-json\/wp\/v2\/media\/4408"},{"embeddable":true,"href":"https:\/\/www.busbarmachine.co\/vi\/wp-json\/wp\/v2\/media\/4407"}],"wp:featuredmedia":[{"embeddable":true,"href":"https:\/\/www.busbarmachine.co\/vi\/wp-json\/wp\/v2\/media\/4407"}],"wp:attachment":[{"href":"https:\/\/www.busbarmachine.co\/vi\/wp-json\/wp\/v2\/media?parent=4462"}],"wp:term":[{"taxonomy":"product_brand","embeddable":true,"href":"https:\/\/www.busbarmachine.co\/vi\/wp-json\/wp\/v2\/product_brand?post=4462"},{"taxonomy":"product_cat","embeddable":true,"href":"https:\/\/www.busbarmachine.co\/vi\/wp-json\/wp\/v2\/product_cat?post=4462"},{"taxonomy":"product_tag","embeddable":true,"href":"https:\/\/www.busbarmachine.co\/vi\/wp-json\/wp\/v2\/product_tag?post=4462"}],"curies":[{"name":"wp","href":"https:\/\/api.w.org\/{rel}","templated":true}]}}