{"id":4459,"date":"2023-12-03T14:54:12","date_gmt":"2023-12-03T06:54:12","guid":{"rendered":"https:\/\/www.busbarmachine.co\/?post_type=product&#038;p=4459"},"modified":"2023-12-26T08:56:54","modified_gmt":"2023-12-26T00:56:54","slug":"ss-70-portable-hydraulic-busbar-punching-machine","status":"publish","type":"product","link":"https:\/\/www.busbarmachine.co\/vi\/ss-70-portable-hydraulic-busbar-punching-machine\/","title":{"rendered":"M\u00e1y \u0111\u1ed9t thanh c\u00e1i th\u1ee7y l\u1ef1c di \u0111\u1ed9ng SS-70"},"content":{"rendered":"<p>M\u00e1y \u0111\u1ed9t thanh c\u00e1i th\u1ee7y l\u1ef1c th\u01b0\u1eddng \u0111\u01b0\u1ee3c s\u1eed d\u1ee5ng \u0111\u1ec3 \u0111\u1ed9t thanh c\u00e1i t\u1ea1i ch\u1ed7 do thi\u1ebft k\u1ebf tay c\u1ea7m di \u0111\u1ed9ng v\u00e0 l\u00e0 c\u00f4ng c\u1ee5 l\u1ef1a ch\u1ecdn \u0111\u1ea7u ti\u00ean cho qu\u00e1 tr\u00ecnh \u0111\u1ed9t thanh c\u00e1i ngo\u00e0i tr\u1eddi. L\u00e0 nh\u00e0 m\u00e1y v\u00e0 nh\u00e0 cung c\u1ea5p m\u00e1y \u0111\u1ed9t thanh c\u00e1i di \u0111\u1ed9ng, m\u1ed7i m\u00e1y \u0111\u1ed9t thanh c\u00e1i th\u1ee7y l\u1ef1c SUNSHINE\u00ae \u0111\u1ec1u \u0111\u01b0\u1ee3c trang b\u1ecb \u0111\u1ea7u n\u1ed1i nhanh R2 3\/8 v\u00e0 n\u1eafp ch\u1ed1ng b\u1ee5i, c\u00f9ng 4 b\u1ed9 khu\u00f4n tr\u00f2n.<\/p>","protected":false},"excerpt":{"rendered":"<p>M\u00e1y \u0111\u1ed9t thanh c\u00e1i th\u1ee7y l\u1ef1c th\u01b0\u1eddng \u0111\u01b0\u1ee3c s\u1eed d\u1ee5ng \u0111\u1ec3 \u0111\u1ed9t thanh c\u00e1i t\u1ea1i ch\u1ed7 do thi\u1ebft k\u1ebf tay c\u1ea7m di \u0111\u1ed9ng v\u00e0 l\u00e0 c\u00f4ng c\u1ee5 l\u1ef1a ch\u1ecdn \u0111\u1ea7u ti\u00ean cho qu\u00e1 tr\u00ecnh \u0111\u1ed9t thanh c\u00e1i ngo\u00e0i tr\u1eddi. L\u00e0 nh\u00e0 m\u00e1y v\u00e0 nh\u00e0 cung c\u1ea5p m\u00e1y \u0111\u1ed9t thanh c\u00e1i di \u0111\u1ed9ng, m\u1ed7i m\u00e1y \u0111\u1ed9t thanh c\u00e1i th\u1ee7y l\u1ef1c SUNSHINE\u00ae \u0111\u1ec1u \u0111\u01b0\u1ee3c trang b\u1ecb \u0111\u1ea7u n\u1ed1i nhanh R2 3\/8 v\u00e0 n\u1eafp ch\u1ed1ng b\u1ee5i, c\u00f9ng 4 b\u1ed9 khu\u00f4n tr\u00f2n.<\/p>","protected":false},"featured_media":4356,"comment_status":"open","ping_status":"closed","template":"","meta":[],"product_brand":[],"product_cat":[27],"product_tag":[],"class_list":{"0":"post-4459","1":"product","2":"type-product","3":"status-publish","4":"has-post-thumbnail","6":"product_cat-portable-busbar-punching-machine","8":"first","9":"instock","10":"shipping-taxable","11":"product-type-simple"},"acf":{"Model":"SS-70","Max.Force":"35 ton","motor power":"\u2014\u2014","Max.Thickness":"3mm-12mm","Max.Width":"\u2014\u2014","cnc":"No","video":"https:\/\/www.youtube.com\/watch?v=GZqzn0g-Uko","description":"M\u00e1y \u0111\u1ed9t thanh c\u00e1i th\u1ee7y l\u1ef1c th\u01b0\u1eddng \u0111\u01b0\u1ee3c s\u1eed d\u1ee5ng \u0111\u1ec3 \u0111\u1ed9t thanh c\u00e1i t\u1ea1i ch\u1ed7 do thi\u1ebft k\u1ebf tay c\u1ea7m di \u0111\u1ed9ng v\u00e0 l\u00e0 c\u00f4ng c\u1ee5 l\u1ef1a ch\u1ecdn \u0111\u1ea7u ti\u00ean cho qu\u00e1 tr\u00ecnh \u0111\u1ed9t thanh c\u00e1i ngo\u00e0i tr\u1eddi. L\u00e0 nh\u00e0 m\u00e1y v\u00e0 nh\u00e0 cung c\u1ea5p m\u00e1y \u0111\u1ed9t thanh c\u00e1i di \u0111\u1ed9ng, m\u1ed7i m\u00e1y \u0111\u1ed9t thanh c\u00e1i th\u1ee7y l\u1ef1c SUNSHINE\u00ae \u0111\u1ec1u \u0111\u01b0\u1ee3c trang b\u1ecb \u0111\u1ea7u n\u1ed1i nhanh R2 3\/8 v\u00e0 n\u1eafp ch\u1ed1ng b\u1ee5i, c\u00f9ng 4 b\u1ed9 khu\u00f4n tr\u00f2n.","product_parameters":{"acftf":{"v":"1.3.20"},"p":{"o":{"uh":0},"ca":""},"c":[{"p":""},{"p":""}],"h":[{"c":""},{"c":""}],"b":[[{"c":"Mold"},{"c":"SS-70"}],[{"c":"Output"},{"c":"35ton"}],[{"c":"Depth of Throat"},{"c":"110mm"}],[{"c":"Angle Steel"},{"c":"\t5-10#"}],[{"c":"Channel Steel"},{"c":"6-12#"}],[{"c":"Copper and Aluminum Row"},{"c":"3mm-12mm"}],[{"c":"Iron Plate"},{"c":"3mm-10mm"}],[{"c":"Standard Setting"},{"c":"\u00d810.5\uff0c\u00d8 13.8\uff0c\u00d8 17.5\uff0c\u00d8 20.5"}],[{"c":"Weight"},{"c":"35kg"}],[{"c":"Size"},{"c":"350 x 265 x 115mm"}]]},"gallery 1":[4357,4356,4353,4350,4348,4360,4361,4363]},"_links":{"self":[{"href":"https:\/\/www.busbarmachine.co\/vi\/wp-json\/wp\/v2\/product\/4459","targetHints":{"allow":["GET"]}}],"collection":[{"href":"https:\/\/www.busbarmachine.co\/vi\/wp-json\/wp\/v2\/product"}],"about":[{"href":"https:\/\/www.busbarmachine.co\/vi\/wp-json\/wp\/v2\/types\/product"}],"replies":[{"embeddable":true,"href":"https:\/\/www.busbarmachine.co\/vi\/wp-json\/wp\/v2\/comments?post=4459"}],"acf:attachment":[{"embeddable":true,"href":"https:\/\/www.busbarmachine.co\/vi\/wp-json\/wp\/v2\/media\/4363"},{"embeddable":true,"href":"https:\/\/www.busbarmachine.co\/vi\/wp-json\/wp\/v2\/media\/4361"},{"embeddable":true,"href":"https:\/\/www.busbarmachine.co\/vi\/wp-json\/wp\/v2\/media\/4360"},{"embeddable":true,"href":"https:\/\/www.busbarmachine.co\/vi\/wp-json\/wp\/v2\/media\/4348"},{"embeddable":true,"href":"https:\/\/www.busbarmachine.co\/vi\/wp-json\/wp\/v2\/media\/4350"},{"embeddable":true,"href":"https:\/\/www.busbarmachine.co\/vi\/wp-json\/wp\/v2\/media\/4353"},{"embeddable":true,"href":"https:\/\/www.busbarmachine.co\/vi\/wp-json\/wp\/v2\/media\/4356"},{"embeddable":true,"href":"https:\/\/www.busbarmachine.co\/vi\/wp-json\/wp\/v2\/media\/4357"}],"wp:featuredmedia":[{"embeddable":true,"href":"https:\/\/www.busbarmachine.co\/vi\/wp-json\/wp\/v2\/media\/4356"}],"wp:attachment":[{"href":"https:\/\/www.busbarmachine.co\/vi\/wp-json\/wp\/v2\/media?parent=4459"}],"wp:term":[{"taxonomy":"product_brand","embeddable":true,"href":"https:\/\/www.busbarmachine.co\/vi\/wp-json\/wp\/v2\/product_brand?post=4459"},{"taxonomy":"product_cat","embeddable":true,"href":"https:\/\/www.busbarmachine.co\/vi\/wp-json\/wp\/v2\/product_cat?post=4459"},{"taxonomy":"product_tag","embeddable":true,"href":"https:\/\/www.busbarmachine.co\/vi\/wp-json\/wp\/v2\/product_tag?post=4459"}],"curies":[{"name":"wp","href":"https:\/\/api.w.org\/{rel}","templated":true}]}}