{"id":4455,"date":"2023-12-03T14:18:53","date_gmt":"2023-12-03T06:18:53","guid":{"rendered":"https:\/\/www.busbarmachine.co\/?post_type=product&#038;p=4455"},"modified":"2023-12-26T08:55:16","modified_gmt":"2023-12-26T00:55:16","slug":"ss-150-portable-hydraulic-busbar-cutting-machine","status":"publish","type":"product","link":"https:\/\/www.busbarmachine.co\/vi\/ss-150-portable-hydraulic-busbar-cutting-machine\/","title":{"rendered":"M\u00e1y c\u1eaft thanh c\u00e1i th\u1ee7y l\u1ef1c di \u0111\u1ed9ng SS-150"},"content":{"rendered":"<p>M\u00e1y c\u1eaft thanh c\u00e1i th\u1ee7y l\u1ef1c di \u0111\u1ed9ng \u00e1p d\u1ee5ng ph\u01b0\u01a1ng ph\u00e1p c\u1eaft m\u1ed9t m\u1eb7t, do \u0111\u00f3 l\u1ef1c c\u1eaft thanh c\u00e1i \u0111\u1ec1u h\u01a1n v\u00e0 \u0111\u01b0\u1eddng c\u1eaft m\u1ecbn v\u00e0 kh\u00f4ng c\u00f3 g\u1edd. \u0110\u1ed3ng th\u1eddi, \u0111\u00e3 b\u1ed5 sung th\u00eam v\u00edt \u0111i\u1ec1u ch\u1ec9nh \u0111\u1ed9 d\u00e0y. Khi c\u1eaft thanh c\u00e1i b\u1eb1ng \u0111\u1ed3ng v\u00e0 nh\u00f4m c\u00f3 k\u00edch th\u01b0\u1edbc kh\u00e1c nhau, c\u00f3 th\u1ec3 \u0111i\u1ec1u ch\u1ec9nh v\u00edt \u0111\u1ec3 duy tr\u00ec s\u1ef1 c\u00e2n b\u1eb1ng khi c\u1eaft. M\u00e1y c\u1eaft thanh c\u00e1i th\u1ee7y l\u1ef1c SUNSHINE\u00ae c\u00f3 th\u1ec3 \u0111\u01b0\u1ee3c s\u1eed d\u1ee5ng v\u1edbi b\u01a1m th\u1ee7y l\u1ef1c th\u1ee7 c\u00f4ng ho\u1eb7c \u0111i\u1ec7n.<\/p>","protected":false},"excerpt":{"rendered":"<p>M\u00e1y c\u1eaft thanh c\u00e1i th\u1ee7y l\u1ef1c di \u0111\u1ed9ng \u00e1p d\u1ee5ng ph\u01b0\u01a1ng ph\u00e1p c\u1eaft m\u1ed9t m\u1eb7t, do \u0111\u00f3 l\u1ef1c c\u1eaft thanh c\u00e1i \u0111\u1ec1u h\u01a1n v\u00e0 \u0111\u01b0\u1eddng c\u1eaft m\u1ecbn v\u00e0 kh\u00f4ng c\u00f3 g\u1edd. \u0110\u1ed3ng th\u1eddi, \u0111\u00e3 b\u1ed5 sung th\u00eam v\u00edt \u0111i\u1ec1u ch\u1ec9nh \u0111\u1ed9 d\u00e0y. Khi c\u1eaft thanh c\u00e1i b\u1eb1ng \u0111\u1ed3ng v\u00e0 nh\u00f4m c\u00f3 k\u00edch th\u01b0\u1edbc kh\u00e1c nhau, c\u00f3 th\u1ec3 \u0111i\u1ec1u ch\u1ec9nh v\u00edt \u0111\u1ec3 duy tr\u00ec s\u1ef1 c\u00e2n b\u1eb1ng khi c\u1eaft. M\u00e1y c\u1eaft thanh c\u00e1i th\u1ee7y l\u1ef1c SUNSHINE\u00ae c\u00f3 th\u1ec3 \u0111\u01b0\u1ee3c s\u1eed d\u1ee5ng v\u1edbi b\u01a1m th\u1ee7y l\u1ef1c th\u1ee7 c\u00f4ng ho\u1eb7c \u0111i\u1ec7n.<\/p>","protected":false},"featured_media":4388,"comment_status":"open","ping_status":"closed","template":"","meta":[],"product_brand":[],"product_cat":[28],"product_tag":[],"class_list":{"0":"post-4455","1":"product","2":"type-product","3":"status-publish","4":"has-post-thumbnail","6":"product_cat-portable-busbar-cutting-machine","8":"first","9":"instock","10":"shipping-taxable","11":"product-type-simple"},"acf":{"Model":"SS-150","Max.Force":"25 ton","motor power":"\u2014\u2014","Max.Thickness":"10mm","Max.Width":"150mm","cnc":"No","video":"https:\/\/www.youtube.com\/watch?v=q7AKB_v63Ak","description":"M\u00e1y c\u1eaft thanh c\u00e1i th\u1ee7y l\u1ef1c di \u0111\u1ed9ng \u00e1p d\u1ee5ng ph\u01b0\u01a1ng ph\u00e1p c\u1eaft m\u1ed9t m\u1eb7t, do \u0111\u00f3 l\u1ef1c c\u1eaft thanh c\u00e1i \u0111\u1ec1u h\u01a1n v\u00e0 \u0111\u01b0\u1eddng c\u1eaft m\u1ecbn v\u00e0 kh\u00f4ng c\u00f3 g\u1edd. \u0110\u1ed3ng th\u1eddi, \u0111\u00e3 b\u1ed5 sung th\u00eam v\u00edt \u0111i\u1ec1u ch\u1ec9nh \u0111\u1ed9 d\u00e0y. Khi c\u1eaft thanh c\u00e1i b\u1eb1ng \u0111\u1ed3ng v\u00e0 nh\u00f4m c\u00f3 k\u00edch th\u01b0\u1edbc kh\u00e1c nhau, c\u00f3 th\u1ec3 \u0111i\u1ec1u ch\u1ec9nh v\u00edt \u0111\u1ec3 duy tr\u00ec s\u1ef1 c\u00e2n b\u1eb1ng khi c\u1eaft. M\u00e1y c\u1eaft thanh c\u00e1i th\u1ee7y l\u1ef1c SUNSHINE\u00ae c\u00f3 th\u1ec3 \u0111\u01b0\u1ee3c s\u1eed d\u1ee5ng v\u1edbi b\u01a1m th\u1ee7y l\u1ef1c th\u1ee7 c\u00f4ng ho\u1eb7c \u0111i\u1ec7n.","product_parameters":{"acftf":{"v":"1.3.20"},"p":{"o":{"uh":0},"ca":""},"c":[{"p":""},{"p":""}],"h":[{"c":""},{"c":""}],"b":[[{"c":"Mold"},{"c":"SS-150\t"}],[{"c":"Output"},{"c":"25ton"}],[{"c":"Max.Thickness"},{"c":"10mm"}],[{"c":"Max.Width"},{"c":"150mm"}],[{"c":"Weight"},{"c":"30kg"}],[{"c":"Size"},{"c":"270 x 150 x 410mm\n"}]]},"gallery 1":[4385,4390,4387]},"_links":{"self":[{"href":"https:\/\/www.busbarmachine.co\/vi\/wp-json\/wp\/v2\/product\/4455","targetHints":{"allow":["GET"]}}],"collection":[{"href":"https:\/\/www.busbarmachine.co\/vi\/wp-json\/wp\/v2\/product"}],"about":[{"href":"https:\/\/www.busbarmachine.co\/vi\/wp-json\/wp\/v2\/types\/product"}],"replies":[{"embeddable":true,"href":"https:\/\/www.busbarmachine.co\/vi\/wp-json\/wp\/v2\/comments?post=4455"}],"acf:attachment":[{"embeddable":true,"href":"https:\/\/www.busbarmachine.co\/vi\/wp-json\/wp\/v2\/media\/4387"},{"embeddable":true,"href":"https:\/\/www.busbarmachine.co\/vi\/wp-json\/wp\/v2\/media\/4390"},{"embeddable":true,"href":"https:\/\/www.busbarmachine.co\/vi\/wp-json\/wp\/v2\/media\/4385"}],"wp:featuredmedia":[{"embeddable":true,"href":"https:\/\/www.busbarmachine.co\/vi\/wp-json\/wp\/v2\/media\/4388"}],"wp:attachment":[{"href":"https:\/\/www.busbarmachine.co\/vi\/wp-json\/wp\/v2\/media?parent=4455"}],"wp:term":[{"taxonomy":"product_brand","embeddable":true,"href":"https:\/\/www.busbarmachine.co\/vi\/wp-json\/wp\/v2\/product_brand?post=4455"},{"taxonomy":"product_cat","embeddable":true,"href":"https:\/\/www.busbarmachine.co\/vi\/wp-json\/wp\/v2\/product_cat?post=4455"},{"taxonomy":"product_tag","embeddable":true,"href":"https:\/\/www.busbarmachine.co\/vi\/wp-json\/wp\/v2\/product_tag?post=4455"}],"curies":[{"name":"wp","href":"https:\/\/api.w.org\/{rel}","templated":true}]}}