{"id":4339,"date":"2023-12-02T20:56:26","date_gmt":"2023-12-02T12:56:26","guid":{"rendered":"https:\/\/www.busbarmachine.co\/?post_type=product&#038;p=4339"},"modified":"2023-12-26T08:53:54","modified_gmt":"2023-12-26T00:53:54","slug":"ss-150d-portable-hydraulic-busbar-bending-machine","status":"publish","type":"product","link":"https:\/\/www.busbarmachine.co\/vi\/ss-150d-portable-hydraulic-busbar-bending-machine\/","title":{"rendered":"M\u00e1y u\u1ed1n thanh c\u00e1i th\u1ee7y l\u1ef1c di \u0111\u1ed9ng SS-150D"},"content":{"rendered":"<p>M\u00e1y u\u1ed1n thanh c\u00e1i th\u1ee7y l\u1ef1c di \u0111\u1ed9ng th\u01b0\u1eddng \u0111\u01b0\u1ee3c s\u1eed d\u1ee5ng \u0111\u1ec3 u\u1ed1n h\u00e0ng lo\u1ea1t thanh c\u00e1i \u0111\u1ed3ng v\u00e0 nh\u00f4m t\u1ea1i ch\u1ed7 v\u00e0 t\u1ea1i c\u00e1c v\u1ecb tr\u00ed c\u1ed1 \u0111\u1ecbnh. M\u00e1y u\u1ed1n thanh c\u00e1i di \u0111\u1ed9ng \u0111\u01b0\u1ee3c ph\u00e1t tri\u1ec3n s\u00e1ng t\u1ea1o b\u1eb1ng c\u00f4ng ngh\u1ec7 SUNSHINE\u00ae. N\u00f3 s\u1eed d\u1ee5ng nh\u00f3m \u0111\u01a1n v\u1ecb piston r\u1ed9ng \u0111\u1ec3 l\u00e0m cho l\u1ef1c u\u1ed1n thanh c\u00e1i \u0111\u1ed3ng \u0111\u1ec1u h\u01a1n; thi\u1ebft k\u1ebf chia t\u00e1ch c\u00f3 th\u1ec3 \u0111\u01b0\u1ee3c s\u1eed d\u1ee5ng v\u1edbi b\u1ea5t k\u1ef3 b\u01a1m th\u1ee7y l\u1ef1c n\u00e0o (th\u1ee7 c\u00f4ng ho\u1eb7c \u0111i\u1ec7n); th\u00eam c\u00e1c thang \u0111o ch\u00ednh x\u00e1c c\u00f3 th\u1ec3 T\u00f9y ch\u1ec9nh \u0111\u1ec3 u\u1ed1n theo b\u1ea5t k\u1ef3 g\u00f3c n\u00e0o khi c\u1ea7n.<\/p>","protected":false},"excerpt":{"rendered":"<p>M\u00e1y u\u1ed1n thanh c\u00e1i th\u1ee7y l\u1ef1c di \u0111\u1ed9ng th\u01b0\u1eddng \u0111\u01b0\u1ee3c s\u1eed d\u1ee5ng \u0111\u1ec3 u\u1ed1n h\u00e0ng lo\u1ea1t thanh c\u00e1i \u0111\u1ed3ng v\u00e0 nh\u00f4m t\u1ea1i ch\u1ed7 v\u00e0 t\u1ea1i c\u00e1c v\u1ecb tr\u00ed c\u1ed1 \u0111\u1ecbnh. M\u00e1y u\u1ed1n thanh c\u00e1i di \u0111\u1ed9ng \u0111\u01b0\u1ee3c ph\u00e1t tri\u1ec3n s\u00e1ng t\u1ea1o b\u1eb1ng c\u00f4ng ngh\u1ec7 SUNSHINE\u00ae. N\u00f3 s\u1eed d\u1ee5ng nh\u00f3m \u0111\u01a1n v\u1ecb piston r\u1ed9ng \u0111\u1ec3 l\u00e0m cho l\u1ef1c u\u1ed1n thanh c\u00e1i \u0111\u1ed3ng \u0111\u1ec1u h\u01a1n; thi\u1ebft k\u1ebf chia t\u00e1ch c\u00f3 th\u1ec3 \u0111\u01b0\u1ee3c s\u1eed d\u1ee5ng v\u1edbi b\u1ea5t k\u1ef3 b\u01a1m th\u1ee7y l\u1ef1c n\u00e0o (th\u1ee7 c\u00f4ng ho\u1eb7c \u0111i\u1ec7n); th\u00eam c\u00e1c thang \u0111o ch\u00ednh x\u00e1c c\u00f3 th\u1ec3 T\u00f9y ch\u1ec9nh \u0111\u1ec3 u\u1ed1n theo b\u1ea5t k\u1ef3 g\u00f3c n\u00e0o khi c\u1ea7n.<\/p>","protected":false},"featured_media":4420,"comment_status":"open","ping_status":"closed","template":"","meta":[],"product_brand":[],"product_cat":[26],"product_tag":[],"class_list":{"0":"post-4339","1":"product","2":"type-product","3":"status-publish","4":"has-post-thumbnail","6":"product_cat-portable-busbar-bending-machine","8":"first","9":"instock","10":"shipping-taxable","11":"product-type-simple"},"acf":{"Model":"SS-150D","Max.Force":"20 ton","motor power":"\u2014\u2014","Max.Thickness":"10mm","Max.Width":"150mm","cnc":"Yes","video":"https:\/\/www.youtube.com\/watch?v=HBSEv5oN7AQ","description":"M\u00e1y u\u1ed1n thanh c\u00e1i th\u1ee7y l\u1ef1c di \u0111\u1ed9ng th\u01b0\u1eddng \u0111\u01b0\u1ee3c s\u1eed d\u1ee5ng \u0111\u1ec3 u\u1ed1n h\u00e0ng lo\u1ea1t thanh c\u00e1i \u0111\u1ed3ng v\u00e0 nh\u00f4m t\u1ea1i ch\u1ed7 v\u00e0 t\u1ea1i c\u00e1c v\u1ecb tr\u00ed c\u1ed1 \u0111\u1ecbnh. M\u00e1y u\u1ed1n thanh c\u00e1i di \u0111\u1ed9ng \u0111\u01b0\u1ee3c ph\u00e1t tri\u1ec3n s\u00e1ng t\u1ea1o b\u1eb1ng c\u00f4ng ngh\u1ec7 SUNSHINE\u00ae. N\u00f3 s\u1eed d\u1ee5ng nh\u00f3m \u0111\u01a1n v\u1ecb piston r\u1ed9ng \u0111\u1ec3 l\u00e0m cho l\u1ef1c u\u1ed1n thanh c\u00e1i \u0111\u1ed3ng \u0111\u1ec1u h\u01a1n; thi\u1ebft k\u1ebf chia t\u00e1ch c\u00f3 th\u1ec3 \u0111\u01b0\u1ee3c s\u1eed d\u1ee5ng v\u1edbi b\u1ea5t k\u1ef3 b\u01a1m th\u1ee7y l\u1ef1c n\u00e0o (th\u1ee7 c\u00f4ng ho\u1eb7c \u0111i\u1ec7n); th\u00eam c\u00e1c thang \u0111o ch\u00ednh x\u00e1c c\u00f3 th\u1ec3 T\u00f9y ch\u1ec9nh \u0111\u1ec3 u\u1ed1n theo b\u1ea5t k\u1ef3 g\u00f3c n\u00e0o khi c\u1ea7n.","product_parameters":{"acftf":{"v":"1.3.20"},"p":{"o":{"uh":0},"ca":""},"c":[{"p":""},{"p":""}],"h":[{"c":""},{"c":""}],"b":[[{"c":"Mold"},{"c":"SS-150D"}],[{"c":"Output"},{"c":"20ton"}],[{"c":"Max.Thickness"},{"c":"10mm"}],[{"c":"Max.Width"},{"c":"150mm"}],[{"c":"Weight"},{"c":"\t21kg"}],[{"c":"Size"},{"c":"360 x 130 x 260mm"}]]},"gallery 1":[4446,4445,4444,4441,4439,4437,4450,4451,4452,4453]},"_links":{"self":[{"href":"https:\/\/www.busbarmachine.co\/vi\/wp-json\/wp\/v2\/product\/4339","targetHints":{"allow":["GET"]}}],"collection":[{"href":"https:\/\/www.busbarmachine.co\/vi\/wp-json\/wp\/v2\/product"}],"about":[{"href":"https:\/\/www.busbarmachine.co\/vi\/wp-json\/wp\/v2\/types\/product"}],"replies":[{"embeddable":true,"href":"https:\/\/www.busbarmachine.co\/vi\/wp-json\/wp\/v2\/comments?post=4339"}],"acf:attachment":[{"embeddable":true,"href":"https:\/\/www.busbarmachine.co\/vi\/wp-json\/wp\/v2\/media\/4453"},{"embeddable":true,"href":"https:\/\/www.busbarmachine.co\/vi\/wp-json\/wp\/v2\/media\/4452"},{"embeddable":true,"href":"https:\/\/www.busbarmachine.co\/vi\/wp-json\/wp\/v2\/media\/4451"},{"embeddable":true,"href":"https:\/\/www.busbarmachine.co\/vi\/wp-json\/wp\/v2\/media\/4450"},{"embeddable":true,"href":"https:\/\/www.busbarmachine.co\/vi\/wp-json\/wp\/v2\/media\/4437"},{"embeddable":true,"href":"https:\/\/www.busbarmachine.co\/vi\/wp-json\/wp\/v2\/media\/4439"},{"embeddable":true,"href":"https:\/\/www.busbarmachine.co\/vi\/wp-json\/wp\/v2\/media\/4441"},{"embeddable":true,"href":"https:\/\/www.busbarmachine.co\/vi\/wp-json\/wp\/v2\/media\/4444"},{"embeddable":true,"href":"https:\/\/www.busbarmachine.co\/vi\/wp-json\/wp\/v2\/media\/4445"},{"embeddable":true,"href":"https:\/\/www.busbarmachine.co\/vi\/wp-json\/wp\/v2\/media\/4446"}],"wp:featuredmedia":[{"embeddable":true,"href":"https:\/\/www.busbarmachine.co\/vi\/wp-json\/wp\/v2\/media\/4420"}],"wp:attachment":[{"href":"https:\/\/www.busbarmachine.co\/vi\/wp-json\/wp\/v2\/media?parent=4339"}],"wp:term":[{"taxonomy":"product_brand","embeddable":true,"href":"https:\/\/www.busbarmachine.co\/vi\/wp-json\/wp\/v2\/product_brand?post=4339"},{"taxonomy":"product_cat","embeddable":true,"href":"https:\/\/www.busbarmachine.co\/vi\/wp-json\/wp\/v2\/product_cat?post=4339"},{"taxonomy":"product_tag","embeddable":true,"href":"https:\/\/www.busbarmachine.co\/vi\/wp-json\/wp\/v2\/product_tag?post=4339"}],"curies":[{"name":"wp","href":"https:\/\/api.w.org\/{rel}","templated":true}]}}