{"id":4282,"date":"2023-12-01T16:02:14","date_gmt":"2023-12-01T08:02:14","guid":{"rendered":"https:\/\/www.busbarmachine.co\/?post_type=product&#038;p=4282"},"modified":"2025-02-24T11:17:14","modified_gmt":"2025-02-24T03:17:14","slug":"ns-603c-8p-cnc-busbar-punching-cutting-machine","status":"publish","type":"product","link":"https:\/\/www.busbarmachine.co\/vi\/ns-603c-8p-cnc-busbar-punching-cutting-machine\/","title":{"rendered":"M\u00e1y c\u1eaft \u0111\u1ed9t thanh c\u00e1i CNC MX-602K-7C"},"content":{"rendered":"<p>M\u00e1y \u0111\u1ed9t thanh c\u00e1i SunShine\u00ae MX-602K-7C l\u00e0 m\u00e1y gia c\u00f4ng thanh c\u00e1i CNC hi\u1ec7u su\u1ea5t cao t\u00edch h\u1ee3p \u0111\u1ed9t v\u00e0 c\u1eaft. M\u00e1y \u0111\u1ed9t v\u00e0 c\u1eaft thanh c\u00e1i CNC MX-602K-7C s\u1eed d\u1ee5ng khung khu\u00f4n c\u1ed9t th\u1eb3ng v\u1edbi 7 \u0111\u1ed9t, 1 c\u1eaft v\u00e0 1 d\u1eadp n\u1ed5i \u0111\u1ec3 \u0111\u1ea3m b\u1ea3o \u0111\u1ed9 \u0111\u1ed3ng t\u00e2m c\u1ee7a khu\u00f4n tr\u00ean v\u00e0 d\u01b0\u1edbi trong qu\u00e1 tr\u00ecnh s\u1eed d\u1ee5ng l\u00e2u d\u00e0i trong qu\u00e1 tr\u00ecnh gia c\u00f4ng. M\u00e1y c\u0169ng \u0111\u01b0\u1ee3c trang b\u1ecb h\u1ec7 th\u1ed1ng \u0111i\u1ec1u khi\u1ec3n CNC v\u00e0 h\u1ec7 th\u1ed1ng CAD\/CAM, gi\u00fap c\u1ea3i thi\u1ec7n \u0111\u00e1ng k\u1ec3 hi\u1ec7u qu\u1ea3 s\u1ea3n xu\u1ea5t \u0111\u1ed9t v\u00e0 c\u1eaft thanh c\u00e1i. Nh\u1eadn gi\u00e1 m\u00e1y \u0111\u1ed9t v\u00e0 c\u1eaft thanh c\u00e1i m\u1edbi nh\u1ea5t, h\u00e3y li\u00ean h\u1ec7 v\u1edbi ch\u00fang t\u00f4i ngay.<\/p>","protected":false},"excerpt":{"rendered":"<p>SunShine\u00ae l\u00e0 nh\u00e0 s\u1ea3n xu\u1ea5t m\u00e1y \u0111\u1ed9t v\u00e0 c\u1eaft thanh c\u00e1i CNC c\u1ee7a Trung Qu\u1ed1c v\u00e0 l\u00e0 nh\u00e0 cung c\u1ea5p m\u00e1y \u0111\u1ed9t v\u00e0 c\u1eaft thanh c\u00e1i CNC. M\u00e1y \u0111\u1ed9t v\u00e0 c\u1eaft thanh c\u00e1i CNC MX-602K-7C s\u1eed d\u1ee5ng khung khu\u00f4n c\u1ed9t th\u1eb3ng v\u1edbi 7 l\u1ea7n \u0111\u1ed9t + 1 l\u1ea7n c\u1eaft + 1 l\u1ea7n d\u1eadp n\u1ed5i, khu\u00f4n tr\u00ean v\u00e0 d\u01b0\u1edbi c\u00f3 \u0111\u1ed9 \u0111\u1ed3ng t\u00e2m cao. M\u00e1y \u0111\u1ed9t v\u00e0 c\u1eaft thanh c\u00e1i CNC MX-602K-7C c\u00f3 th\u1ec3 c\u1eaft v\u00e0 \u0111\u1ed9t thanh c\u00e1i b\u1eb1ng \u0111\u1ed3ng v\u00e0 nh\u00f4m (nhi\u1ec1u l\u1ed7 tr\u00f2n\/l\u1ed7 vu\u00f4ng\/l\u1ed7 \u0111\u1eb7c bi\u1ec7t, lo\u1ea1i r\u00e3nh). Nh\u1eadn gi\u00e1 m\u00e1y \u0111\u1ed9t v\u00e0 c\u1eaft thanh c\u00e1i m\u1edbi nh\u1ea5t, h\u00e3y li\u00ean h\u1ec7 v\u1edbi ch\u00fang t\u00f4i ngay.<\/p>\n<p>&nbsp;<\/p>","protected":false},"featured_media":7394,"comment_status":"open","ping_status":"closed","template":"","meta":[],"product_brand":[],"product_cat":[44],"product_tag":[],"class_list":{"0":"post-4282","1":"product","2":"type-product","3":"status-publish","4":"has-post-thumbnail","6":"product_cat-cnc-busbar-punching-machine","8":"first","9":"instock","10":"shipping-taxable","11":"product-type-simple"},"acf":{"Model":"MX-602K-7C","Max.Force":"600KN","motor power":"25kw","Max.Thickness":"15mm","Max.Width":"200mm","cnc":"Yes","video":"https:\/\/youtu.be\/ckKyb3lkXqU","description":"M\u00e1y \u0111\u1ed9t thanh c\u00e1i SunShine\u00ae MX-602K-7C l\u00e0 m\u00e1y gia c\u00f4ng thanh c\u00e1i CNC hi\u1ec7u su\u1ea5t cao t\u00edch h\u1ee3p \u0111\u1ed9t v\u00e0 c\u1eaft. M\u00e1y \u0111\u1ed9t v\u00e0 c\u1eaft thanh c\u00e1i CNC MX-602K-7C s\u1eed d\u1ee5ng khung khu\u00f4n c\u1ed9t th\u1eb3ng v\u1edbi 7 \u0111\u1ed9t, 1 c\u1eaft v\u00e0 1 d\u1eadp n\u1ed5i \u0111\u1ec3 \u0111\u1ea3m b\u1ea3o \u0111\u1ed9 \u0111\u1ed3ng t\u00e2m c\u1ee7a khu\u00f4n tr\u00ean v\u00e0 d\u01b0\u1edbi trong qu\u00e1 tr\u00ecnh s\u1eed d\u1ee5ng l\u00e2u d\u00e0i trong qu\u00e1 tr\u00ecnh gia c\u00f4ng. M\u00e1y c\u0169ng \u0111\u01b0\u1ee3c trang b\u1ecb h\u1ec7 th\u1ed1ng \u0111i\u1ec1u khi\u1ec3n CNC v\u00e0 h\u1ec7 th\u1ed1ng CAD\/CAM, gi\u00fap c\u1ea3i thi\u1ec7n \u0111\u00e1ng k\u1ec3 hi\u1ec7u qu\u1ea3 s\u1ea3n xu\u1ea5t \u0111\u1ed9t v\u00e0 c\u1eaft thanh c\u00e1i. Nh\u1eadn gi\u00e1 m\u00e1y \u0111\u1ed9t v\u00e0 c\u1eaft thanh c\u00e1i m\u1edbi nh\u1ea5t, h\u00e3y li\u00ean h\u1ec7 v\u1edbi ch\u00fang t\u00f4i ngay.","product_parameters":{"acftf":{"v":"1.3.26"},"p":{"o":{"uh":0},"ca":""},"c":[{"p":""},{"p":""}],"h":[{"c":""},{"c":""}],"b":[[{"c":"Mold"},{"c":"MX-602K-7C"}],[{"c":"Max.Force"},{"c":"600KN\n"}],[{"c":"Feeding Station Size"},{"c":"3000 x 500mm"}],[{"c":"Out Station Size"},{"c":"2500 x 500mm"}],[{"c":"Max.Metal Plate Size"},{"c":"6000 x 200 x 15mm"}],[{"c":"Max Processing Thickness"},{"c":"15mm"}],[{"c":"Max Processing Width"},{"c":"200mm"}],[{"c":"Max Punching Diameter"},{"c":"\u22054.3\u2014\u220555mm"}],[{"c":"Max.Number of Shearing Mold"},{"c":"1"}],[{"c":"Max.Number of Punching Mold"},{"c":"7"}],[{"c":"Max.Number of Embossing Mold"},{"c":"1"}],[{"c":"Max Stroke of X-axis"},{"c":"2000mm"}],[{"c":"X-axis Accuracy Error"},{"c":"0.10\/500mm"}],[{"c":"Max Stroke of Y-axis"},{"c":"960mm"}],[{"c":"Y-axis Accuracy Error"},{"c":"0.10\/500mm"}],[{"c":"Max Stroke of Z-axis"},{"c":"310mm"}],[{"c":"X-axis Max Positioning Speed"},{"c":"75m\/min"}],[{"c":"Stroke of Beat Cylinder"},{"c":"\t45mm"}],[{"c":"Number of Control Axles"},{"c":"6"}],[{"c":"Size(L x W x Z )"},{"c":"10500 x 2750 x 1800mm"}],[{"c":"Weight"},{"c":"6700kg"}]]},"gallery 1":[4249,4256,4236,4259,4228,4219,4220,4253,4246,4257,4244,4261]},"_links":{"self":[{"href":"https:\/\/www.busbarmachine.co\/vi\/wp-json\/wp\/v2\/product\/4282","targetHints":{"allow":["GET"]}}],"collection":[{"href":"https:\/\/www.busbarmachine.co\/vi\/wp-json\/wp\/v2\/product"}],"about":[{"href":"https:\/\/www.busbarmachine.co\/vi\/wp-json\/wp\/v2\/types\/product"}],"replies":[{"embeddable":true,"href":"https:\/\/www.busbarmachine.co\/vi\/wp-json\/wp\/v2\/comments?post=4282"}],"acf:attachment":[{"embeddable":true,"href":"https:\/\/www.busbarmachine.co\/vi\/wp-json\/wp\/v2\/media\/4261"},{"embeddable":true,"href":"https:\/\/www.busbarmachine.co\/vi\/wp-json\/wp\/v2\/media\/4244"},{"embeddable":true,"href":"https:\/\/www.busbarmachine.co\/vi\/wp-json\/wp\/v2\/media\/4257"},{"embeddable":true,"href":"https:\/\/www.busbarmachine.co\/vi\/wp-json\/wp\/v2\/media\/4246"},{"embeddable":true,"href":"https:\/\/www.busbarmachine.co\/vi\/wp-json\/wp\/v2\/media\/4253"},{"embeddable":true,"href":"https:\/\/www.busbarmachine.co\/vi\/wp-json\/wp\/v2\/media\/4220"},{"embeddable":true,"href":"https:\/\/www.busbarmachine.co\/vi\/wp-json\/wp\/v2\/media\/4219"},{"embeddable":true,"href":"https:\/\/www.busbarmachine.co\/vi\/wp-json\/wp\/v2\/media\/4228"},{"embeddable":true,"href":"https:\/\/www.busbarmachine.co\/vi\/wp-json\/wp\/v2\/media\/4259"},{"embeddable":true,"href":"https:\/\/www.busbarmachine.co\/vi\/wp-json\/wp\/v2\/media\/4236"},{"embeddable":true,"href":"https:\/\/www.busbarmachine.co\/vi\/wp-json\/wp\/v2\/media\/4256"},{"embeddable":true,"href":"https:\/\/www.busbarmachine.co\/vi\/wp-json\/wp\/v2\/media\/4249"}],"wp:featuredmedia":[{"embeddable":true,"href":"https:\/\/www.busbarmachine.co\/vi\/wp-json\/wp\/v2\/media\/7394"}],"wp:attachment":[{"href":"https:\/\/www.busbarmachine.co\/vi\/wp-json\/wp\/v2\/media?parent=4282"}],"wp:term":[{"taxonomy":"product_brand","embeddable":true,"href":"https:\/\/www.busbarmachine.co\/vi\/wp-json\/wp\/v2\/product_brand?post=4282"},{"taxonomy":"product_cat","embeddable":true,"href":"https:\/\/www.busbarmachine.co\/vi\/wp-json\/wp\/v2\/product_cat?post=4282"},{"taxonomy":"product_tag","embeddable":true,"href":"https:\/\/www.busbarmachine.co\/vi\/wp-json\/wp\/v2\/product_tag?post=4282"}],"curies":[{"name":"wp","href":"https:\/\/api.w.org\/{rel}","templated":true}]}}