{"id":4214,"date":"2023-12-01T14:38:49","date_gmt":"2023-12-01T06:38:49","guid":{"rendered":"https:\/\/www.busbarmachine.co\/?post_type=product&#038;p=4214"},"modified":"2025-02-23T18:23:12","modified_gmt":"2025-02-23T10:23:12","slug":"nc-40z-2000-servo-cnc-busbar-bending-machine","status":"publish","type":"product","link":"https:\/\/www.busbarmachine.co\/vi\/nc-40z-2000-servo-cnc-busbar-bending-machine\/","title":{"rendered":"M\u00e1y u\u1ed1n thanh c\u00e1i CNC NC.40Z-2000"},"content":{"rendered":"<p>SunShine\u00ae NC.40Z-2000 CNC busbar machine is a high-precision busbar bending machine with self-developed CNC control system and CAD\/CAM system. CNC busbar bending machine has the remarkable characteristics of high precision, high efficiency and automation, and is often used for busbar bending processing that requires high precision in bending. To get busbar bending machine prices and obtain related technical materials, contact us now.<\/p>","protected":false},"excerpt":{"rendered":"<p>SunShine\u00ae l\u00e0 nh\u00e0 s\u1ea3n xu\u1ea5t m\u00e1y u\u1ed1n thanh c\u00e1i CNC v\u00e0 nh\u00e0 cung c\u1ea5p m\u00e1y gia c\u00f4ng thanh c\u00e1i CNC c\u1ee7a Trung Qu\u1ed1c. M\u00e1y u\u1ed1n thanh c\u00e1i CNC NC.40Z-2000 c\u00f3 \u0111\u1eb7c \u0111i\u1ec3m l\u00e0 \u0111\u1ed9 ch\u00ednh x\u00e1c cao, hi\u1ec7u su\u1ea5t cao v\u00e0 t\u1ef1 \u0111\u1ed9ng h\u00f3a. Nh\u1eadn gi\u00e1 m\u00e1y u\u1ed1n thanh c\u00e1i m\u1edbi nh\u1ea5t, h\u00e3y li\u00ean h\u1ec7 v\u1edbi ch\u00fang t\u00f4i ngay.<\/p>","protected":false},"featured_media":7417,"comment_status":"open","ping_status":"closed","template":"","meta":[],"product_brand":[],"product_cat":[43],"product_tag":[],"class_list":{"0":"post-4214","1":"product","2":"type-product","3":"status-publish","4":"has-post-thumbnail","6":"product_cat-cnc-busbar-bending-machine","8":"first","9":"instock","10":"shipping-taxable","11":"product-type-simple"},"acf":{"Model":"NC.40Z-2000","Max.Force":"400KN","motor power":"5.5kw","Max.Thickness":"15mm","Max.Width":"200mm","cnc":"Yes","video":"https:\/\/youtu.be\/oQRTykASpjY","description":"M\u00e1y thanh c\u00e1i CNC SunShine\u00ae NC.40Z-2000 l\u00e0 m\u00e1y u\u1ed1n thanh c\u00e1i c\u00f3 \u0111\u1ed9 ch\u00ednh x\u00e1c cao v\u1edbi h\u1ec7 th\u1ed1ng \u0111i\u1ec1u khi\u1ec3n CNC t\u1ef1 ph\u00e1t tri\u1ec3n v\u00e0 h\u1ec7 th\u1ed1ng CAD\/CAM. M\u00e1y u\u1ed1n thanh c\u00e1i CNC c\u00f3 \u0111\u1eb7c \u0111i\u1ec3m \u0111\u00e1ng ch\u00fa \u00fd l\u00e0 \u0111\u1ed9 ch\u00ednh x\u00e1c cao, hi\u1ec7u su\u1ea5t cao v\u00e0 t\u1ef1 \u0111\u1ed9ng h\u00f3a, th\u01b0\u1eddng \u0111\u01b0\u1ee3c s\u1eed d\u1ee5ng \u0111\u1ec3 gia c\u00f4ng u\u1ed1n thanh c\u00e1i \u0111\u00f2i h\u1ecfi \u0111\u1ed9 ch\u00ednh x\u00e1c cao khi u\u1ed1n. \u0110\u1ec3 bi\u1ebft gi\u00e1 m\u00e1y u\u1ed1n thanh c\u00e1i v\u00e0 c\u00f3 \u0111\u01b0\u1ee3c c\u00e1c t\u00e0i li\u1ec7u k\u1ef9 thu\u1eadt li\u00ean quan, <a style=\"color: #000080; text-decoration: underline;\" href=\"https:\/\/www.busbarmachine.co\/vi\/contact-us\/\">li\u00ean h\u1ec7 v\u1edbi ch\u00fang t\u00f4i ngay<\/a>.","product_parameters":{"acftf":{"v":"1.3.20"},"p":{"o":{"uh":0},"ca":""},"c":[{"p":""},{"p":""}],"h":[{"c":""},{"c":""}],"b":[[{"c":"Mold"},{"c":"NC.40Z-1200"}],[{"c":"Nomianl Pressure"},{"c":"400KN"}],[{"c":"Hydraulic Cylinder Stroke"},{"c":"250mm"}],[{"c":"Main Motor Power"},{"c":"5.5kw"}],[{"c":"Gauge Length"},{"c":"1200mm"}],[{"c":"Gauge Accuracy"},{"c":"+\/-0.15"}],[{"c":"Bending Accuracy"},{"c":"+\/-0.3\u00b0"}],[{"c":"Bending Head(Y Axis)"},{"c":"\tFastest 5m\/min; low: 1.25m\/min"}],[{"c":"Max Moting Speed of Side striker(X Axis)"},{"c":"15m\/min"}],[{"c":"Y-axis Repeat Positioning Accuracy"},{"c":"+\/-0.02"}],[{"c":"Max Bending Angle"},{"c":"90\u00b0"}],[{"c":"Horizontal Bending Max.Size"},{"c":"15mm x 160mm"}],[{"c":"Vertical Bending Max.Size"},{"c":"12mm x 120mm"}],[{"c":"Y-axis Servo Motor Power"},{"c":"\t5.5kw"}],[{"c":"X-axis Servo Motor Power"},{"c":"0.75kw"}],[{"c":"Weight"},{"c":"2500kg"}],[{"c":"Size"},{"c":"3500mm x 1450mm x 1850mm"}]]},"gallery 1":[4167,4155,4152,4168,4192,4179,4161,4175,4186,4187,4142,4185]},"_links":{"self":[{"href":"https:\/\/www.busbarmachine.co\/vi\/wp-json\/wp\/v2\/product\/4214","targetHints":{"allow":["GET"]}}],"collection":[{"href":"https:\/\/www.busbarmachine.co\/vi\/wp-json\/wp\/v2\/product"}],"about":[{"href":"https:\/\/www.busbarmachine.co\/vi\/wp-json\/wp\/v2\/types\/product"}],"replies":[{"embeddable":true,"href":"https:\/\/www.busbarmachine.co\/vi\/wp-json\/wp\/v2\/comments?post=4214"}],"acf:attachment":[{"embeddable":true,"href":"https:\/\/www.busbarmachine.co\/vi\/wp-json\/wp\/v2\/media\/4185"},{"embeddable":true,"href":"https:\/\/www.busbarmachine.co\/vi\/wp-json\/wp\/v2\/media\/4142"},{"embeddable":true,"href":"https:\/\/www.busbarmachine.co\/vi\/wp-json\/wp\/v2\/media\/4187"},{"embeddable":true,"href":"https:\/\/www.busbarmachine.co\/vi\/wp-json\/wp\/v2\/media\/4186"},{"embeddable":true,"href":"https:\/\/www.busbarmachine.co\/vi\/wp-json\/wp\/v2\/media\/4175"},{"embeddable":true,"href":"https:\/\/www.busbarmachine.co\/vi\/wp-json\/wp\/v2\/media\/4161"},{"embeddable":true,"href":"https:\/\/www.busbarmachine.co\/vi\/wp-json\/wp\/v2\/media\/4179"},{"embeddable":true,"href":"https:\/\/www.busbarmachine.co\/vi\/wp-json\/wp\/v2\/media\/4192"},{"embeddable":true,"href":"https:\/\/www.busbarmachine.co\/vi\/wp-json\/wp\/v2\/media\/4168"},{"embeddable":true,"href":"https:\/\/www.busbarmachine.co\/vi\/wp-json\/wp\/v2\/media\/4152"},{"embeddable":true,"href":"https:\/\/www.busbarmachine.co\/vi\/wp-json\/wp\/v2\/media\/4155"},{"embeddable":true,"href":"https:\/\/www.busbarmachine.co\/vi\/wp-json\/wp\/v2\/media\/4167"}],"wp:featuredmedia":[{"embeddable":true,"href":"https:\/\/www.busbarmachine.co\/vi\/wp-json\/wp\/v2\/media\/7417"}],"wp:attachment":[{"href":"https:\/\/www.busbarmachine.co\/vi\/wp-json\/wp\/v2\/media?parent=4214"}],"wp:term":[{"taxonomy":"product_brand","embeddable":true,"href":"https:\/\/www.busbarmachine.co\/vi\/wp-json\/wp\/v2\/product_brand?post=4214"},{"taxonomy":"product_cat","embeddable":true,"href":"https:\/\/www.busbarmachine.co\/vi\/wp-json\/wp\/v2\/product_cat?post=4214"},{"taxonomy":"product_tag","embeddable":true,"href":"https:\/\/www.busbarmachine.co\/vi\/wp-json\/wp\/v2\/product_tag?post=4214"}],"curies":[{"name":"wp","href":"https:\/\/api.w.org\/{rel}","templated":true}]}}