{"id":4140,"date":"2023-11-30T21:00:59","date_gmt":"2023-11-30T13:00:59","guid":{"rendered":"https:\/\/www.busbarmachine.co\/?post_type=product&#038;p=4140"},"modified":"2025-02-23T18:23:29","modified_gmt":"2025-02-23T10:23:29","slug":"nc-40z-1200-cnc-busbar-bending-machine","status":"publish","type":"product","link":"https:\/\/www.busbarmachine.co\/vi\/nc-40z-1200-cnc-busbar-bending-machine\/","title":{"rendered":"M\u00e1y u\u1ed1n thanh c\u00e1i CNC NC.40Z-1200"},"content":{"rendered":"<p>SunShine\u00ae NC.40Z-1200 busbar machine is an automatic CNC busbar bending machine, used for bending copper and aluminum busbars. NC.40Z-1200 busbar bending machine adopts advanced CNC numerical control system and CAD\/CAM system. The busbar bending processing has the remarkable characteristics of high precision, high efficiency and automation. To learn about the latest busbar bending machine prices and obtain related technical materials, contact us now.<\/p>","protected":false},"excerpt":{"rendered":"<p>SunShine\u00ae l\u00e0 nh\u00e0 s\u1ea3n xu\u1ea5t m\u00e1y u\u1ed1n thanh c\u00e1i Trung Qu\u1ed1c chuy\u00ean v\u1ec1 u\u1ed1n thanh c\u00e1i. M\u00e1y u\u1ed1n thanh c\u00e1i CNC NC.40Z-1200 c\u00f3 \u0111\u1eb7c \u0111i\u1ec3m l\u00e0 \u0111\u1ed9 ch\u00ednh x\u00e1c cao, hi\u1ec7u su\u1ea5t cao v\u00e0 t\u1ef1 \u0111\u1ed9ng h\u00f3a. Nh\u1eadn gi\u00e1 m\u00e1y u\u1ed1n thanh c\u00e1i m\u1edbi nh\u1ea5t, h\u00e3y li\u00ean h\u1ec7 v\u1edbi ch\u00fang t\u00f4i ngay.<\/p>","protected":false},"featured_media":7416,"comment_status":"open","ping_status":"closed","template":"","meta":[],"product_brand":[],"product_cat":[43],"product_tag":[],"class_list":{"0":"post-4140","1":"product","2":"type-product","3":"status-publish","4":"has-post-thumbnail","6":"product_cat-cnc-busbar-bending-machine","8":"first","9":"instock","10":"shipping-taxable","11":"product-type-simple"},"acf":{"Model":"NC.40Z-1200","Max.Force":"400KN","motor power":"5.5kw","Max.Thickness":"15mm","Max.Width":"160mm","cnc":"Yes","video":"https:\/\/youtu.be\/7b0wSY4vtJE","description":"M\u00e1y thanh c\u00e1i SunShine\u00ae NC.40Z-1200 l\u00e0 m\u00e1y u\u1ed1n thanh c\u00e1i CNC t\u1ef1 \u0111\u1ed9ng, d\u00f9ng \u0111\u1ec3 u\u1ed1n thanh c\u00e1i \u0111\u1ed3ng v\u00e0 nh\u00f4m. M\u00e1y u\u1ed1n thanh c\u00e1i NC.40Z-1200 s\u1eed d\u1ee5ng h\u1ec7 th\u1ed1ng \u0111i\u1ec1u khi\u1ec3n s\u1ed1 CNC ti\u00ean ti\u1ebfn v\u00e0 h\u1ec7 th\u1ed1ng CAD\/CAM. Qu\u00e1 tr\u00ecnh u\u1ed1n thanh c\u00e1i c\u00f3 \u0111\u1eb7c \u0111i\u1ec3m n\u1ed5i b\u1eadt l\u00e0 \u0111\u1ed9 ch\u00ednh x\u00e1c cao, hi\u1ec7u qu\u1ea3 cao v\u00e0 t\u1ef1 \u0111\u1ed9ng h\u00f3a. \u0110\u1ec3 t\u00ecm hi\u1ec3u v\u1ec1 gi\u00e1 m\u00e1y u\u1ed1n thanh c\u00e1i m\u1edbi nh\u1ea5t v\u00e0 c\u00f3 \u0111\u01b0\u1ee3c c\u00e1c t\u00e0i li\u1ec7u k\u1ef9 thu\u1eadt li\u00ean quan, <a style=\"color: #000080; text-decoration: underline;\" href=\"https:\/\/www.busbarmachine.co\/vi\/contact-us\/\">li\u00ean h\u1ec7 v\u1edbi ch\u00fang t\u00f4i ngay<\/a>.","product_parameters":{"acftf":{"v":"1.3.20"},"p":{"o":{"uh":0},"ca":""},"c":[{"p":""},{"p":""}],"h":[{"c":""},{"c":""}],"b":[[{"c":"Mold"},{"c":"NC.40Z-1200"}],[{"c":"Nomianl Pressure"},{"c":"400KN"}],[{"c":"Hydraulic Cylinder Stroke"},{"c":"250mm"}],[{"c":"Main Motor Power"},{"c":"5.5kw"}],[{"c":"Gauge Length"},{"c":"1200mm"}],[{"c":"Gauge Accuracy"},{"c":"+\/-0.15"}],[{"c":"Bending Accuracy"},{"c":"+\/-0.3\u00b0"}],[{"c":"Bending Head(Y Axis)"},{"c":"\tFastest 5m\/min; low: 1.25m\/min"}],[{"c":"Max Moting Speed of Side striker(X Axis)"},{"c":"15m\/min"}],[{"c":"Y-axis Repeat Positioning Accuracy"},{"c":"+\/-0.02"}],[{"c":"Max Bending Angle"},{"c":"90\u00b0"}],[{"c":"Horizontal Bending Max.Size"},{"c":"15mm x 160mm"}],[{"c":"Vertical Bending Max.Size"},{"c":"12mm x 120mm"}],[{"c":"Y-axis Servo Motor Power"},{"c":"\t5.5kw"}],[{"c":"X-axis Servo Motor Power"},{"c":"0.75kw"}],[{"c":"Weight"},{"c":"2500kg"}],[{"c":"Size"},{"c":"3500mm x 1450mm x 1850mm"}]]},"gallery 1":[4154,4164,4158,4162,4150,4176,4168,4187,4165,4193,4169,4196]},"_links":{"self":[{"href":"https:\/\/www.busbarmachine.co\/vi\/wp-json\/wp\/v2\/product\/4140","targetHints":{"allow":["GET"]}}],"collection":[{"href":"https:\/\/www.busbarmachine.co\/vi\/wp-json\/wp\/v2\/product"}],"about":[{"href":"https:\/\/www.busbarmachine.co\/vi\/wp-json\/wp\/v2\/types\/product"}],"replies":[{"embeddable":true,"href":"https:\/\/www.busbarmachine.co\/vi\/wp-json\/wp\/v2\/comments?post=4140"}],"acf:attachment":[{"embeddable":true,"href":"https:\/\/www.busbarmachine.co\/vi\/wp-json\/wp\/v2\/media\/4196"},{"embeddable":true,"href":"https:\/\/www.busbarmachine.co\/vi\/wp-json\/wp\/v2\/media\/4169"},{"embeddable":true,"href":"https:\/\/www.busbarmachine.co\/vi\/wp-json\/wp\/v2\/media\/4193"},{"embeddable":true,"href":"https:\/\/www.busbarmachine.co\/vi\/wp-json\/wp\/v2\/media\/4165"},{"embeddable":true,"href":"https:\/\/www.busbarmachine.co\/vi\/wp-json\/wp\/v2\/media\/4187"},{"embeddable":true,"href":"https:\/\/www.busbarmachine.co\/vi\/wp-json\/wp\/v2\/media\/4168"},{"embeddable":true,"href":"https:\/\/www.busbarmachine.co\/vi\/wp-json\/wp\/v2\/media\/4176"},{"embeddable":true,"href":"https:\/\/www.busbarmachine.co\/vi\/wp-json\/wp\/v2\/media\/4150"},{"embeddable":true,"href":"https:\/\/www.busbarmachine.co\/vi\/wp-json\/wp\/v2\/media\/4162"},{"embeddable":true,"href":"https:\/\/www.busbarmachine.co\/vi\/wp-json\/wp\/v2\/media\/4158"},{"embeddable":true,"href":"https:\/\/www.busbarmachine.co\/vi\/wp-json\/wp\/v2\/media\/4164"},{"embeddable":true,"href":"https:\/\/www.busbarmachine.co\/vi\/wp-json\/wp\/v2\/media\/4154"}],"wp:featuredmedia":[{"embeddable":true,"href":"https:\/\/www.busbarmachine.co\/vi\/wp-json\/wp\/v2\/media\/7416"}],"wp:attachment":[{"href":"https:\/\/www.busbarmachine.co\/vi\/wp-json\/wp\/v2\/media?parent=4140"}],"wp:term":[{"taxonomy":"product_brand","embeddable":true,"href":"https:\/\/www.busbarmachine.co\/vi\/wp-json\/wp\/v2\/product_brand?post=4140"},{"taxonomy":"product_cat","embeddable":true,"href":"https:\/\/www.busbarmachine.co\/vi\/wp-json\/wp\/v2\/product_cat?post=4140"},{"taxonomy":"product_tag","embeddable":true,"href":"https:\/\/www.busbarmachine.co\/vi\/wp-json\/wp\/v2\/product_tag?post=4140"}],"curies":[{"name":"wp","href":"https:\/\/api.w.org\/{rel}","templated":true}]}}