{"id":4138,"date":"2023-11-30T18:47:10","date_gmt":"2023-11-30T10:47:10","guid":{"rendered":"https:\/\/www.busbarmachine.co\/?post_type=product&#038;p=4138"},"modified":"2025-04-03T19:23:26","modified_gmt":"2025-04-03T11:23:26","slug":"ns-200b-3-hydraulic-busbar-processing-machine","status":"publish","type":"product","link":"https:\/\/www.busbarmachine.co\/vi\/ns-200b-3-hydraulic-busbar-processing-machine\/","title":{"rendered":"M\u00e1y gia c\u00f4ng thanh c\u00e1i th\u1ee7y l\u1ef1c nh\u00f4m \u0111\u1ed3ng NS-200B-3"},"content":{"rendered":"<p>M\u00e1y thanh c\u00e1i di \u0111\u1ed9ng SunShine\u00ae NS-200B-3 l\u00e0 m\u00e1y gia c\u00f4ng thanh c\u00e1i \u0111a ch\u1ee9c n\u0103ng t\u00edch h\u1ee3p ch\u1ee9c n\u0103ng u\u1ed1n thanh c\u00e1i, \u0111\u1ed9t v\u00e0 c\u1eaft. N\u00f3 c\u00f2n \u0111\u01b0\u1ee3c g\u1ecdi l\u00e0 m\u00e1y c\u1eaft \u0111\u1ed9t u\u1ed1n thanh c\u00e1i th\u1ee7y l\u1ef1c. So v\u1edbi m\u00e1y thanh c\u00e1i CNC 3 trong 1, m\u00e1y gia c\u00f4ng thanh c\u00e1i th\u1ee7y l\u1ef1c di \u0111\u1ed9ng NS-200B-3 c\u00f3 \u0111\u1eb7c \u0111i\u1ec3m l\u00e0 k\u00edch th\u01b0\u1edbc nh\u1ecf v\u00e0 t\u00ednh di \u0111\u1ed9ng. C\u00e1c c\u00f4ng ty gia c\u00f4ng thanh c\u00e1i n\u00ean ch\u1ecdn m\u00e1y thanh c\u00e1i th\u1ee7y l\u1ef1c NNS-200B-3 \u0111\u1ec3 gia c\u00f4ng thanh c\u00e1i c\u00f3 k\u00edch th\u01b0\u1edbc t\u1ed1i \u0111a l\u00e0 12mm (\u0111\u1ed9 d\u00e0y) * 200mm (chi\u1ec1u r\u1ed9ng).<\/p>","protected":false},"excerpt":{"rendered":"<p>SunShine\u00ae l\u00e0 nh\u00e0 s\u1ea3n xu\u1ea5t m\u00e1y c\u1eaft u\u1ed1n thanh c\u00e1i th\u1ee7y l\u1ef1c v\u00e0 nh\u00e0 cung c\u1ea5p m\u00e1y thanh c\u00e1i di \u0111\u1ed9ng t\u1ea1i Trung Qu\u1ed1c. M\u00e1y gia c\u00f4ng thanh c\u00e1i th\u1ee7y l\u1ef1c NS-200B-3 c\u00f3 ch\u1ee9c n\u0103ng u\u1ed1n, \u0111\u1ee5c v\u00e0 c\u1eaft thanh c\u00e1i, \u0111a ch\u1ee9c n\u0103ng v\u00e0 di \u0111\u1ed9ng. Khuy\u1ebfn ngh\u1ecb c\u00e1c c\u00f4ng ty gia c\u00f4ng thanh c\u00e1i n\u00ean ch\u1ecdn m\u00e1y thanh c\u00e1i th\u1ee7y l\u1ef1c NS-200B-3 \u0111\u1ec3 gia c\u00f4ng thanh c\u00e1i c\u00f3 k\u00edch th\u01b0\u1edbc t\u1ed1i \u0111a l\u00e0 12mm (\u0111\u1ed9 d\u00e0y) * 200mm (chi\u1ec1u r\u1ed9ng).<\/p>","protected":false},"featured_media":4093,"comment_status":"open","ping_status":"closed","template":"","meta":[],"product_brand":[],"product_cat":[25],"product_tag":[],"class_list":{"0":"post-4138","1":"product","2":"type-product","3":"status-publish","4":"has-post-thumbnail","6":"product_cat-hydraulic-3-in-1-busbar-machine","8":"first","9":"instock","10":"shipping-taxable","11":"product-type-simple"},"acf":{"Model":"NS-200B-3NC","Max.Force":"630KN","motor power":"\u2014\u2014","Max.Thickness":"12mm","Max.Width":"200mm","cnc":"NO","video":"https:\/\/www.youtube.com\/watch?v=ww1b7XMu57w","description":"M\u00e1y thanh c\u00e1i di \u0111\u1ed9ng SunShine\u00ae NS-200B-3 l\u00e0 m\u00e1y gia c\u00f4ng thanh c\u00e1i \u0111a ch\u1ee9c n\u0103ng t\u00edch h\u1ee3p ch\u1ee9c n\u0103ng u\u1ed1n thanh c\u00e1i, \u0111\u1ed9t v\u00e0 c\u1eaft. N\u00f3 c\u0169ng \u0111\u01b0\u1ee3c g\u1ecdi l\u00e0 m\u00e1y c\u1eaft \u0111\u1ed9t u\u1ed1n thanh c\u00e1i th\u1ee7y l\u1ef1c. So v\u1edbi m\u00e1y thanh c\u00e1i CNC 3 trong 1, m\u00e1y gia c\u00f4ng thanh c\u00e1i th\u1ee7y l\u1ef1c di \u0111\u1ed9ng NS-200B-3 c\u00f3 \u0111\u1eb7c \u0111i\u1ec3m l\u00e0 k\u00edch th\u01b0\u1edbc nh\u1ecf v\u00e0 t\u00ednh di \u0111\u1ed9ng. <strong>C\u00e1c c\u00f4ng ty gia c\u00f4ng thanh c\u00e1i n\u00ean ch\u1ecdn m\u00e1y gia c\u00f4ng thanh c\u00e1i th\u1ee7y l\u1ef1c NNS-200B-3 \u0111\u1ec3 gia c\u00f4ng thanh c\u00e1i c\u00f3 k\u00edch th\u01b0\u1edbc t\u1ed1i \u0111a l\u00e0 12mm (\u0111\u1ed9 d\u00e0y) * 200mm (chi\u1ec1u r\u1ed9ng).<\/strong>","product_parameters":{"acftf":{"v":"1.3.20"},"p":{"o":{"uh":0},"ca":""},"c":[{"p":""},{"p":""}],"h":[{"c":""},{"c":""}],"b":[[{"c":"Model"},{"c":"NS-200B-3"}],[{"c":"Voltage"},{"c":"220V\/380V AC\t"}],[{"c":"Rated Oil Pressure"},{"c":"630KN"}],[{"c":"Max.Cut Size"},{"c":"200mm x 12mm"}],[{"c":"Max.Punch Size"},{"c":"200mm x 12mm"}],[{"c":"Max.Bend Size"},{"c":"200mm x 12mm"}],[{"c":"Depth of Throat"},{"c":"110mm"}],[{"c":"Standard Setting"},{"c":"\u22057,\u22059,\u220510.5,\u220513.8,\u220517,\u220520.5"}],[{"c":"Punching Capacity"},{"c":"\u22056-\u220520.5"}],[{"c":"Table Size"},{"c":"840mm x 900mm x 1200mm"}],[{"c":"Weight"},{"c":"230kg"}]]},"gallery 1":[4073,4120,4119,4074,4072,4070,4067,4101]},"_links":{"self":[{"href":"https:\/\/www.busbarmachine.co\/vi\/wp-json\/wp\/v2\/product\/4138","targetHints":{"allow":["GET"]}}],"collection":[{"href":"https:\/\/www.busbarmachine.co\/vi\/wp-json\/wp\/v2\/product"}],"about":[{"href":"https:\/\/www.busbarmachine.co\/vi\/wp-json\/wp\/v2\/types\/product"}],"replies":[{"embeddable":true,"href":"https:\/\/www.busbarmachine.co\/vi\/wp-json\/wp\/v2\/comments?post=4138"}],"acf:attachment":[{"embeddable":true,"href":"https:\/\/www.busbarmachine.co\/vi\/wp-json\/wp\/v2\/media\/4101"},{"embeddable":true,"href":"https:\/\/www.busbarmachine.co\/vi\/wp-json\/wp\/v2\/media\/4067"},{"embeddable":true,"href":"https:\/\/www.busbarmachine.co\/vi\/wp-json\/wp\/v2\/media\/4070"},{"embeddable":true,"href":"https:\/\/www.busbarmachine.co\/vi\/wp-json\/wp\/v2\/media\/4072"},{"embeddable":true,"href":"https:\/\/www.busbarmachine.co\/vi\/wp-json\/wp\/v2\/media\/4074"},{"embeddable":true,"href":"https:\/\/www.busbarmachine.co\/vi\/wp-json\/wp\/v2\/media\/4119"},{"embeddable":true,"href":"https:\/\/www.busbarmachine.co\/vi\/wp-json\/wp\/v2\/media\/4120"},{"embeddable":true,"href":"https:\/\/www.busbarmachine.co\/vi\/wp-json\/wp\/v2\/media\/4073"}],"wp:featuredmedia":[{"embeddable":true,"href":"https:\/\/www.busbarmachine.co\/vi\/wp-json\/wp\/v2\/media\/4093"}],"wp:attachment":[{"href":"https:\/\/www.busbarmachine.co\/vi\/wp-json\/wp\/v2\/media?parent=4138"}],"wp:term":[{"taxonomy":"product_brand","embeddable":true,"href":"https:\/\/www.busbarmachine.co\/vi\/wp-json\/wp\/v2\/product_brand?post=4138"},{"taxonomy":"product_cat","embeddable":true,"href":"https:\/\/www.busbarmachine.co\/vi\/wp-json\/wp\/v2\/product_cat?post=4138"},{"taxonomy":"product_tag","embeddable":true,"href":"https:\/\/www.busbarmachine.co\/vi\/wp-json\/wp\/v2\/product_tag?post=4138"}],"curies":[{"name":"wp","href":"https:\/\/api.w.org\/{rel}","templated":true}]}}