{"id":4019,"date":"2023-11-30T11:02:32","date_gmt":"2023-11-30T03:02:32","guid":{"rendered":"https:\/\/www.busbarmachine.co\/?post_type=product&#038;p=4019"},"modified":"2024-07-02T07:42:37","modified_gmt":"2024-07-01T23:42:37","slug":"ns-503-3nc-busbar-bending-cutting-punching-machine","status":"publish","type":"product","link":"https:\/\/www.busbarmachine.co\/vi\/ns-503-3nc-busbar-bending-cutting-punching-machine\/","title":{"rendered":"M\u00e1y u\u1ed1n c\u1eaft \u0111\u1ed9t thanh c\u00e1i NS-503-3NC"},"content":{"rendered":"<p>SunShine\u00ae NS-503-3NC busbar machine is a busbar bending punching cutting machine with an independent unit workbench design, which can be used to process copper aluminum busbars and steel plates. NS-503-3NC busbar processing machine consists of 3 units: bending, punching and cutting. It can work independently at the same time and has the characteristics of multi-function and high efficiency. It is recommended that busbar processing enterprises choose NS-503-3NC busbar machine to process busbars with a maximum size of 16mm (thickness) * 250mm (width).<\/p>","protected":false},"excerpt":{"rendered":"<p>SunShine\u00ae l\u00e0 m\u1ed9t trong nh\u1eefng nh\u00e0 s\u1ea3n xu\u1ea5t m\u00e1y thanh c\u00e1i n\u1ed5i ti\u1ebfng t\u1ea1i Trung Qu\u1ed1c. M\u00e1y gia c\u00f4ng thanh c\u00e1i NS-503-3NC bao g\u1ed3m 3 b\u1ed9 ph\u1eadn: u\u1ed1n, \u0111\u1ed9t v\u00e0 c\u1eaft, c\u00f3 th\u1ec3 ho\u1ea1t \u0111\u1ed9ng \u0111\u1ed9c l\u1eadp c\u00f9ng m\u1ed9t l\u00fac. N\u00f3 c\u0169ng \u0111\u01b0\u1ee3c g\u1ecdi l\u00e0 m\u00e1y \u0111\u1ed9t u\u1ed1n c\u1eaft thanh c\u00e1i \u0111a ch\u1ee9c n\u0103ng. Khuy\u1ebfn ngh\u1ecb c\u00e1c doanh nghi\u1ec7p gia c\u00f4ng thanh c\u00e1i n\u00ean ch\u1ecdn m\u00e1y thanh c\u00e1i NS-503-3NC \u0111\u1ec3 gia c\u00f4ng thanh c\u00e1i c\u00f3 k\u00edch th\u01b0\u1edbc t\u1ed1i \u0111a l\u00e0 16mm (\u0111\u1ed9 d\u00e0y) * 250mm (chi\u1ec1u r\u1ed9ng).<\/p>","protected":false},"featured_media":4132,"comment_status":"open","ping_status":"closed","template":"","meta":[],"product_brand":[],"product_cat":[24],"product_tag":[],"class_list":{"0":"post-4019","1":"product","2":"type-product","3":"status-publish","4":"has-post-thumbnail","6":"product_cat-non-cnc-3-in-1-busbar-machine","8":"first","9":"instock","10":"shipping-taxable","11":"product-type-simple"},"acf":{"Model":"NS-503-3NC","Max.Force":"500KN","motor power":"3x5.5KW","Max.Thickness":"16mm","Max.Width":"250mm","cnc":"No","video":"https:\/\/www.youtube.com\/watch?v=xaOtbqtlwaE","description":"M\u00e1y thanh c\u00e1i SunShine\u00ae NS-503-3NC l\u00e0 m\u00e1y u\u1ed1n thanh c\u00e1i \u0111\u1ed9t d\u1eadp c\u1eaft c\u00f3 thi\u1ebft k\u1ebf b\u00e0n l\u00e0m vi\u1ec7c \u0111\u1ed9c l\u1eadp, c\u00f3 th\u1ec3 s\u1eed d\u1ee5ng \u0111\u1ec3 gia c\u00f4ng thanh c\u00e1i \u0111\u1ed3ng nh\u00f4m v\u00e0 t\u1ea5m th\u00e9p. M\u00e1y gia c\u00f4ng thanh c\u00e1i NS-503-3NC bao g\u1ed3m 3 b\u1ed9 ph\u1eadn: u\u1ed1n, \u0111\u1ed9t d\u1eadp v\u00e0 c\u1eaft. C\u00f3 th\u1ec3 ho\u1ea1t \u0111\u1ed9ng \u0111\u1ed9c l\u1eadp c\u00f9ng l\u00fac v\u00e0 c\u00f3 \u0111\u1eb7c \u0111i\u1ec3m l\u00e0 \u0111a ch\u1ee9c n\u0103ng v\u00e0 hi\u1ec7u qu\u1ea3 cao. <strong>C\u00e1c doanh nghi\u1ec7p gia c\u00f4ng thanh c\u00e1i \u0111\u01b0\u1ee3c khuy\u1ebfn ngh\u1ecb n\u00ean ch\u1ecdn m\u00e1y gia c\u00f4ng thanh c\u00e1i NS-503-3NC \u0111\u1ec3 gia c\u00f4ng thanh c\u00e1i c\u00f3 k\u00edch th\u01b0\u1edbc t\u1ed1i \u0111a l\u00e0 16mm (\u0111\u1ed9 d\u00e0y) * 250mm (chi\u1ec1u r\u1ed9ng).<\/strong>","product_parameters":{"acftf":{"v":"1.3.20"},"p":{"o":{"uh":0},"ca":""},"c":[{"p":""},{"p":""}],"h":[{"c":""},{"c":""}],"b":[[{"c":"Model"},{"c":"NS-503-3NC\n"}],[{"c":"Max.Punch Force"},{"c":"500KN"}],[{"c":"Punch Diameter Range\n"},{"c":"\u22054.3\u2014\u220534(mm)"}],[{"c":"Max.Punch Thickness"},{"c":"16mm\n"}],[{"c":"Max.Punch Width"},{"c":"250mm\n"}],[{"c":"Max.Cut Thickness"},{"c":"16mm"}],[{"c":"Max.Cut Width"},{"c":"250mm"}],[{"c":"Max.Vertical Bend Force"},{"c":"500KN"}],[{"c":"Max.Vertical Bend Thickness"},{"c":"16mm"}],[{"c":"Max.Vertical Bend Width"},{"c":"250mm"}],[{"c":"Max.Horizontal Bend Width"},{"c":"120mm*12mm\n"}],[{"c":"Max.Horizontal Bend Angle"},{"c":"90\u00ba\n"}],[{"c":"Max.Twist Bend Thickness"},{"c":"16mm"}],[{"c":"Max.Twist Bend Width"},{"c":"250mm"}],[{"c":"Motor Power\n"},{"c":"5.53x4KW\n"}],[{"c":"Length*Height*Width"},{"c":"1950*1560*1420mm"}],[{"c":"Weight"},{"c":"1750kg\n"}]]},"gallery 1":[4023,3889,3877,3892,3860,3853,3859,3847,3886,3883,3884,3882]},"_links":{"self":[{"href":"https:\/\/www.busbarmachine.co\/vi\/wp-json\/wp\/v2\/product\/4019","targetHints":{"allow":["GET"]}}],"collection":[{"href":"https:\/\/www.busbarmachine.co\/vi\/wp-json\/wp\/v2\/product"}],"about":[{"href":"https:\/\/www.busbarmachine.co\/vi\/wp-json\/wp\/v2\/types\/product"}],"replies":[{"embeddable":true,"href":"https:\/\/www.busbarmachine.co\/vi\/wp-json\/wp\/v2\/comments?post=4019"}],"acf:attachment":[{"embeddable":true,"href":"https:\/\/www.busbarmachine.co\/vi\/wp-json\/wp\/v2\/media\/3882"},{"embeddable":true,"href":"https:\/\/www.busbarmachine.co\/vi\/wp-json\/wp\/v2\/media\/3884"},{"embeddable":true,"href":"https:\/\/www.busbarmachine.co\/vi\/wp-json\/wp\/v2\/media\/3883"},{"embeddable":true,"href":"https:\/\/www.busbarmachine.co\/vi\/wp-json\/wp\/v2\/media\/3886"},{"embeddable":true,"href":"https:\/\/www.busbarmachine.co\/vi\/wp-json\/wp\/v2\/media\/3847"},{"embeddable":true,"href":"https:\/\/www.busbarmachine.co\/vi\/wp-json\/wp\/v2\/media\/3859"},{"embeddable":true,"href":"https:\/\/www.busbarmachine.co\/vi\/wp-json\/wp\/v2\/media\/3853"},{"embeddable":true,"href":"https:\/\/www.busbarmachine.co\/vi\/wp-json\/wp\/v2\/media\/3860"},{"embeddable":true,"href":"https:\/\/www.busbarmachine.co\/vi\/wp-json\/wp\/v2\/media\/3892"},{"embeddable":true,"href":"https:\/\/www.busbarmachine.co\/vi\/wp-json\/wp\/v2\/media\/3877"},{"embeddable":true,"href":"https:\/\/www.busbarmachine.co\/vi\/wp-json\/wp\/v2\/media\/3889"},{"embeddable":true,"href":"https:\/\/www.busbarmachine.co\/vi\/wp-json\/wp\/v2\/media\/4023"}],"wp:featuredmedia":[{"embeddable":true,"href":"https:\/\/www.busbarmachine.co\/vi\/wp-json\/wp\/v2\/media\/4132"}],"wp:attachment":[{"href":"https:\/\/www.busbarmachine.co\/vi\/wp-json\/wp\/v2\/media?parent=4019"}],"wp:term":[{"taxonomy":"product_brand","embeddable":true,"href":"https:\/\/www.busbarmachine.co\/vi\/wp-json\/wp\/v2\/product_brand?post=4019"},{"taxonomy":"product_cat","embeddable":true,"href":"https:\/\/www.busbarmachine.co\/vi\/wp-json\/wp\/v2\/product_cat?post=4019"},{"taxonomy":"product_tag","embeddable":true,"href":"https:\/\/www.busbarmachine.co\/vi\/wp-json\/wp\/v2\/product_tag?post=4019"}],"curies":[{"name":"wp","href":"https:\/\/api.w.org\/{rel}","templated":true}]}}