{"id":4018,"date":"2023-11-30T11:02:20","date_gmt":"2023-11-30T03:02:20","guid":{"rendered":"https:\/\/www.busbarmachine.co\/?post_type=product&#038;p=4018"},"modified":"2024-02-17T14:00:39","modified_gmt":"2024-02-17T06:00:39","slug":"ns-803-3nc-multifunction-3-in-1-busbar-machine","status":"publish","type":"product","link":"https:\/\/www.busbarmachine.co\/vi\/ns-803-3nc-multifunction-3-in-1-busbar-machine\/","title":{"rendered":"M\u00e1y thanh c\u00e1i \u0111a n\u0103ng 3 trong 1 NS-803-3NC"},"content":{"rendered":"<p>SunShine\u00ae NS-803-3NC busbar machine is a multifunctional 3 in 1 busbar machine that can be used for bending, punching and cutting copper and aluminum busbars. NS-803-3NC busbar processing machine has the characteristics of high efficiency, stability and flexibility. It is recommended that busbar processing companies choose the NS-803-3NC 3 in 1 busbar machine for processing busbars with a maximum size of 20mm (thickness) * 300mm (width).<\/p>","protected":false},"excerpt":{"rendered":"<p>SunShine\u00ae l\u00e0 m\u1ed9t trong nh\u1eefng nh\u00e0 cung c\u1ea5p m\u00e1y thanh c\u00e1i 3 trong 1 \u0111\u00e1ng tin c\u1eady t\u1ea1i Trung Qu\u1ed1c. M\u00e1y gia c\u00f4ng thanh c\u00e1i NS-803-3NC bao g\u1ed3m 3 b\u1ed9 ph\u1eadn: u\u1ed1n, \u0111\u1ed9t v\u00e0 c\u1eaft, \u0111\u01b0\u1ee3c s\u1eed d\u1ee5ng \u0111\u1ec3 gia c\u00f4ng thanh c\u00e1i b\u1eb1ng \u0111\u1ed3ng v\u00e0 nh\u00f4m. Khuy\u1ebfn ngh\u1ecb c\u00e1c c\u00f4ng ty gia c\u00f4ng thanh c\u00e1i n\u00ean ch\u1ecdn m\u00e1y thanh c\u00e1i NS-803-3NC 3 trong 1 \u0111\u1ec3 gia c\u00f4ng thanh c\u00e1i c\u00f3 k\u00edch th\u01b0\u1edbc t\u1ed1i \u0111a l\u00e0 20mm (\u0111\u1ed9 d\u00e0y) * 300mm (chi\u1ec1u r\u1ed9ng).<\/p>","protected":false},"featured_media":4130,"comment_status":"open","ping_status":"closed","template":"","meta":[],"product_brand":[],"product_cat":[24],"product_tag":[],"class_list":{"0":"post-4018","1":"product","2":"type-product","3":"status-publish","4":"has-post-thumbnail","6":"product_cat-non-cnc-3-in-1-busbar-machine","8":"first","9":"instock","10":"shipping-taxable","11":"product-type-simple"},"acf":{"Model":"NS-803-3NC","Max.Force":"800KN","motor power":"3x7.5KW","Max.Thickness":"20mm","Max.Width":"300mm","cnc":"No","video":"https:\/\/www.youtube.com\/watch?v=xaOtbqtlwaE","description":"M\u00e1y thanh c\u00e1i SunShine\u00ae NS-803-3NC l\u00e0 m\u00e1y thanh c\u00e1i \u0111a ch\u1ee9c n\u0103ng 3 trong 1 c\u00f3 th\u1ec3 d\u00f9ng \u0111\u1ec3 u\u1ed1n, \u0111\u1ed9t v\u00e0 c\u1eaft thanh c\u00e1i b\u1eb1ng \u0111\u1ed3ng v\u00e0 nh\u00f4m. M\u00e1y gia c\u00f4ng thanh c\u00e1i NS-803-3NC c\u00f3 \u0111\u1eb7c \u0111i\u1ec3m l\u00e0 hi\u1ec7u su\u1ea5t cao, \u1ed5n \u0111\u1ecbnh v\u00e0 linh ho\u1ea1t. <strong>C\u00e1c c\u00f4ng ty gia c\u00f4ng thanh c\u00e1i \u0111\u01b0\u1ee3c khuy\u1ebfn ngh\u1ecb n\u00ean ch\u1ecdn m\u00e1y gia c\u00f4ng thanh c\u00e1i 3 trong 1 NS-803-3NC \u0111\u1ec3 gia c\u00f4ng thanh c\u00e1i c\u00f3 k\u00edch th\u01b0\u1edbc t\u1ed1i \u0111a l\u00e0 20mm (\u0111\u1ed9 d\u00e0y) * 300mm (chi\u1ec1u r\u1ed9ng).<\/strong>","product_parameters":{"acftf":{"v":"1.3.20"},"p":{"o":{"uh":0},"ca":""},"c":[{"p":""},{"p":""}],"h":[{"c":""},{"c":""}],"b":[[{"c":"Model"},{"c":"NS-80-3NC\n"}],[{"c":"Max.Punch Force"},{"c":"800KN"}],[{"c":"Punch Diameter Range\n"},{"c":"\u22054.3\u2014\u220534(mm)"}],[{"c":"Max.Punch Thickness"},{"c":"20mm"}],[{"c":"Max.Punch Width"},{"c":"300mm\n"}],[{"c":"Max.Cut Thickness"},{"c":"20mm"}],[{"c":"Max.Cut Width"},{"c":"300mm\n"}],[{"c":"Max.Vertical Bend Force"},{"c":"800KN"}],[{"c":"Max.Vertical Bend Thickness"},{"c":"20mm"}],[{"c":"Max.Vertical Bend Width"},{"c":"250mm"}],[{"c":"Max.Horizontal Bend Width"},{"c":"120mm*12mm\n"}],[{"c":"Max.Horizontal Bend Angle"},{"c":"90\u00ba\n"}],[{"c":"Max.Twist Bend Thickness"},{"c":"20mm"}],[{"c":"Max.Twist Bend Width"},{"c":"300mm"}],[{"c":"Motor Power\n"},{"c":"5.53x4KW\n"}],[{"c":"Length*Height*Width"},{"c":"2060*1600*1560mm"}],[{"c":"Weight"},{"c":"2350kg\n"}]]},"gallery 1":[3813,3812,3876,3853,3859,3871,3891,3883,3884,3882]},"_links":{"self":[{"href":"https:\/\/www.busbarmachine.co\/vi\/wp-json\/wp\/v2\/product\/4018","targetHints":{"allow":["GET"]}}],"collection":[{"href":"https:\/\/www.busbarmachine.co\/vi\/wp-json\/wp\/v2\/product"}],"about":[{"href":"https:\/\/www.busbarmachine.co\/vi\/wp-json\/wp\/v2\/types\/product"}],"replies":[{"embeddable":true,"href":"https:\/\/www.busbarmachine.co\/vi\/wp-json\/wp\/v2\/comments?post=4018"}],"acf:attachment":[{"embeddable":true,"href":"https:\/\/www.busbarmachine.co\/vi\/wp-json\/wp\/v2\/media\/3882"},{"embeddable":true,"href":"https:\/\/www.busbarmachine.co\/vi\/wp-json\/wp\/v2\/media\/3884"},{"embeddable":true,"href":"https:\/\/www.busbarmachine.co\/vi\/wp-json\/wp\/v2\/media\/3883"},{"embeddable":true,"href":"https:\/\/www.busbarmachine.co\/vi\/wp-json\/wp\/v2\/media\/3891"},{"embeddable":true,"href":"https:\/\/www.busbarmachine.co\/vi\/wp-json\/wp\/v2\/media\/3871"},{"embeddable":true,"href":"https:\/\/www.busbarmachine.co\/vi\/wp-json\/wp\/v2\/media\/3859"},{"embeddable":true,"href":"https:\/\/www.busbarmachine.co\/vi\/wp-json\/wp\/v2\/media\/3853"},{"embeddable":true,"href":"https:\/\/www.busbarmachine.co\/vi\/wp-json\/wp\/v2\/media\/3876"},{"embeddable":true,"href":"https:\/\/www.busbarmachine.co\/vi\/wp-json\/wp\/v2\/media\/3812"},{"embeddable":true,"href":"https:\/\/www.busbarmachine.co\/vi\/wp-json\/wp\/v2\/media\/3813"}],"wp:featuredmedia":[{"embeddable":true,"href":"https:\/\/www.busbarmachine.co\/vi\/wp-json\/wp\/v2\/media\/4130"}],"wp:attachment":[{"href":"https:\/\/www.busbarmachine.co\/vi\/wp-json\/wp\/v2\/media?parent=4018"}],"wp:term":[{"taxonomy":"product_brand","embeddable":true,"href":"https:\/\/www.busbarmachine.co\/vi\/wp-json\/wp\/v2\/product_brand?post=4018"},{"taxonomy":"product_cat","embeddable":true,"href":"https:\/\/www.busbarmachine.co\/vi\/wp-json\/wp\/v2\/product_cat?post=4018"},{"taxonomy":"product_tag","embeddable":true,"href":"https:\/\/www.busbarmachine.co\/vi\/wp-json\/wp\/v2\/product_tag?post=4018"}],"curies":[{"name":"wp","href":"https:\/\/api.w.org\/{rel}","templated":true}]}}