{"id":3986,"date":"2023-11-30T08:57:58","date_gmt":"2023-11-30T00:57:58","guid":{"rendered":"https:\/\/www.busbarmachine.co\/?post_type=product&#038;p=3986"},"modified":"2025-02-24T11:19:56","modified_gmt":"2025-02-24T03:19:56","slug":"800kn-cnc-automatic-busbar-processing-machine","status":"publish","type":"product","link":"https:\/\/www.busbarmachine.co\/vi\/800kn-cnc-automatic-busbar-processing-machine\/","title":{"rendered":"M\u00e1y gia c\u00f4ng thanh c\u00e1i t\u1ef1 \u0111\u1ed9ng CNC 800KN"},"content":{"rendered":"<p>M\u00e1y gia c\u00f4ng thanh c\u00e1i CNC SunShine\u00ae l\u00e0 m\u00e1y gia c\u00f4ng thanh c\u00e1i 3 trong 1 \u0111a ch\u1ee9c n\u0103ng t\u00edch h\u1ee3p u\u1ed1n thanh c\u00e1i, \u0111\u1ed9t v\u00e0 c\u1eaft. M\u00e1y gia c\u00f4ng thanh c\u00e1i 3 trong 1 SunShine\u00ae s\u1eed d\u1ee5ng h\u1ec7 th\u1ed1ng \u0111i\u1ec1u khi\u1ec3n CNC t\u1ef1 ph\u00e1t tri\u1ec3n v\u00e0 c\u00f4ng ngh\u1ec7 b\u00f9 \u0111\u00e0n h\u1ed3i, c\u00f3 th\u1ec3 th\u1ef1c hi\u1ec7n c\u00e1c ho\u1ea1t \u0111\u1ed9ng gia c\u00f4ng thanh c\u00e1i c\u00f3 \u0111\u1ed9 ch\u00ednh x\u00e1c cao nh\u01b0 u\u1ed1n, c\u1eaft v\u00e0 \u0111\u1ed9t. Khuy\u1ebfn ngh\u1ecb c\u00e1c c\u00f4ng ty gia c\u00f4ng thanh c\u00e1i n\u00ean ch\u1ecdn m\u00e1y gia c\u00f4ng thanh c\u00e1i 3 trong 1 SS-80-3NC \u0111\u1ec3 gia c\u00f4ng thanh c\u00e1i c\u00f3 k\u00edch th\u01b0\u1edbc t\u1ed1i \u0111a l\u00e0 20mm (\u0111\u1ed9 d\u00e0y) * 300mm (chi\u1ec1u r\u1ed9ng).<\/p>","protected":false},"excerpt":{"rendered":"<p>SunShine\u00ae l\u00e0 nh\u00e0 s\u1ea3n xu\u1ea5t m\u00e1y gia c\u00f4ng thanh c\u00e1i CNC v\u00e0 nh\u00e0 cung c\u1ea5p m\u00e1y thanh c\u00e1i 3 trong 1. M\u00e1y gia c\u00f4ng thanh c\u00e1i CNC SS-50-3NC l\u00e0 m\u00e1y thanh c\u00e1i CNC 3 trong 1 \u0111a ch\u1ee9c n\u0103ng t\u00edch h\u1ee3p 3 \u0111\u01a1n v\u1ecb ch\u1ee9c n\u0103ng \u0111\u1ed9c l\u1eadp \u0111\u1ec3 u\u1ed1n thanh c\u00e1i, \u0111\u1ed9t v\u00e0 c\u1eaft. C\u00e1c c\u00f4ng ty gia c\u00f4ng thanh c\u00e1i \u0111\u01b0\u1ee3c khuy\u1ebfn ngh\u1ecb n\u00ean ch\u1ecdn m\u00e1y thanh c\u00e1i SS-80-3NC 3 trong 1 \u0111\u1ec3 gia c\u00f4ng thanh c\u00e1i c\u00f3 k\u00edch th\u01b0\u1edbc t\u1ed1i \u0111a l\u00e0 20mm (\u0111\u1ed9 d\u00e0y) * 300mm (chi\u1ec1u r\u1ed9ng).<\/p>","protected":false},"featured_media":4131,"comment_status":"open","ping_status":"closed","template":"","meta":[],"product_brand":[],"product_cat":[23],"product_tag":[],"class_list":{"0":"post-3986","1":"product","2":"type-product","3":"status-publish","4":"has-post-thumbnail","6":"product_cat-cnc-3-in-1-busbar-machine","8":"first","9":"instock","10":"shipping-taxable","11":"product-type-simple"},"acf":{"Model":"SS-80-3NC","Max.Force":"800KN","motor power":"3x7.5KW","Max.Thickness":"20mm","Max.Width":"300mm","cnc":"Support","video":"https:\/\/www.youtube.com\/watch?v=WJhe6Rkh7Pk","description":"M\u00e1y gia c\u00f4ng thanh c\u00e1i CNC SunShine\u00ae l\u00e0 m\u00e1y gia c\u00f4ng thanh c\u00e1i 3 trong 1 \u0111a ch\u1ee9c n\u0103ng t\u00edch h\u1ee3p u\u1ed1n thanh c\u00e1i, \u0111\u1ed9t d\u1eadp v\u00e0 c\u1eaft. M\u00e1y gia c\u00f4ng thanh c\u00e1i 3 trong 1 SunShine\u00ae s\u1eed d\u1ee5ng h\u1ec7 th\u1ed1ng \u0111i\u1ec1u khi\u1ec3n CNC t\u1ef1 ph\u00e1t tri\u1ec3n v\u00e0 c\u00f4ng ngh\u1ec7 b\u00f9 \u0111\u00e0n h\u1ed3i, c\u00f3 th\u1ec3 th\u1ef1c hi\u1ec7n c\u00e1c ho\u1ea1t \u0111\u1ed9ng gia c\u00f4ng thanh c\u00e1i c\u00f3 \u0111\u1ed9 ch\u00ednh x\u00e1c cao nh\u01b0 u\u1ed1n, c\u1eaft v\u00e0 \u0111\u1ed9t d\u1eadp. <strong>C\u00e1c c\u00f4ng ty gia c\u00f4ng thanh c\u00e1i \u0111\u01b0\u1ee3c khuy\u1ebfn ngh\u1ecb n\u00ean ch\u1ecdn m\u00e1y gia c\u00f4ng thanh c\u00e1i 3 trong 1 SS-80-3NC \u0111\u1ec3 gia c\u00f4ng thanh c\u00e1i c\u00f3 k\u00edch th\u01b0\u1edbc t\u1ed1i \u0111a l\u00e0 20mm (\u0111\u1ed9 d\u00e0y) * 300mm (chi\u1ec1u r\u1ed9ng).<\/strong>","product_parameters":{"acftf":{"v":"1.3.20"},"p":{"o":{"uh":0},"ca":""},"c":[{"p":""},{"p":""}],"h":[{"c":""},{"c":""}],"b":[[{"c":"Model"},{"c":"SS-80-3NC\n"}],[{"c":"Max.Punch Force"},{"c":"800KN"}],[{"c":"Punch Diameter Range\n"},{"c":"\u22054.3\u2014\u220534(mm)"}],[{"c":"Max.Punch Thickness"},{"c":"20mm"}],[{"c":"Max.Punch Width"},{"c":"300mm\n"}],[{"c":"Max.Cut Thickness"},{"c":"20mm"}],[{"c":"Max.Cut Width"},{"c":"300mm\n"}],[{"c":"Max.Vertical Bend Force"},{"c":"800KN"}],[{"c":"Max.Vertical Bend Thickness"},{"c":"20mm"}],[{"c":"Max.Vertical Bend Width"},{"c":"250mm"}],[{"c":"Max.Horizontal Bend Width"},{"c":"120mm*12mm\n"}],[{"c":"Max.Horizontal Bend Angle"},{"c":"90\u00ba\n"}],[{"c":"Max.Twist Bend Thickness"},{"c":"20mm"}],[{"c":"Max.Twist Bend Width"},{"c":"300mm"}],[{"c":"CNC Bending Precision\n"},{"c":"\u00b11\u00ba\n"}],[{"c":"CNC Repeat Bending Precision\n"},{"c":"\u00b10.3\u00ba\n"}],[{"c":"Motor Power\n"},{"c":"5.53x4KW\n"}],[{"c":"Length*Height*Width"},{"c":"2060*1600*1560mm"}],[{"c":"Weight"},{"c":"2350kg\n"}]]},"gallery 1":[3894,3863,3877,3856,3875,3881,3866,3865,3883,3884]},"_links":{"self":[{"href":"https:\/\/www.busbarmachine.co\/vi\/wp-json\/wp\/v2\/product\/3986","targetHints":{"allow":["GET"]}}],"collection":[{"href":"https:\/\/www.busbarmachine.co\/vi\/wp-json\/wp\/v2\/product"}],"about":[{"href":"https:\/\/www.busbarmachine.co\/vi\/wp-json\/wp\/v2\/types\/product"}],"replies":[{"embeddable":true,"href":"https:\/\/www.busbarmachine.co\/vi\/wp-json\/wp\/v2\/comments?post=3986"}],"acf:attachment":[{"embeddable":true,"href":"https:\/\/www.busbarmachine.co\/vi\/wp-json\/wp\/v2\/media\/3884"},{"embeddable":true,"href":"https:\/\/www.busbarmachine.co\/vi\/wp-json\/wp\/v2\/media\/3883"},{"embeddable":true,"href":"https:\/\/www.busbarmachine.co\/vi\/wp-json\/wp\/v2\/media\/3865"},{"embeddable":true,"href":"https:\/\/www.busbarmachine.co\/vi\/wp-json\/wp\/v2\/media\/3866"},{"embeddable":true,"href":"https:\/\/www.busbarmachine.co\/vi\/wp-json\/wp\/v2\/media\/3881"},{"embeddable":true,"href":"https:\/\/www.busbarmachine.co\/vi\/wp-json\/wp\/v2\/media\/3875"},{"embeddable":true,"href":"https:\/\/www.busbarmachine.co\/vi\/wp-json\/wp\/v2\/media\/3856"},{"embeddable":true,"href":"https:\/\/www.busbarmachine.co\/vi\/wp-json\/wp\/v2\/media\/3877"},{"embeddable":true,"href":"https:\/\/www.busbarmachine.co\/vi\/wp-json\/wp\/v2\/media\/3863"},{"embeddable":true,"href":"https:\/\/www.busbarmachine.co\/vi\/wp-json\/wp\/v2\/media\/3894"}],"wp:featuredmedia":[{"embeddable":true,"href":"https:\/\/www.busbarmachine.co\/vi\/wp-json\/wp\/v2\/media\/4131"}],"wp:attachment":[{"href":"https:\/\/www.busbarmachine.co\/vi\/wp-json\/wp\/v2\/media?parent=3986"}],"wp:term":[{"taxonomy":"product_brand","embeddable":true,"href":"https:\/\/www.busbarmachine.co\/vi\/wp-json\/wp\/v2\/product_brand?post=3986"},{"taxonomy":"product_cat","embeddable":true,"href":"https:\/\/www.busbarmachine.co\/vi\/wp-json\/wp\/v2\/product_cat?post=3986"},{"taxonomy":"product_tag","embeddable":true,"href":"https:\/\/www.busbarmachine.co\/vi\/wp-json\/wp\/v2\/product_tag?post=3986"}],"curies":[{"name":"wp","href":"https:\/\/api.w.org\/{rel}","templated":true}]}}