{"id":3958,"date":"2023-11-23T20:39:30","date_gmt":"2023-11-23T12:39:30","guid":{"rendered":"https:\/\/www.busbarmachine.co\/?post_type=product&#038;p=3958"},"modified":"2025-02-24T11:19:22","modified_gmt":"2025-02-24T03:19:22","slug":"500kn-aluminium-busbar-bending-machine","status":"publish","type":"product","link":"https:\/\/www.busbarmachine.co\/vi\/500kn-aluminium-busbar-bending-machine\/","title":{"rendered":"M\u00e1y u\u1ed1n thanh c\u00e1i nh\u00f4m 500KN"},"content":{"rendered":"<p>The CNC busbar machine developed by SunShine\u00ae has the features of multiple functions in one machine, supporting busbar bending, punching and cutting functions. It is also called a busbar bending cutting punching machine. The HIM mobile panel of the busbar bending unit allows the operator to visually input bending parameters, quickly realize automatic busbar bending through the CNC control system, and supports the installation of a servo bending positioning device, which greatly improves busbar processing efficiency. It is recommended that busbar processing companies choose SS-50-3CNC CNC busbar processing machine to process busbars with a maximum size of 16mm (thickness) * 250mm (width).<\/p>","protected":false},"excerpt":{"rendered":"<p>SunShine\u00ae l\u00e0 nh\u00e0 s\u1ea3n xu\u1ea5t m\u00e1y thanh c\u00e1i CNC v\u00e0 nh\u00e0 cung c\u1ea5p m\u00e1y \u0111\u1ed9t d\u1eadp u\u1ed1n thanh c\u00e1i. M\u00e1y gia c\u00f4ng thanh c\u00e1i SS-50-3NC l\u00e0 m\u00e1y thanh c\u00e1i CNC \u0111a ch\u1ee9c n\u0103ng c\u00f3 \u0111\u1eb7c \u0111i\u1ec3m l\u00e0 \u0111\u1ed9 ch\u00ednh x\u00e1c cao v\u00e0 t\u1ef1 \u0111\u1ed9ng h\u00f3a. Khuy\u1ebfn ngh\u1ecb c\u00e1c c\u00f4ng ty gia c\u00f4ng thanh c\u00e1i n\u00ean ch\u1ecdn m\u00e1y thanh c\u00e1i SS-50-3NC 3 trong 1 \u0111\u1ec3 gia c\u00f4ng thanh c\u00e1i c\u00f3 k\u00edch th\u01b0\u1edbc t\u1ed1i \u0111a l\u00e0 16mm (\u0111\u1ed9 d\u00e0y) * 250mm (chi\u1ec1u r\u1ed9ng)<\/p>","protected":false},"featured_media":4133,"comment_status":"open","ping_status":"closed","template":"","meta":[],"product_brand":[],"product_cat":[23],"product_tag":[],"class_list":{"0":"post-3958","1":"product","2":"type-product","3":"status-publish","4":"has-post-thumbnail","6":"product_cat-cnc-3-in-1-busbar-machine","8":"first","9":"instock","10":"shipping-taxable","11":"product-type-simple"},"acf":{"Model":"SS-50-3NC","Max.Force":"500KN","motor power":"3x5.5KW","Max.Thickness":"16mm","Max.Width":"250mm","cnc":"Support","video":"https:\/\/www.youtube.com\/watch?v=WJhe6Rkh7Pk","description":"M\u00e1y thanh c\u00e1i CNC do SunShine\u00ae ph\u00e1t tri\u1ec3n c\u00f3 c\u00e1c t\u00ednh n\u0103ng c\u1ee7a nhi\u1ec1u ch\u1ee9c n\u0103ng trong m\u1ed9t m\u00e1y, h\u1ed7 tr\u1ee3 c\u00e1c ch\u1ee9c n\u0103ng u\u1ed1n thanh c\u00e1i, \u0111\u1ed9t v\u00e0 c\u1eaft. N\u00f3 c\u0169ng \u0111\u01b0\u1ee3c g\u1ecdi l\u00e0 m\u00e1y \u0111\u1ed9t c\u1eaft u\u1ed1n thanh c\u00e1i. B\u1ea3ng \u0111i\u1ec1u khi\u1ec3n di \u0111\u1ed9ng HIM c\u1ee7a \u0111\u01a1n v\u1ecb u\u1ed1n thanh c\u00e1i cho ph\u00e9p ng\u01b0\u1eddi v\u1eadn h\u00e0nh nh\u1eadp tr\u1ef1c quan c\u00e1c th\u00f4ng s\u1ed1 u\u1ed1n, nhanh ch\u00f3ng th\u1ef1c hi\u1ec7n u\u1ed1n thanh c\u00e1i t\u1ef1 \u0111\u1ed9ng th\u00f4ng qua h\u1ec7 th\u1ed1ng \u0111i\u1ec1u khi\u1ec3n CNC v\u00e0 h\u1ed7 tr\u1ee3 l\u1eafp \u0111\u1eb7t thi\u1ebft b\u1ecb \u0111\u1ecbnh v\u1ecb u\u1ed1n servo, gi\u00fap c\u1ea3i thi\u1ec7n \u0111\u00e1ng k\u1ec3 hi\u1ec7u qu\u1ea3 x\u1eed l\u00fd thanh c\u00e1i. <strong>C\u00e1c c\u00f4ng ty gia c\u00f4ng thanh c\u00e1i \u0111\u01b0\u1ee3c khuy\u1ebfn ngh\u1ecb n\u00ean ch\u1ecdn m\u00e1y gia c\u00f4ng thanh c\u00e1i CNC SS-50-3CNC \u0111\u1ec3 gia c\u00f4ng thanh c\u00e1i c\u00f3 k\u00edch th\u01b0\u1edbc t\u1ed1i \u0111a l\u00e0 16mm (\u0111\u1ed9 d\u00e0y) * 250mm (chi\u1ec1u r\u1ed9ng).<\/strong>","product_parameters":{"acftf":{"v":"1.3.20"},"p":{"o":{"uh":0},"ca":""},"c":[{"p":""},{"p":""}],"h":[{"c":""},{"c":""}],"b":[[{"c":"Model"},{"c":"SS-50-3NC\n"}],[{"c":"Max.Punch Force"},{"c":"500KN"}],[{"c":"Punch Diameter Range\n"},{"c":"\u22054.3\u2014\u220534(mm)"}],[{"c":"Max.Punch Thickness"},{"c":"16mm\n"}],[{"c":"Max.Punch Width"},{"c":"250mm\n"}],[{"c":"Max.Cut Thickness"},{"c":"16mm"}],[{"c":"Max.Cut Width"},{"c":"250mm"}],[{"c":"Max.Vertical Bend Force"},{"c":"500KN"}],[{"c":"Max.Vertical Bend Thickness"},{"c":"16mm"}],[{"c":"Max.Vertical Bend Width"},{"c":"250mm"}],[{"c":"Max.Horizontal Bend Width"},{"c":"120mm*12mm\n"}],[{"c":"Max.Horizontal Bend Angle"},{"c":"90\u00ba\n"}],[{"c":"Max.Twist Bend Thickness"},{"c":"16mm"}],[{"c":"Max.Twist Bend Width"},{"c":"250mm"}],[{"c":"CNC Bending Precision\n"},{"c":"\u00b11\u00ba\n"}],[{"c":"CNC Repeat Bending Precision\n"},{"c":"\u00b10.3\u00ba\n"}],[{"c":"Motor Power\n"},{"c":"5.53x4KW\n"}],[{"c":"Length*Height*Width"},{"c":"1950*1560*1420mm"}],[{"c":"Weight"},{"c":"1750kg\n"}]]},"gallery 1":[3834,3833,3811,3815,3883,3884,3882,3837]},"_links":{"self":[{"href":"https:\/\/www.busbarmachine.co\/vi\/wp-json\/wp\/v2\/product\/3958","targetHints":{"allow":["GET"]}}],"collection":[{"href":"https:\/\/www.busbarmachine.co\/vi\/wp-json\/wp\/v2\/product"}],"about":[{"href":"https:\/\/www.busbarmachine.co\/vi\/wp-json\/wp\/v2\/types\/product"}],"replies":[{"embeddable":true,"href":"https:\/\/www.busbarmachine.co\/vi\/wp-json\/wp\/v2\/comments?post=3958"}],"acf:attachment":[{"embeddable":true,"href":"https:\/\/www.busbarmachine.co\/vi\/wp-json\/wp\/v2\/media\/3837"},{"embeddable":true,"href":"https:\/\/www.busbarmachine.co\/vi\/wp-json\/wp\/v2\/media\/3882"},{"embeddable":true,"href":"https:\/\/www.busbarmachine.co\/vi\/wp-json\/wp\/v2\/media\/3884"},{"embeddable":true,"href":"https:\/\/www.busbarmachine.co\/vi\/wp-json\/wp\/v2\/media\/3883"},{"embeddable":true,"href":"https:\/\/www.busbarmachine.co\/vi\/wp-json\/wp\/v2\/media\/3815"},{"embeddable":true,"href":"https:\/\/www.busbarmachine.co\/vi\/wp-json\/wp\/v2\/media\/3811"},{"embeddable":true,"href":"https:\/\/www.busbarmachine.co\/vi\/wp-json\/wp\/v2\/media\/3833"},{"embeddable":true,"href":"https:\/\/www.busbarmachine.co\/vi\/wp-json\/wp\/v2\/media\/3834"}],"wp:featuredmedia":[{"embeddable":true,"href":"https:\/\/www.busbarmachine.co\/vi\/wp-json\/wp\/v2\/media\/4133"}],"wp:attachment":[{"href":"https:\/\/www.busbarmachine.co\/vi\/wp-json\/wp\/v2\/media?parent=3958"}],"wp:term":[{"taxonomy":"product_brand","embeddable":true,"href":"https:\/\/www.busbarmachine.co\/vi\/wp-json\/wp\/v2\/product_brand?post=3958"},{"taxonomy":"product_cat","embeddable":true,"href":"https:\/\/www.busbarmachine.co\/vi\/wp-json\/wp\/v2\/product_cat?post=3958"},{"taxonomy":"product_tag","embeddable":true,"href":"https:\/\/www.busbarmachine.co\/vi\/wp-json\/wp\/v2\/product_tag?post=3958"}],"curies":[{"name":"wp","href":"https:\/\/api.w.org\/{rel}","templated":true}]}}