{"id":24,"date":"2023-10-07T19:00:45","date_gmt":"2023-10-07T11:00:45","guid":{"rendered":"https:\/\/www.busbarmachine.co\/?post_type=product&#038;p=24"},"modified":"2025-02-24T11:19:08","modified_gmt":"2025-02-24T03:19:08","slug":"300kn-3-in-1-copper-busbar-machine","status":"publish","type":"product","link":"https:\/\/www.busbarmachine.co\/vi\/300kn-3-in-1-copper-busbar-machine\/","title":{"rendered":"M\u00e1y thanh \u0111\u1ed3ng 3 trong 1 300KN"},"content":{"rendered":"<p>M\u00e1y gia c\u00f4ng thanh c\u00e1i do SunShine\u00ae s\u1ea3n xu\u1ea5t t\u00edch h\u1ee3p ba ch\u1ee9c n\u0103ng u\u1ed1n thanh c\u00e1i, c\u1eaft v\u00e0 \u0111\u1ee5c l\u1ed7, c\u00f2n \u0111\u01b0\u1ee3c g\u1ecdi l\u00e0 m\u00e1y thanh c\u00e1i 3 trong 1. M\u00e1y c\u00f3 \u0111\u1eb7c \u0111i\u1ec3m l\u00e0 \u0111a ch\u1ee9c n\u0103ng, \u0111\u1ed9 ch\u00ednh x\u00e1c cao v\u00e0 hi\u1ec7u su\u1ea5t cao. B\u1ed9 ph\u1eadn u\u1ed1n m\u00e1y thanh c\u00e1i \u0111\u01b0\u1ee3c trang b\u1ecb h\u1ec7 th\u1ed1ng \u0111i\u1ec1u khi\u1ec3n CNC v\u00e0 b\u1ea3ng \u0111i\u1ec1u khi\u1ec3n di \u0111\u1ed9ng HIM, cho ph\u00e9p ng\u01b0\u1eddi v\u1eadn h\u00e0nh c\u00e0i \u0111\u1eb7t g\u00f3c u\u1ed1n c\u1ea7n thi\u1ebft v\u00e0 c\u00e1c th\u00f4ng s\u1ed1 kh\u00e1c, c\u1ea3i thi\u1ec7n \u0111\u00e1ng k\u1ec3 hi\u1ec7u qu\u1ea3 v\u00e0 \u0111\u1ed9 ch\u00ednh x\u00e1c c\u1ee7a s\u1ea3n xu\u1ea5t thanh c\u00e1i. <strong>C\u00e1c c\u00f4ng ty gia c\u00f4ng thanh c\u00e1i \u0111\u01b0\u1ee3c khuy\u1ebfn ngh\u1ecb n\u00ean ch\u1ecdn m\u00e1y gia c\u00f4ng thanh c\u00e1i CNC SS-30-3NC \u0111\u1ec3 gia c\u00f4ng thanh c\u00e1i c\u00f3 k\u00edch th\u01b0\u1edbc t\u1ed1i \u0111a l\u00e0 12mm (\u0111\u1ed9 d\u00e0y) * 160mm (chi\u1ec1u r\u1ed9ng).<\/strong><\/p>","protected":false},"excerpt":{"rendered":"<p>SunShine\u00ae l\u00e0 nh\u00e0 s\u1ea3n xu\u1ea5t m\u00e1y gia c\u00f4ng thanh c\u00e1i v\u00e0 nh\u00e0 cung c\u1ea5p m\u00e1y gia c\u00f4ng thanh c\u00e1i 3 trong 1. M\u00e1y gia c\u00f4ng thanh c\u00e1i SS-30-3NC l\u00e0 m\u00e1y gia c\u00f4ng thanh c\u00e1i CNC \u0111a ch\u1ee9c n\u0103ng v\u1edbi ch\u1ee9c n\u0103ng u\u1ed1n thanh c\u00e1i, c\u1eaft v\u00e0 \u0111\u1ee5c l\u1ed7. C\u00e1c c\u00f4ng ty gia c\u00f4ng thanh c\u00e1i \u0111\u01b0\u1ee3c khuy\u1ebfn ngh\u1ecb n\u00ean ch\u1ecdn m\u00e1y gia c\u00f4ng thanh c\u00e1i CNC SS-30-3NC \u0111\u1ec3 gia c\u00f4ng thanh c\u00e1i c\u00f3 k\u00edch th\u01b0\u1edbc t\u1ed1i \u0111a l\u00e0 12mm (\u0111\u1ed9 d\u00e0y) * 160mm (chi\u1ec1u r\u1ed9ng).<\/p>","protected":false},"featured_media":4134,"comment_status":"open","ping_status":"closed","template":"","meta":[],"product_brand":[],"product_cat":[23],"product_tag":[],"class_list":{"0":"post-24","1":"product","2":"type-product","3":"status-publish","4":"has-post-thumbnail","6":"product_cat-cnc-3-in-1-busbar-machine","8":"first","9":"instock","10":"shipping-taxable","11":"product-type-simple"},"acf":{"Model":"SS-30-3NC","Max.Force":"300KN","motor power":"3x4KW","Max.Thickness":"12mm","Max.Width":"160mm","cnc":"Support","video":"https:\/\/www.youtube.com\/watch?v=WJhe6Rkh7Pk","description":"M\u00e1y gia c\u00f4ng thanh c\u00e1i do SunShine\u00ae s\u1ea3n xu\u1ea5t t\u00edch h\u1ee3p ba ch\u1ee9c n\u0103ng u\u1ed1n thanh c\u00e1i, c\u1eaft v\u00e0 \u0111\u1ee5c l\u1ed7, c\u00f2n \u0111\u01b0\u1ee3c g\u1ecdi l\u00e0 m\u00e1y thanh c\u00e1i 3 trong 1. M\u00e1y c\u00f3 \u0111\u1eb7c \u0111i\u1ec3m l\u00e0 \u0111a ch\u1ee9c n\u0103ng, \u0111\u1ed9 ch\u00ednh x\u00e1c cao v\u00e0 hi\u1ec7u su\u1ea5t cao. B\u1ed9 ph\u1eadn u\u1ed1n m\u00e1y thanh c\u00e1i \u0111\u01b0\u1ee3c trang b\u1ecb h\u1ec7 th\u1ed1ng \u0111i\u1ec1u khi\u1ec3n CNC v\u00e0 b\u1ea3ng \u0111i\u1ec1u khi\u1ec3n di \u0111\u1ed9ng HIM, cho ph\u00e9p ng\u01b0\u1eddi v\u1eadn h\u00e0nh c\u00e0i \u0111\u1eb7t g\u00f3c u\u1ed1n c\u1ea7n thi\u1ebft v\u00e0 c\u00e1c th\u00f4ng s\u1ed1 kh\u00e1c, c\u1ea3i thi\u1ec7n \u0111\u00e1ng k\u1ec3 hi\u1ec7u qu\u1ea3 v\u00e0 \u0111\u1ed9 ch\u00ednh x\u00e1c c\u1ee7a s\u1ea3n xu\u1ea5t thanh c\u00e1i. <strong>C\u00e1c c\u00f4ng ty gia c\u00f4ng thanh c\u00e1i \u0111\u01b0\u1ee3c khuy\u1ebfn ngh\u1ecb n\u00ean ch\u1ecdn m\u00e1y gia c\u00f4ng thanh c\u00e1i CNC SS-30-3NC \u0111\u1ec3 gia c\u00f4ng thanh c\u00e1i c\u00f3 k\u00edch th\u01b0\u1edbc t\u1ed1i \u0111a l\u00e0 12mm (\u0111\u1ed9 d\u00e0y) * 160mm (chi\u1ec1u r\u1ed9ng).<\/strong>","product_parameters":{"acftf":{"v":"1.3.20"},"p":{"o":{"uh":0},"ca":""},"c":[{"p":""},{"p":""}],"h":[{"c":""},{"c":""}],"b":[[{"c":"Model"},{"c":"SS-30-3NC\n"}],[{"c":"Max.Punch Force"},{"c":"300KN"}],[{"c":"Punch Diameter Range\n"},{"c":"\u22054.3\u2014\u220525(mm)"}],[{"c":"Max.Punch Thickness"},{"c":"12mm\n"}],[{"c":"Max.Punch Width"},{"c":"160mm\n"}],[{"c":"Max.Cut Thickness"},{"c":"12mm"}],[{"c":"Max.Cut Width"},{"c":"160mm"}],[{"c":"Max.Vertical Bend Force"},{"c":"300KN"}],[{"c":"Max.Vertical Bend Thickness"},{"c":"12mm"}],[{"c":"Max.Vertical Bend Width"},{"c":"160mm"}],[{"c":"Max.Horizontal Bend Width"},{"c":"100mm*10mm\n"}],[{"c":"Max.Horizontal Bend Angle"},{"c":"90\u00ba\n"}],[{"c":"Max.Twist Bend Thickness"},{"c":"12mm"}],[{"c":"Max.Twist Bend Width"},{"c":"160mm"}],[{"c":"CNC Bending Precision\n"},{"c":"\u00b11\u00ba\n"}],[{"c":"CNC Repeat Bending Precision\n"},{"c":"\u00b10.3\u00ba\n"}],[{"c":"Motor Power\n"},{"c":"3x4KW\n"}],[{"c":"Length*Height*Width"},{"c":"1790*1400*1420mm"}],[{"c":"Weight"},{"c":"1450kg\n"}]]},"gallery 1":[3887,3886,3855,3852,3842,3883,3884,3882]},"_links":{"self":[{"href":"https:\/\/www.busbarmachine.co\/vi\/wp-json\/wp\/v2\/product\/24","targetHints":{"allow":["GET"]}}],"collection":[{"href":"https:\/\/www.busbarmachine.co\/vi\/wp-json\/wp\/v2\/product"}],"about":[{"href":"https:\/\/www.busbarmachine.co\/vi\/wp-json\/wp\/v2\/types\/product"}],"replies":[{"embeddable":true,"href":"https:\/\/www.busbarmachine.co\/vi\/wp-json\/wp\/v2\/comments?post=24"}],"acf:attachment":[{"embeddable":true,"href":"https:\/\/www.busbarmachine.co\/vi\/wp-json\/wp\/v2\/media\/3882"},{"embeddable":true,"href":"https:\/\/www.busbarmachine.co\/vi\/wp-json\/wp\/v2\/media\/3884"},{"embeddable":true,"href":"https:\/\/www.busbarmachine.co\/vi\/wp-json\/wp\/v2\/media\/3883"},{"embeddable":true,"href":"https:\/\/www.busbarmachine.co\/vi\/wp-json\/wp\/v2\/media\/3842"},{"embeddable":true,"href":"https:\/\/www.busbarmachine.co\/vi\/wp-json\/wp\/v2\/media\/3852"},{"embeddable":true,"href":"https:\/\/www.busbarmachine.co\/vi\/wp-json\/wp\/v2\/media\/3855"},{"embeddable":true,"href":"https:\/\/www.busbarmachine.co\/vi\/wp-json\/wp\/v2\/media\/3886"},{"embeddable":true,"href":"https:\/\/www.busbarmachine.co\/vi\/wp-json\/wp\/v2\/media\/3887"}],"wp:featuredmedia":[{"embeddable":true,"href":"https:\/\/www.busbarmachine.co\/vi\/wp-json\/wp\/v2\/media\/4134"}],"wp:attachment":[{"href":"https:\/\/www.busbarmachine.co\/vi\/wp-json\/wp\/v2\/media?parent=24"}],"wp:term":[{"taxonomy":"product_brand","embeddable":true,"href":"https:\/\/www.busbarmachine.co\/vi\/wp-json\/wp\/v2\/product_brand?post=24"},{"taxonomy":"product_cat","embeddable":true,"href":"https:\/\/www.busbarmachine.co\/vi\/wp-json\/wp\/v2\/product_cat?post=24"},{"taxonomy":"product_tag","embeddable":true,"href":"https:\/\/www.busbarmachine.co\/vi\/wp-json\/wp\/v2\/product_tag?post=24"}],"curies":[{"name":"wp","href":"https:\/\/api.w.org\/{rel}","templated":true}]}}