{"id":6851,"date":"2024-11-14T19:33:51","date_gmt":"2024-11-14T11:33:51","guid":{"rendered":"https:\/\/www.busbarmachine.co\/?page_id=6851"},"modified":"2024-11-15T10:41:08","modified_gmt":"2024-11-15T02:41:08","slug":"portable-hydraulic-busbar-machine-solution","status":"publish","type":"page","link":"https:\/\/www.busbarmachine.co\/vi\/portable-hydraulic-busbar-machine-solution\/","title":{"rendered":"Gi\u1ea3i ph\u00e1p m\u00e1y thanh c\u00e1i th\u1ee7y l\u1ef1c di \u0111\u1ed9ng"},"content":{"rendered":"","protected":false},"excerpt":{"rendered":"","protected":false},"author":1,"featured_media":0,"parent":0,"menu_order":0,"comment_status":"closed","ping_status":"closed","template":"","meta":{"footnotes":""},"class_list":["post-6851","page","type-page","status-publish","hentry"],"acf":[],"_links":{"self":[{"href":"https:\/\/www.busbarmachine.co\/vi\/wp-json\/wp\/v2\/pages\/6851","targetHints":{"allow":["GET"]}}],"collection":[{"href":"https:\/\/www.busbarmachine.co\/vi\/wp-json\/wp\/v2\/pages"}],"about":[{"href":"https:\/\/www.busbarmachine.co\/vi\/wp-json\/wp\/v2\/types\/page"}],"author":[{"embeddable":true,"href":"https:\/\/www.busbarmachine.co\/vi\/wp-json\/wp\/v2\/users\/1"}],"replies":[{"embeddable":true,"href":"https:\/\/www.busbarmachine.co\/vi\/wp-json\/wp\/v2\/comments?post=6851"}],"version-history":[{"count":21,"href":"https:\/\/www.busbarmachine.co\/vi\/wp-json\/wp\/v2\/pages\/6851\/revisions"}],"predecessor-version":[{"id":6880,"href":"https:\/\/www.busbarmachine.co\/vi\/wp-json\/wp\/v2\/pages\/6851\/revisions\/6880"}],"wp:attachment":[{"href":"https:\/\/www.busbarmachine.co\/vi\/wp-json\/wp\/v2\/media?parent=6851"}],"curies":[{"name":"wp","href":"https:\/\/api.w.org\/{rel}","templated":true}]}}