{"id":37,"date":"2023-10-08T12:00:23","date_gmt":"2023-10-08T04:00:23","guid":{"rendered":"https:\/\/www.busbarmachine.co\/?page_id=37"},"modified":"2026-04-13T16:01:27","modified_gmt":"2026-04-13T08:01:27","slug":"busbar-machine-manufacturer-factory-supplier-in-china","status":"publish","type":"page","link":"https:\/\/www.busbarmachine.co\/vi\/","title":{"rendered":"M\u00e1y thanh \u0111\u1ed3ng t\u1ea1i Trung Qu\u1ed1c, Nh\u00e0 s\u1ea3n xu\u1ea5t m\u00e1y \u0111\u1ed9t d\u1eadp c\u1eaft u\u1ed1n thanh \u0111\u1ed3ng"},"content":{"rendered":"","protected":false},"excerpt":{"rendered":"<p>SunShine\u00ae l\u00e0 nh\u00e0 s\u1ea3n xu\u1ea5t m\u00e1y thanh c\u00e1i b\u1eb1ng \u0111\u1ed3ng v\u00e0 nh\u00e0 cung c\u1ea5p m\u00e1y gia c\u00f4ng thanh c\u00e1i t\u1ea1i Trung Qu\u1ed1c, chuy\u00ean cung c\u1ea5p cho c\u00e1c nh\u00e0 m\u00e1y thi\u1ebft b\u1ecb \u0111\u00f3ng c\u1eaft \u0111i\u1ec7n \u00e1p cao v\u00e0 th\u1ea5p v\u00e0 c\u00e1c nh\u00e0 cung c\u1ea5p b\u1ea3ng \u0111i\u1ec7n c\u00e1c gi\u1ea3i ph\u00e1p u\u1ed1n, \u0111\u1ed9t v\u00e0 c\u1eaft thanh c\u00e1i, bao g\u1ed3m m\u00e1y \u0111\u1ed9t c\u1eaft u\u1ed1n thanh c\u00e1i, m\u00e1y u\u1ed1n thanh c\u00e1i CNC, m\u00e1y \u0111\u1ed9t v\u00e0 c\u1eaft thanh c\u00e1i CNC, m\u00e1y thanh c\u00e1i 3 trong 1 \u0111a ch\u1ee9c n\u0103ng v\u00e0 m\u00e1y thanh c\u00e1i th\u1ee7y l\u1ef1c di \u0111\u1ed9ng.<\/p>","protected":false},"author":1,"featured_media":4130,"parent":0,"menu_order":0,"comment_status":"closed","ping_status":"closed","template":"","meta":{"footnotes":""},"class_list":["post-37","page","type-page","status-publish","has-post-thumbnail","hentry"],"acf":[],"_links":{"self":[{"href":"https:\/\/www.busbarmachine.co\/vi\/wp-json\/wp\/v2\/pages\/37","targetHints":{"allow":["GET"]}}],"collection":[{"href":"https:\/\/www.busbarmachine.co\/vi\/wp-json\/wp\/v2\/pages"}],"about":[{"href":"https:\/\/www.busbarmachine.co\/vi\/wp-json\/wp\/v2\/types\/page"}],"author":[{"embeddable":true,"href":"https:\/\/www.busbarmachine.co\/vi\/wp-json\/wp\/v2\/users\/1"}],"replies":[{"embeddable":true,"href":"https:\/\/www.busbarmachine.co\/vi\/wp-json\/wp\/v2\/comments?post=37"}],"version-history":[{"count":100,"href":"https:\/\/www.busbarmachine.co\/vi\/wp-json\/wp\/v2\/pages\/37\/revisions"}],"predecessor-version":[{"id":9294,"href":"https:\/\/www.busbarmachine.co\/vi\/wp-json\/wp\/v2\/pages\/37\/revisions\/9294"}],"wp:featuredmedia":[{"embeddable":true,"href":"https:\/\/www.busbarmachine.co\/vi\/wp-json\/wp\/v2\/media\/4130"}],"wp:attachment":[{"href":"https:\/\/www.busbarmachine.co\/vi\/wp-json\/wp\/v2\/media?parent=37"}],"curies":[{"name":"wp","href":"https:\/\/api.w.org\/{rel}","templated":true}]}}