{"id":5913,"date":"2024-03-02T11:14:48","date_gmt":"2024-03-02T03:14:48","guid":{"rendered":"https:\/\/www.busbarmachine.co\/?post_type=product&#038;p=5913"},"modified":"2024-03-02T18:58:55","modified_gmt":"2024-03-02T10:58:55","slug":"ns-200b-4-horizontal-and-vertical-busbar-bending-machine","status":"publish","type":"product","link":"https:\/\/www.busbarmachine.co\/pt\/ns-200b-4-horizontal-and-vertical-busbar-bending-machine\/","title":{"rendered":"NS-200B-4 M\u00e1quina de Dobra de Barras Horizontal e Vertical"},"content":{"rendered":"<p>A m\u00e1quina de dobrar barramentos hidr\u00e1ulicos SunShine\u00ae NS-200B-4 \u00e9 uma m\u00e1quina de dobrar barramentos port\u00e1til multifuncional, tamb\u00e9m conhecida como m\u00e1quina de dobrar barramentos compacta 4 em 1, com dobra vertical, dobra horizontal, puncionamento de barramentos e fun\u00e7\u00e3o de corte. A m\u00e1quina de dobrar barramentos verticais horizontais NS-200B-4 tem uma dobra vertical m\u00e1xima de 12,5 mm * 125 mm, uma dobra horizontal m\u00e1xima de 12 mm * 200 mm, um corte m\u00e1ximo de 200 mm * 12 mm e uma pun\u00e7\u00e3o m\u00e1xima de \u03a610,5-\u03a620,5. Modelo NS - A m\u00e1quina de dobrar barramentos verticais horizontais 200B-4 \u00e9 pequena em tamanho e f\u00e1cil de mover. \u00c9 muito adequada para operadores de processamento de barramentos para processar barramentos rapidamente em locais de projetos el\u00e9tricos.<\/p>","protected":false},"excerpt":{"rendered":"<p>A m\u00e1quina de dobrar barramentos hidr\u00e1ulica SunShine\u00ae NS-200B-4 \u00e9 uma m\u00e1quina de dobrar barramentos port\u00e1til multifuncional, tamb\u00e9m conhecida como m\u00e1quina de dobrar barramentos compacta 4 em 1, com dobra vertical, dobra horizontal, puncionamento de barramentos e fun\u00e7\u00e3o de corte. A m\u00e1quina de dobrar barramentos verticais horizontais NS-200B-4 tem uma dobra vertical m\u00e1xima de 12,5 mm * 125 mm, uma dobra horizontal m\u00e1xima de 12 mm * 200 mm, um corte m\u00e1ximo de 200 mm * 12 mm e uma pun\u00e7\u00e3o m\u00e1xima de \u03a610,5-\u03a620,5. <\/p>","protected":false},"featured_media":5920,"comment_status":"open","ping_status":"closed","template":"","meta":[],"product_brand":[],"product_cat":[25],"product_tag":[],"class_list":{"0":"post-5913","1":"product","2":"type-product","3":"status-publish","4":"has-post-thumbnail","6":"product_cat-hydraulic-3-in-1-busbar-machine","8":"first","9":"instock","10":"shipping-taxable","11":"product-type-simple"},"acf":{"Model":"NS-200B-4","Max.Force":"30 ton","motor power":"\u2014\u2014","Max.Thickness":"12.5m","Max.Width":"200mm","cnc":"NO","video":"https:\/\/www.youtube.com\/watch?v=ww1b7XMu57w","description":"A m\u00e1quina de dobrar barramentos hidr\u00e1ulicos SunShine\u00ae NS-200B-4 \u00e9 uma m\u00e1quina de dobrar barramentos port\u00e1til multifuncional, tamb\u00e9m conhecida como m\u00e1quina de dobrar barramentos compacta 4 em 1, com dobra vertical, dobra horizontal, puncionamento de barramentos e fun\u00e7\u00e3o de corte. A m\u00e1quina de dobrar barramentos verticais horizontais NS-200B-4 tem uma dobra vertical m\u00e1xima de 12,5 mm * 125 mm, uma dobra horizontal m\u00e1xima de 12 mm * 200 mm, um corte m\u00e1ximo de 200 mm * 12 mm e uma pun\u00e7\u00e3o m\u00e1xima de \u03a610,5-\u03a620,5. Modelo NS - A m\u00e1quina de dobrar barramentos verticais horizontais 200B-4 \u00e9 pequena em tamanho e f\u00e1cil de mover. \u00c9 muito adequada para operadores de processamento de barramentos para processar barramentos rapidamente em locais de projetos el\u00e9tricos.","product_parameters":{"acftf":{"v":"1.3.21"},"p":{"o":{"uh":0},"ca":""},"c":[{"p":""},{"p":""}],"h":[{"c":""},{"c":""}],"b":[[{"c":"Model"},{"c":"NS-200B-4"}],[{"c":"Voltage"},{"c":"220V\/380V AC\t"}],[{"c":"Rated Oil Pressure"},{"c":"630KN"}],[{"c":"Max.Cut Size"},{"c":"200mm x 12mm"}],[{"c":"Max.Punch Size"},{"c":"200mm x 12mm"}],[{"c":"Max.Bend Size"},{"c":"125mm x 12.5mm"}],[{"c":"Depth of Throat"},{"c":"110mm"}],[{"c":"Standard Setting"},{"c":"\u22057,\u22059,\u220510.5,\u220513.8,\u220517,\u220520.5"}],[{"c":"Punching Capacity"},{"c":"\u22056-\u220520.5"}],[{"c":"Table Size"},{"c":"840mm x 900mm x 1200mm"}],[{"c":"Weight"},{"c":"230kg"}]]},"gallery 1":[5921,5916,5915,4074,5914,4072,4067]},"_links":{"self":[{"href":"https:\/\/www.busbarmachine.co\/pt\/wp-json\/wp\/v2\/product\/5913","targetHints":{"allow":["GET"]}}],"collection":[{"href":"https:\/\/www.busbarmachine.co\/pt\/wp-json\/wp\/v2\/product"}],"about":[{"href":"https:\/\/www.busbarmachine.co\/pt\/wp-json\/wp\/v2\/types\/product"}],"replies":[{"embeddable":true,"href":"https:\/\/www.busbarmachine.co\/pt\/wp-json\/wp\/v2\/comments?post=5913"}],"acf:attachment":[{"embeddable":true,"href":"https:\/\/www.busbarmachine.co\/pt\/wp-json\/wp\/v2\/media\/4067"},{"embeddable":true,"href":"https:\/\/www.busbarmachine.co\/pt\/wp-json\/wp\/v2\/media\/4072"},{"embeddable":true,"href":"https:\/\/www.busbarmachine.co\/pt\/wp-json\/wp\/v2\/media\/5914"},{"embeddable":true,"href":"https:\/\/www.busbarmachine.co\/pt\/wp-json\/wp\/v2\/media\/4074"},{"embeddable":true,"href":"https:\/\/www.busbarmachine.co\/pt\/wp-json\/wp\/v2\/media\/5915"},{"embeddable":true,"href":"https:\/\/www.busbarmachine.co\/pt\/wp-json\/wp\/v2\/media\/5916"},{"embeddable":true,"href":"https:\/\/www.busbarmachine.co\/pt\/wp-json\/wp\/v2\/media\/5921"}],"wp:featuredmedia":[{"embeddable":true,"href":"https:\/\/www.busbarmachine.co\/pt\/wp-json\/wp\/v2\/media\/5920"}],"wp:attachment":[{"href":"https:\/\/www.busbarmachine.co\/pt\/wp-json\/wp\/v2\/media?parent=5913"}],"wp:term":[{"taxonomy":"product_brand","embeddable":true,"href":"https:\/\/www.busbarmachine.co\/pt\/wp-json\/wp\/v2\/product_brand?post=5913"},{"taxonomy":"product_cat","embeddable":true,"href":"https:\/\/www.busbarmachine.co\/pt\/wp-json\/wp\/v2\/product_cat?post=5913"},{"taxonomy":"product_tag","embeddable":true,"href":"https:\/\/www.busbarmachine.co\/pt\/wp-json\/wp\/v2\/product_tag?post=5913"}],"curies":[{"name":"wp","href":"https:\/\/api.w.org\/{rel}","templated":true}]}}