{"id":4463,"date":"2023-12-03T15:15:06","date_gmt":"2023-12-03T07:15:06","guid":{"rendered":"https:\/\/www.busbarmachine.co\/?post_type=product&#038;p=4463"},"modified":"2023-12-26T08:58:22","modified_gmt":"2023-12-26T00:58:22","slug":"ss-150e-portable-busbar-embossing-machine-copy","status":"publish","type":"product","link":"https:\/\/www.busbarmachine.co\/pt\/ss-150e-portable-busbar-embossing-machine-copy\/","title":{"rendered":"M\u00e1quina de estampagem de barramento hidr\u00e1ulico port\u00e1til SS-150E"},"content":{"rendered":"<p>A m\u00e1quina de estampagem de barramento hidr\u00e1ulico port\u00e1til \u00e9 usada para nivelar e estampar juntas de barras de cobre e alum\u00ednio. Ap\u00f3s o achatamento, o barramento tem uma apar\u00eancia bonita e pode melhorar o desempenho condutivo, reduzindo muito o custo de manuten\u00e7\u00e3o da subesta\u00e7\u00e3o. A m\u00e1quina de estampagem de barramento port\u00e1til SUNSHINE\u00ae precisa ser usada com uma bomba hidr\u00e1ulica (bomba manual, bomba de p\u00e9, bomba el\u00e9trica).<\/p>","protected":false},"excerpt":{"rendered":"<p>A m\u00e1quina de estampagem de barramento hidr\u00e1ulico port\u00e1til \u00e9 usada para nivelar e estampar juntas de barras de cobre e alum\u00ednio. Ap\u00f3s o achatamento, o barramento tem uma apar\u00eancia bonita e pode melhorar o desempenho condutivo, reduzindo muito o custo de manuten\u00e7\u00e3o da subesta\u00e7\u00e3o. A m\u00e1quina de estampagem de barramento port\u00e1til SUNSHINE\u00ae precisa ser usada com uma bomba hidr\u00e1ulica (bomba manual, bomba de p\u00e9, bomba el\u00e9trica).<\/p>","protected":false},"featured_media":4404,"comment_status":"open","ping_status":"closed","template":"","meta":[],"product_brand":[],"product_cat":[29],"product_tag":[],"class_list":{"0":"post-4463","1":"product","2":"type-product","3":"status-publish","4":"has-post-thumbnail","6":"product_cat-portable-busbar-embossing-machine","8":"first","9":"instock","10":"shipping-taxable","11":"product-type-simple"},"acf":{"Model":"SS-150E","Max.Force":"72ton","motor power":"\u2014\u2014","Max.Thickness":"30mm","Max.Width":"150 x 12.5mm","cnc":"No","video":"https:\/\/www.youtube.com\/watch?v=9JoyDDVFlVE","description":"A m\u00e1quina de estampagem de barramento hidr\u00e1ulico port\u00e1til \u00e9 usada para nivelar e estampar juntas de barras de cobre e alum\u00ednio. Ap\u00f3s o achatamento, o barramento tem uma apar\u00eancia bonita e pode melhorar o desempenho condutivo, reduzindo muito o custo de manuten\u00e7\u00e3o da subesta\u00e7\u00e3o. A m\u00e1quina de estampagem de barramento port\u00e1til SUNSHINE\u00ae precisa ser usada com uma bomba hidr\u00e1ulica (bomba manual, bomba de p\u00e9, bomba el\u00e9trica).","product_parameters":{"acftf":{"v":"1.3.20"},"p":{"o":{"uh":0},"ca":""},"c":[{"p":""},{"p":""}],"h":[{"c":""},{"c":""}],"b":[[{"c":"Mold"},{"c":"SS-150E"}],[{"c":"Output"},{"c":"72ton"}],[{"c":"Working Range"},{"c":"150 x 12.5mm"}],[{"c":"Working Stroke"},{"c":"30mm"}],[{"c":"Weight"},{"c":"58kg"}],[{"c":"Size"},{"c":"330 x 245 x 325mm"}]]},"gallery 1":[4406,4405,4404]},"_links":{"self":[{"href":"https:\/\/www.busbarmachine.co\/pt\/wp-json\/wp\/v2\/product\/4463","targetHints":{"allow":["GET"]}}],"collection":[{"href":"https:\/\/www.busbarmachine.co\/pt\/wp-json\/wp\/v2\/product"}],"about":[{"href":"https:\/\/www.busbarmachine.co\/pt\/wp-json\/wp\/v2\/types\/product"}],"replies":[{"embeddable":true,"href":"https:\/\/www.busbarmachine.co\/pt\/wp-json\/wp\/v2\/comments?post=4463"}],"acf:attachment":[{"embeddable":true,"href":"https:\/\/www.busbarmachine.co\/pt\/wp-json\/wp\/v2\/media\/4404"},{"embeddable":true,"href":"https:\/\/www.busbarmachine.co\/pt\/wp-json\/wp\/v2\/media\/4405"},{"embeddable":true,"href":"https:\/\/www.busbarmachine.co\/pt\/wp-json\/wp\/v2\/media\/4406"}],"wp:featuredmedia":[{"embeddable":true,"href":"https:\/\/www.busbarmachine.co\/pt\/wp-json\/wp\/v2\/media\/4404"}],"wp:attachment":[{"href":"https:\/\/www.busbarmachine.co\/pt\/wp-json\/wp\/v2\/media?parent=4463"}],"wp:term":[{"taxonomy":"product_brand","embeddable":true,"href":"https:\/\/www.busbarmachine.co\/pt\/wp-json\/wp\/v2\/product_brand?post=4463"},{"taxonomy":"product_cat","embeddable":true,"href":"https:\/\/www.busbarmachine.co\/pt\/wp-json\/wp\/v2\/product_cat?post=4463"},{"taxonomy":"product_tag","embeddable":true,"href":"https:\/\/www.busbarmachine.co\/pt\/wp-json\/wp\/v2\/product_tag?post=4463"}],"curies":[{"name":"wp","href":"https:\/\/api.w.org\/{rel}","templated":true}]}}