{"id":4458,"date":"2023-12-03T14:43:58","date_gmt":"2023-12-03T06:43:58","guid":{"rendered":"https:\/\/www.busbarmachine.co\/?post_type=product&#038;p=4458"},"modified":"2023-12-26T08:56:31","modified_gmt":"2023-12-26T00:56:31","slug":"ss-60-portable-hydraulic-busbar-punching-machine","status":"publish","type":"product","link":"https:\/\/www.busbarmachine.co\/pt\/ss-60-portable-hydraulic-busbar-punching-machine\/","title":{"rendered":"M\u00e1quina de perfura\u00e7\u00e3o de barramento hidr\u00e1ulico port\u00e1til SS-60"},"content":{"rendered":"<p>A m\u00e1quina de perfura\u00e7\u00e3o de barramento hidr\u00e1ulico \u00e9 frequentemente usada para perfura\u00e7\u00e3o de barramento no local devido ao seu design de al\u00e7a port\u00e1til e \u00e9 a ferramenta de primeira escolha para processamento de perfura\u00e7\u00e3o de barramento ao ar livre. Como uma f\u00e1brica e fornecedora de m\u00e1quinas de perfura\u00e7\u00e3o de barramento port\u00e1til, cada m\u00e1quina de perfura\u00e7\u00e3o de barramento hidr\u00e1ulico SUNSHINE\u00ae \u00e9 equipada com conectores r\u00e1pidos R2 3\/8 e tampas de poeira, e 4 conjuntos de matrizes redondas.<\/p>","protected":false},"excerpt":{"rendered":"<p>A m\u00e1quina de perfura\u00e7\u00e3o de barramento hidr\u00e1ulico \u00e9 frequentemente usada para perfura\u00e7\u00e3o de barramento no local devido ao seu design de al\u00e7a port\u00e1til e \u00e9 a ferramenta de primeira escolha para processamento de perfura\u00e7\u00e3o de barramento ao ar livre. Como uma f\u00e1brica e fornecedora de m\u00e1quinas de perfura\u00e7\u00e3o de barramento port\u00e1til, cada m\u00e1quina de perfura\u00e7\u00e3o de barramento hidr\u00e1ulico SUNSHINE\u00ae \u00e9 equipada com conectores r\u00e1pidos R2 3\/8 e tampas de poeira, e 4 conjuntos de matrizes redondas.<\/p>","protected":false},"featured_media":4341,"comment_status":"open","ping_status":"closed","template":"","meta":[],"product_brand":[],"product_cat":[27],"product_tag":[],"class_list":{"0":"post-4458","1":"product","2":"type-product","3":"status-publish","4":"has-post-thumbnail","6":"product_cat-portable-busbar-punching-machine","8":"first","9":"instock","10":"shipping-taxable","11":"product-type-simple"},"acf":{"Model":"SS-60","Max.Force":"31 ton","motor power":"\u2014\u2014","Max.Thickness":"3mm-10mm","Max.Width":"\u2014\u2014","cnc":"No","video":"https:\/\/www.youtube.com\/watch?v=GZqzn0g-Uko","description":"A m\u00e1quina de perfura\u00e7\u00e3o de barramento hidr\u00e1ulico \u00e9 frequentemente usada para perfura\u00e7\u00e3o de barramento no local devido ao seu design de al\u00e7a port\u00e1til e \u00e9 a ferramenta de primeira escolha para processamento de perfura\u00e7\u00e3o de barramento ao ar livre. Como uma f\u00e1brica e fornecedora de m\u00e1quinas de perfura\u00e7\u00e3o de barramento port\u00e1til, cada m\u00e1quina de perfura\u00e7\u00e3o de barramento hidr\u00e1ulico SUNSHINE\u00ae \u00e9 equipada com conectores r\u00e1pidos R2 3\/8 e tampas de poeira, e 4 conjuntos de matrizes redondas.","product_parameters":{"acftf":{"v":"1.3.20"},"p":{"o":{"uh":0},"ca":""},"c":[{"p":""},{"p":""}],"h":[{"c":""},{"c":""}],"b":[[{"c":"Mold"},{"c":"SS-60"}],[{"c":"Output"},{"c":"31ton"}],[{"c":"Depth of Throat"},{"c":"95mm"}],[{"c":"Angle Steel"},{"c":"4-8#"}],[{"c":"Channel Steel"},{"c":"\t6-10#"}],[{"c":"Copper and Aluminum Row"},{"c":"3mm-10mm"}],[{"c":"Iron Plate"},{"c":"3mm-8mm"}],[{"c":"Standard Setting"},{"c":"\u00d810.5\uff0c\u00d8 13.8\uff0c\u00d8 17.5\uff0c\u00d8 20.5"}],[{"c":"Weight"},{"c":"20kg"}],[{"c":"Size"},{"c":"350 x 220 x 75mm"}]]},"gallery 1":[4357,4356,4353,4350,4348,4360,4361,4363]},"_links":{"self":[{"href":"https:\/\/www.busbarmachine.co\/pt\/wp-json\/wp\/v2\/product\/4458","targetHints":{"allow":["GET"]}}],"collection":[{"href":"https:\/\/www.busbarmachine.co\/pt\/wp-json\/wp\/v2\/product"}],"about":[{"href":"https:\/\/www.busbarmachine.co\/pt\/wp-json\/wp\/v2\/types\/product"}],"replies":[{"embeddable":true,"href":"https:\/\/www.busbarmachine.co\/pt\/wp-json\/wp\/v2\/comments?post=4458"}],"acf:attachment":[{"embeddable":true,"href":"https:\/\/www.busbarmachine.co\/pt\/wp-json\/wp\/v2\/media\/4363"},{"embeddable":true,"href":"https:\/\/www.busbarmachine.co\/pt\/wp-json\/wp\/v2\/media\/4361"},{"embeddable":true,"href":"https:\/\/www.busbarmachine.co\/pt\/wp-json\/wp\/v2\/media\/4360"},{"embeddable":true,"href":"https:\/\/www.busbarmachine.co\/pt\/wp-json\/wp\/v2\/media\/4348"},{"embeddable":true,"href":"https:\/\/www.busbarmachine.co\/pt\/wp-json\/wp\/v2\/media\/4350"},{"embeddable":true,"href":"https:\/\/www.busbarmachine.co\/pt\/wp-json\/wp\/v2\/media\/4353"},{"embeddable":true,"href":"https:\/\/www.busbarmachine.co\/pt\/wp-json\/wp\/v2\/media\/4356"},{"embeddable":true,"href":"https:\/\/www.busbarmachine.co\/pt\/wp-json\/wp\/v2\/media\/4357"}],"wp:featuredmedia":[{"embeddable":true,"href":"https:\/\/www.busbarmachine.co\/pt\/wp-json\/wp\/v2\/media\/4341"}],"wp:attachment":[{"href":"https:\/\/www.busbarmachine.co\/pt\/wp-json\/wp\/v2\/media?parent=4458"}],"wp:term":[{"taxonomy":"product_brand","embeddable":true,"href":"https:\/\/www.busbarmachine.co\/pt\/wp-json\/wp\/v2\/product_brand?post=4458"},{"taxonomy":"product_cat","embeddable":true,"href":"https:\/\/www.busbarmachine.co\/pt\/wp-json\/wp\/v2\/product_cat?post=4458"},{"taxonomy":"product_tag","embeddable":true,"href":"https:\/\/www.busbarmachine.co\/pt\/wp-json\/wp\/v2\/product_tag?post=4458"}],"curies":[{"name":"wp","href":"https:\/\/api.w.org\/{rel}","templated":true}]}}