{"id":4455,"date":"2023-12-03T14:18:53","date_gmt":"2023-12-03T06:18:53","guid":{"rendered":"https:\/\/www.busbarmachine.co\/?post_type=product&#038;p=4455"},"modified":"2023-12-26T08:55:16","modified_gmt":"2023-12-26T00:55:16","slug":"ss-150-portable-hydraulic-busbar-cutting-machine","status":"publish","type":"product","link":"https:\/\/www.busbarmachine.co\/pt\/ss-150-portable-hydraulic-busbar-cutting-machine\/","title":{"rendered":"M\u00e1quina de corte de barramento hidr\u00e1ulico port\u00e1til SS-150"},"content":{"rendered":"<p>A m\u00e1quina de corte de barramento hidr\u00e1ulico port\u00e1til adota corte unilateral, de modo que a for\u00e7a de corte do barramento \u00e9 mais uniforme e o corte \u00e9 suave e sem rebarbas. Ao mesmo tempo, um parafuso de ajuste de espessura foi adicionado. Ao cortar barramentos de cobre e alum\u00ednio de tamanhos diferentes, o parafuso pode ser ajustado para manter o equil\u00edbrio do corte. Os cortadores de barramento hidr\u00e1ulico SUNSHINE\u00ae podem ser usados com bombas hidr\u00e1ulicas manuais ou el\u00e9tricas.<\/p>","protected":false},"excerpt":{"rendered":"<p>A m\u00e1quina de corte de barramento hidr\u00e1ulico port\u00e1til adota corte unilateral, de modo que a for\u00e7a de corte do barramento \u00e9 mais uniforme e o corte \u00e9 suave e sem rebarbas. Ao mesmo tempo, um parafuso de ajuste de espessura foi adicionado. Ao cortar barramentos de cobre e alum\u00ednio de tamanhos diferentes, o parafuso pode ser ajustado para manter o equil\u00edbrio do corte. Os cortadores de barramento hidr\u00e1ulico SUNSHINE\u00ae podem ser usados com bombas hidr\u00e1ulicas manuais ou el\u00e9tricas.<\/p>","protected":false},"featured_media":4388,"comment_status":"open","ping_status":"closed","template":"","meta":[],"product_brand":[],"product_cat":[28],"product_tag":[],"class_list":{"0":"post-4455","1":"product","2":"type-product","3":"status-publish","4":"has-post-thumbnail","6":"product_cat-portable-busbar-cutting-machine","8":"first","9":"instock","10":"shipping-taxable","11":"product-type-simple"},"acf":{"Model":"SS-150","Max.Force":"25 ton","motor power":"\u2014\u2014","Max.Thickness":"10mm","Max.Width":"150mm","cnc":"No","video":"https:\/\/www.youtube.com\/watch?v=q7AKB_v63Ak","description":"A m\u00e1quina de corte de barramento hidr\u00e1ulico port\u00e1til adota corte unilateral, de modo que a for\u00e7a de corte do barramento \u00e9 mais uniforme e o corte \u00e9 suave e sem rebarbas. Ao mesmo tempo, um parafuso de ajuste de espessura foi adicionado. Ao cortar barramentos de cobre e alum\u00ednio de tamanhos diferentes, o parafuso pode ser ajustado para manter o equil\u00edbrio do corte. Os cortadores de barramento hidr\u00e1ulico SUNSHINE\u00ae podem ser usados com bombas hidr\u00e1ulicas manuais ou el\u00e9tricas.","product_parameters":{"acftf":{"v":"1.3.20"},"p":{"o":{"uh":0},"ca":""},"c":[{"p":""},{"p":""}],"h":[{"c":""},{"c":""}],"b":[[{"c":"Mold"},{"c":"SS-150\t"}],[{"c":"Output"},{"c":"25ton"}],[{"c":"Max.Thickness"},{"c":"10mm"}],[{"c":"Max.Width"},{"c":"150mm"}],[{"c":"Weight"},{"c":"30kg"}],[{"c":"Size"},{"c":"270 x 150 x 410mm\n"}]]},"gallery 1":[4385,4390,4387]},"_links":{"self":[{"href":"https:\/\/www.busbarmachine.co\/pt\/wp-json\/wp\/v2\/product\/4455","targetHints":{"allow":["GET"]}}],"collection":[{"href":"https:\/\/www.busbarmachine.co\/pt\/wp-json\/wp\/v2\/product"}],"about":[{"href":"https:\/\/www.busbarmachine.co\/pt\/wp-json\/wp\/v2\/types\/product"}],"replies":[{"embeddable":true,"href":"https:\/\/www.busbarmachine.co\/pt\/wp-json\/wp\/v2\/comments?post=4455"}],"acf:attachment":[{"embeddable":true,"href":"https:\/\/www.busbarmachine.co\/pt\/wp-json\/wp\/v2\/media\/4387"},{"embeddable":true,"href":"https:\/\/www.busbarmachine.co\/pt\/wp-json\/wp\/v2\/media\/4390"},{"embeddable":true,"href":"https:\/\/www.busbarmachine.co\/pt\/wp-json\/wp\/v2\/media\/4385"}],"wp:featuredmedia":[{"embeddable":true,"href":"https:\/\/www.busbarmachine.co\/pt\/wp-json\/wp\/v2\/media\/4388"}],"wp:attachment":[{"href":"https:\/\/www.busbarmachine.co\/pt\/wp-json\/wp\/v2\/media?parent=4455"}],"wp:term":[{"taxonomy":"product_brand","embeddable":true,"href":"https:\/\/www.busbarmachine.co\/pt\/wp-json\/wp\/v2\/product_brand?post=4455"},{"taxonomy":"product_cat","embeddable":true,"href":"https:\/\/www.busbarmachine.co\/pt\/wp-json\/wp\/v2\/product_cat?post=4455"},{"taxonomy":"product_tag","embeddable":true,"href":"https:\/\/www.busbarmachine.co\/pt\/wp-json\/wp\/v2\/product_tag?post=4455"}],"curies":[{"name":"wp","href":"https:\/\/api.w.org\/{rel}","templated":true}]}}