{"id":4339,"date":"2023-12-02T20:56:26","date_gmt":"2023-12-02T12:56:26","guid":{"rendered":"https:\/\/www.busbarmachine.co\/?post_type=product&#038;p=4339"},"modified":"2023-12-26T08:53:54","modified_gmt":"2023-12-26T00:53:54","slug":"ss-150d-portable-hydraulic-busbar-bending-machine","status":"publish","type":"product","link":"https:\/\/www.busbarmachine.co\/pt\/ss-150d-portable-hydraulic-busbar-bending-machine\/","title":{"rendered":"M\u00e1quina de dobrar barramentos hidr\u00e1ulicos port\u00e1til SS-150D"},"content":{"rendered":"<p>As m\u00e1quinas de dobra de barramentos hidr\u00e1ulicos port\u00e1teis s\u00e3o frequentemente usadas para dobra em lote de barramentos de cobre e alum\u00ednio no local e em locais fixos. A m\u00e1quina de dobra de barramentos port\u00e1til \u00e9 desenvolvida de forma inovadora usando a tecnologia SUNSHINE\u00ae. Ela adota um amplo grupo de unidades de pist\u00e3o para tornar a for\u00e7a de dobra do barramento mais uniforme; o design dividido pode ser usado com qualquer bomba hidr\u00e1ulica (manual ou el\u00e9trica); adicionar escalas precisas pode ser personalizado para dobrar em qualquer \u00e2ngulo, conforme necess\u00e1rio.<\/p>","protected":false},"excerpt":{"rendered":"<p>As m\u00e1quinas de dobra de barramentos hidr\u00e1ulicos port\u00e1teis s\u00e3o frequentemente usadas para dobra em lote de barramentos de cobre e alum\u00ednio no local e em locais fixos. A m\u00e1quina de dobra de barramentos port\u00e1til \u00e9 desenvolvida de forma inovadora usando a tecnologia SUNSHINE\u00ae. Ela adota um amplo grupo de unidades de pist\u00e3o para tornar a for\u00e7a de dobra do barramento mais uniforme; o design dividido pode ser usado com qualquer bomba hidr\u00e1ulica (manual ou el\u00e9trica); adicionar escalas precisas pode ser personalizado para dobrar em qualquer \u00e2ngulo, conforme necess\u00e1rio.<\/p>","protected":false},"featured_media":4420,"comment_status":"open","ping_status":"closed","template":"","meta":[],"product_brand":[],"product_cat":[26],"product_tag":[],"class_list":{"0":"post-4339","1":"product","2":"type-product","3":"status-publish","4":"has-post-thumbnail","6":"product_cat-portable-busbar-bending-machine","8":"first","9":"instock","10":"shipping-taxable","11":"product-type-simple"},"acf":{"Model":"SS-150D","Max.Force":"20 ton","motor power":"\u2014\u2014","Max.Thickness":"10mm","Max.Width":"150mm","cnc":"Yes","video":"https:\/\/www.youtube.com\/watch?v=HBSEv5oN7AQ","description":"As m\u00e1quinas de dobra de barramentos hidr\u00e1ulicos port\u00e1teis s\u00e3o frequentemente usadas para dobra em lote de barramentos de cobre e alum\u00ednio no local e em locais fixos. A m\u00e1quina de dobra de barramentos port\u00e1til \u00e9 desenvolvida de forma inovadora usando a tecnologia SUNSHINE\u00ae. Ela adota um amplo grupo de unidades de pist\u00e3o para tornar a for\u00e7a de dobra do barramento mais uniforme; o design dividido pode ser usado com qualquer bomba hidr\u00e1ulica (manual ou el\u00e9trica); adicionar escalas precisas pode ser personalizado para dobrar em qualquer \u00e2ngulo, conforme necess\u00e1rio.","product_parameters":{"acftf":{"v":"1.3.20"},"p":{"o":{"uh":0},"ca":""},"c":[{"p":""},{"p":""}],"h":[{"c":""},{"c":""}],"b":[[{"c":"Mold"},{"c":"SS-150D"}],[{"c":"Output"},{"c":"20ton"}],[{"c":"Max.Thickness"},{"c":"10mm"}],[{"c":"Max.Width"},{"c":"150mm"}],[{"c":"Weight"},{"c":"\t21kg"}],[{"c":"Size"},{"c":"360 x 130 x 260mm"}]]},"gallery 1":[4446,4445,4444,4441,4439,4437,4450,4451,4452,4453]},"_links":{"self":[{"href":"https:\/\/www.busbarmachine.co\/pt\/wp-json\/wp\/v2\/product\/4339","targetHints":{"allow":["GET"]}}],"collection":[{"href":"https:\/\/www.busbarmachine.co\/pt\/wp-json\/wp\/v2\/product"}],"about":[{"href":"https:\/\/www.busbarmachine.co\/pt\/wp-json\/wp\/v2\/types\/product"}],"replies":[{"embeddable":true,"href":"https:\/\/www.busbarmachine.co\/pt\/wp-json\/wp\/v2\/comments?post=4339"}],"acf:attachment":[{"embeddable":true,"href":"https:\/\/www.busbarmachine.co\/pt\/wp-json\/wp\/v2\/media\/4453"},{"embeddable":true,"href":"https:\/\/www.busbarmachine.co\/pt\/wp-json\/wp\/v2\/media\/4452"},{"embeddable":true,"href":"https:\/\/www.busbarmachine.co\/pt\/wp-json\/wp\/v2\/media\/4451"},{"embeddable":true,"href":"https:\/\/www.busbarmachine.co\/pt\/wp-json\/wp\/v2\/media\/4450"},{"embeddable":true,"href":"https:\/\/www.busbarmachine.co\/pt\/wp-json\/wp\/v2\/media\/4437"},{"embeddable":true,"href":"https:\/\/www.busbarmachine.co\/pt\/wp-json\/wp\/v2\/media\/4439"},{"embeddable":true,"href":"https:\/\/www.busbarmachine.co\/pt\/wp-json\/wp\/v2\/media\/4441"},{"embeddable":true,"href":"https:\/\/www.busbarmachine.co\/pt\/wp-json\/wp\/v2\/media\/4444"},{"embeddable":true,"href":"https:\/\/www.busbarmachine.co\/pt\/wp-json\/wp\/v2\/media\/4445"},{"embeddable":true,"href":"https:\/\/www.busbarmachine.co\/pt\/wp-json\/wp\/v2\/media\/4446"}],"wp:featuredmedia":[{"embeddable":true,"href":"https:\/\/www.busbarmachine.co\/pt\/wp-json\/wp\/v2\/media\/4420"}],"wp:attachment":[{"href":"https:\/\/www.busbarmachine.co\/pt\/wp-json\/wp\/v2\/media?parent=4339"}],"wp:term":[{"taxonomy":"product_brand","embeddable":true,"href":"https:\/\/www.busbarmachine.co\/pt\/wp-json\/wp\/v2\/product_brand?post=4339"},{"taxonomy":"product_cat","embeddable":true,"href":"https:\/\/www.busbarmachine.co\/pt\/wp-json\/wp\/v2\/product_cat?post=4339"},{"taxonomy":"product_tag","embeddable":true,"href":"https:\/\/www.busbarmachine.co\/pt\/wp-json\/wp\/v2\/product_tag?post=4339"}],"curies":[{"name":"wp","href":"https:\/\/api.w.org\/{rel}","templated":true}]}}