{"id":4215,"date":"2023-12-01T14:45:51","date_gmt":"2023-12-01T06:45:51","guid":{"rendered":"https:\/\/www.busbarmachine.co\/?post_type=product&#038;p=4215"},"modified":"2025-02-24T11:17:42","modified_gmt":"2025-02-24T03:17:42","slug":"ns-303c-7p-cnc-busbar-punching-shearing-machine","status":"publish","type":"product","link":"https:\/\/www.busbarmachine.co\/pt\/ns-303c-7p-cnc-busbar-punching-shearing-machine\/","title":{"rendered":"M\u00e1quina de corte e puncionamento de barramento CNC MX-302K-7C"},"content":{"rendered":"<p>SunShine\u00ae MX-302K-7C CNC busbar processing machine is a high-performance CNC busbar machine that integrates punching and shearing. The MX-302K-7C CNC busbar punching and shearing machine adopts a straight column mold frame with 5 punches 1 shear 1 embossing to ensure the concentricity of the upper and lower dies during long-term use during processing. It is also equipped with CNC control system and CAD\/CAM system, which greatly improves the production efficiency of busbar punching and shearing. Get the latest busbar punching and shearing machine prices, contact us now.<\/p>","protected":false},"excerpt":{"rendered":"<p>SunShine\u00ae \u00e9 um fabricante de m\u00e1quinas de corte e puncionamento de barramentos CNC da China e fornecedor de m\u00e1quinas de processamento de barramentos CNC. A m\u00e1quina de corte e puncionamento de barramentos CNC MX-302K-7C adota uma estrutura de molde de coluna reta com 7 pun\u00e7\u00f5es e 1 cisalhamento, e os moldes superior e inferior t\u00eam alta concentricidade. A m\u00e1quina de corte e puncionamento de barramentos CNC NS-303C-7P pode cortar e puncionar barramentos de cobre e alum\u00ednio (v\u00e1rios furos redondos\/furos quadrados\/furos especiais, tipos de ranhuras). Obtenha os pre\u00e7os mais recentes de m\u00e1quinas de corte e puncionamento de barramentos, entre em contato conosco agora.<\/p>","protected":false},"featured_media":4277,"comment_status":"open","ping_status":"closed","template":"","meta":[],"product_brand":[],"product_cat":[44],"product_tag":[],"class_list":{"0":"post-4215","1":"product","2":"type-product","3":"status-publish","4":"has-post-thumbnail","6":"product_cat-cnc-busbar-punching-machine","8":"first","9":"instock","10":"shipping-taxable","11":"product-type-simple"},"acf":{"Model":"MX-302K-7C","Max.Force":"30 ton","motor power":"5.5kw","Max.Thickness":"12mm","Max.Width":"125mm","cnc":"Yes","video":"https:\/\/www.youtube.com\/watch?v=YoZyTFF0rMY","description":"A m\u00e1quina de processamento de barramento CNC SunShine\u00ae MX-302K-7C \u00e9 uma m\u00e1quina de barramento CNC de alto desempenho que integra puncionamento e cisalhamento. A m\u00e1quina de puncionamento e cisalhamento de barramento CNC MX-302K-7C adota uma estrutura de molde de coluna reta com 5 pun\u00e7\u00f5es + 1 cisalhamento + 1 estampagem para garantir a concentricidade das matrizes superior e inferior durante o uso a longo prazo durante o processamento. Tamb\u00e9m \u00e9 equipada com sistema de controle CNC e sistema CAD\/CAM, o que melhora muito a efici\u00eancia da produ\u00e7\u00e3o de puncionamento e cisalhamento de barramento. Obtenha os pre\u00e7os mais recentes de m\u00e1quinas de puncionamento e cisalhamento de barramento, <a style=\"color: #000080; text-decoration: underline;\" href=\"https:\/\/www.busbarmachine.co\/pt\/contact-us\/\">entre em contato conosco agora<\/a>.","product_parameters":{"acftf":{"v":"1.3.22"},"p":{"o":{"uh":0},"ca":""},"c":[{"p":""},{"p":""}],"h":[{"c":""},{"c":""}],"b":[[{"c":"Mold"},{"c":"MX-302K-7C"}],[{"c":"Max.Force"},{"c":"30ton"}],[{"c":"Feeding Station Size"},{"c":"2500 x 500mm"}],[{"c":"Out Station Size"},{"c":"2500 x 500mm"}],[{"c":"Max.Metal Plate Size"},{"c":"\t6000 x 120 x 12mm"}],[{"c":"Max Processing Thickness"},{"c":"12mm"}],[{"c":"Max Processing Width"},{"c":"125mm"}],[{"c":"Max Punching Diameter"},{"c":"\u22054.3\u2014\u220525mm"}],[{"c":"Max.Number of Shearing Mould"},{"c":"1"}],[{"c":"Max.Number of Punching Mould"},{"c":"7"}],[{"c":"Max Stroke of X-axis"},{"c":"2000mm"}],[{"c":"X-axis Accuracy Error"},{"c":"0.10\/500mm"}],[{"c":"Max Stroke of Y-axis"},{"c":"740mm"}],[{"c":"Y-axis Accuracy Error"},{"c":"0.10\/500mm"}],[{"c":"Max Stroke of Z-axis"},{"c":"145mm"}],[{"c":"T-axis Transmission Length"},{"c":"4100mm"}],[{"c":"Stroke of Beat Cylinder"},{"c":"\t50mm"}],[{"c":"Number of Control Axles"},{"c":"3"}],[{"c":"Size(L x W x Z )"},{"c":"10500 x 2500 x 1700mm"}],[{"c":"Weight"},{"c":"2700kg"}]]},"gallery 1":[4267,4269,4268,4265,4275,4274,4273,4271,4272,4276,4263]},"_links":{"self":[{"href":"https:\/\/www.busbarmachine.co\/pt\/wp-json\/wp\/v2\/product\/4215","targetHints":{"allow":["GET"]}}],"collection":[{"href":"https:\/\/www.busbarmachine.co\/pt\/wp-json\/wp\/v2\/product"}],"about":[{"href":"https:\/\/www.busbarmachine.co\/pt\/wp-json\/wp\/v2\/types\/product"}],"replies":[{"embeddable":true,"href":"https:\/\/www.busbarmachine.co\/pt\/wp-json\/wp\/v2\/comments?post=4215"}],"acf:attachment":[{"embeddable":true,"href":"https:\/\/www.busbarmachine.co\/pt\/wp-json\/wp\/v2\/media\/4263"},{"embeddable":true,"href":"https:\/\/www.busbarmachine.co\/pt\/wp-json\/wp\/v2\/media\/4276"},{"embeddable":true,"href":"https:\/\/www.busbarmachine.co\/pt\/wp-json\/wp\/v2\/media\/4272"},{"embeddable":true,"href":"https:\/\/www.busbarmachine.co\/pt\/wp-json\/wp\/v2\/media\/4271"},{"embeddable":true,"href":"https:\/\/www.busbarmachine.co\/pt\/wp-json\/wp\/v2\/media\/4273"},{"embeddable":true,"href":"https:\/\/www.busbarmachine.co\/pt\/wp-json\/wp\/v2\/media\/4274"},{"embeddable":true,"href":"https:\/\/www.busbarmachine.co\/pt\/wp-json\/wp\/v2\/media\/4275"},{"embeddable":true,"href":"https:\/\/www.busbarmachine.co\/pt\/wp-json\/wp\/v2\/media\/4265"},{"embeddable":true,"href":"https:\/\/www.busbarmachine.co\/pt\/wp-json\/wp\/v2\/media\/4268"},{"embeddable":true,"href":"https:\/\/www.busbarmachine.co\/pt\/wp-json\/wp\/v2\/media\/4269"},{"embeddable":true,"href":"https:\/\/www.busbarmachine.co\/pt\/wp-json\/wp\/v2\/media\/4267"}],"wp:featuredmedia":[{"embeddable":true,"href":"https:\/\/www.busbarmachine.co\/pt\/wp-json\/wp\/v2\/media\/4277"}],"wp:attachment":[{"href":"https:\/\/www.busbarmachine.co\/pt\/wp-json\/wp\/v2\/media?parent=4215"}],"wp:term":[{"taxonomy":"product_brand","embeddable":true,"href":"https:\/\/www.busbarmachine.co\/pt\/wp-json\/wp\/v2\/product_brand?post=4215"},{"taxonomy":"product_cat","embeddable":true,"href":"https:\/\/www.busbarmachine.co\/pt\/wp-json\/wp\/v2\/product_cat?post=4215"},{"taxonomy":"product_tag","embeddable":true,"href":"https:\/\/www.busbarmachine.co\/pt\/wp-json\/wp\/v2\/product_tag?post=4215"}],"curies":[{"name":"wp","href":"https:\/\/api.w.org\/{rel}","templated":true}]}}