{"id":4214,"date":"2023-12-01T14:38:49","date_gmt":"2023-12-01T06:38:49","guid":{"rendered":"https:\/\/www.busbarmachine.co\/?post_type=product&#038;p=4214"},"modified":"2025-02-23T18:23:12","modified_gmt":"2025-02-23T10:23:12","slug":"nc-40z-2000-servo-cnc-busbar-bending-machine","status":"publish","type":"product","link":"https:\/\/www.busbarmachine.co\/pt\/nc-40z-2000-servo-cnc-busbar-bending-machine\/","title":{"rendered":"NC.40Z-2000 M\u00e1quina de dobrar barramentos servo CNC"},"content":{"rendered":"<p>A m\u00e1quina de dobra de barramentos CNC SunShine\u00ae NC.40Z-2000 \u00e9 uma m\u00e1quina de dobra de barramentos de alta precis\u00e3o com sistema de controle CNC e sistema CAD\/CAM desenvolvidos por n\u00f3s. A m\u00e1quina de dobra de barramentos CNC possui caracter\u00edsticas not\u00e1veis de alta precis\u00e3o, alta efici\u00eancia e automa\u00e7\u00e3o, sendo frequentemente utilizada em processos de dobra de barramentos que exigem alta precis\u00e3o na dobra. Para obter pre\u00e7os de m\u00e1quinas de dobra de barramentos e materiais t\u00e9cnicos relacionados, entre em contato conosco agora mesmo.<\/p>","protected":false},"excerpt":{"rendered":"<p>SunShine\u00ae \u00e9 um fabricante de m\u00e1quinas de dobra de barramento CNC da China e fornecedor de m\u00e1quinas de processamento de barramento CNC. A m\u00e1quina de dobra de barramento CNC NC.40Z-2000 tem as caracter\u00edsticas de alta precis\u00e3o, alta efici\u00eancia e automa\u00e7\u00e3o. Obtenha os pre\u00e7os mais recentes de m\u00e1quinas de dobra de barramento, entre em contato conosco agora.<\/p>","protected":false},"featured_media":7417,"comment_status":"open","ping_status":"closed","template":"","meta":[],"product_brand":[],"product_cat":[43],"product_tag":[],"class_list":{"0":"post-4214","1":"product","2":"type-product","3":"status-publish","4":"has-post-thumbnail","6":"product_cat-cnc-busbar-bending-machine","8":"first","9":"instock","10":"shipping-taxable","11":"product-type-simple"},"acf":{"Model":"NC.40Z-2000","Max.Force":"400KN","motor power":"5.5kw","Max.Thickness":"15mm","Max.Width":"200mm","cnc":"Yes","video":"https:\/\/youtu.be\/oQRTykASpjY","description":"A m\u00e1quina de barramento CNC SunShine\u00ae NC.40Z-2000 \u00e9 uma m\u00e1quina de dobra de barramento de alta precis\u00e3o com sistema de controle CNC autodesenvolvido e sistema CAD\/CAM. A m\u00e1quina de dobra de barramento CNC tem as caracter\u00edsticas not\u00e1veis de alta precis\u00e3o, alta efici\u00eancia e automa\u00e7\u00e3o, e \u00e9 frequentemente usada para processamento de dobra de barramento que requer alta precis\u00e3o na dobra. Para obter pre\u00e7os de m\u00e1quinas de dobra de barramento e obter materiais t\u00e9cnicos relacionados, <a style=\"color: #000080; text-decoration: underline;\" href=\"https:\/\/www.busbarmachine.co\/pt\/contact-us\/\">entre em contato conosco agora<\/a>.","product_parameters":{"acftf":{"v":"1.3.20"},"p":{"o":{"uh":0},"ca":""},"c":[{"p":""},{"p":""}],"h":[{"c":""},{"c":""}],"b":[[{"c":"Mold"},{"c":"NC.40Z-1200"}],[{"c":"Nomianl Pressure"},{"c":"400KN"}],[{"c":"Hydraulic Cylinder Stroke"},{"c":"250mm"}],[{"c":"Main Motor Power"},{"c":"5.5kw"}],[{"c":"Gauge Length"},{"c":"1200mm"}],[{"c":"Gauge Accuracy"},{"c":"+\/-0.15"}],[{"c":"Bending Accuracy"},{"c":"+\/-0.3\u00b0"}],[{"c":"Bending Head(Y Axis)"},{"c":"\tFastest 5m\/min; low: 1.25m\/min"}],[{"c":"Max Moting Speed of Side striker(X Axis)"},{"c":"15m\/min"}],[{"c":"Y-axis Repeat Positioning Accuracy"},{"c":"+\/-0.02"}],[{"c":"Max Bending Angle"},{"c":"90\u00b0"}],[{"c":"Horizontal Bending Max.Size"},{"c":"15mm x 160mm"}],[{"c":"Vertical Bending Max.Size"},{"c":"12mm x 120mm"}],[{"c":"Y-axis Servo Motor Power"},{"c":"\t5.5kw"}],[{"c":"X-axis Servo Motor Power"},{"c":"0.75kw"}],[{"c":"Weight"},{"c":"2500kg"}],[{"c":"Size"},{"c":"3500mm x 1450mm x 1850mm"}]]},"gallery 1":[4167,4155,4152,4168,4192,4179,4161,4175,4186,4187,4142,4185]},"_links":{"self":[{"href":"https:\/\/www.busbarmachine.co\/pt\/wp-json\/wp\/v2\/product\/4214","targetHints":{"allow":["GET"]}}],"collection":[{"href":"https:\/\/www.busbarmachine.co\/pt\/wp-json\/wp\/v2\/product"}],"about":[{"href":"https:\/\/www.busbarmachine.co\/pt\/wp-json\/wp\/v2\/types\/product"}],"replies":[{"embeddable":true,"href":"https:\/\/www.busbarmachine.co\/pt\/wp-json\/wp\/v2\/comments?post=4214"}],"acf:attachment":[{"embeddable":true,"href":"https:\/\/www.busbarmachine.co\/pt\/wp-json\/wp\/v2\/media\/4185"},{"embeddable":true,"href":"https:\/\/www.busbarmachine.co\/pt\/wp-json\/wp\/v2\/media\/4142"},{"embeddable":true,"href":"https:\/\/www.busbarmachine.co\/pt\/wp-json\/wp\/v2\/media\/4187"},{"embeddable":true,"href":"https:\/\/www.busbarmachine.co\/pt\/wp-json\/wp\/v2\/media\/4186"},{"embeddable":true,"href":"https:\/\/www.busbarmachine.co\/pt\/wp-json\/wp\/v2\/media\/4175"},{"embeddable":true,"href":"https:\/\/www.busbarmachine.co\/pt\/wp-json\/wp\/v2\/media\/4161"},{"embeddable":true,"href":"https:\/\/www.busbarmachine.co\/pt\/wp-json\/wp\/v2\/media\/4179"},{"embeddable":true,"href":"https:\/\/www.busbarmachine.co\/pt\/wp-json\/wp\/v2\/media\/4192"},{"embeddable":true,"href":"https:\/\/www.busbarmachine.co\/pt\/wp-json\/wp\/v2\/media\/4168"},{"embeddable":true,"href":"https:\/\/www.busbarmachine.co\/pt\/wp-json\/wp\/v2\/media\/4152"},{"embeddable":true,"href":"https:\/\/www.busbarmachine.co\/pt\/wp-json\/wp\/v2\/media\/4155"},{"embeddable":true,"href":"https:\/\/www.busbarmachine.co\/pt\/wp-json\/wp\/v2\/media\/4167"}],"wp:featuredmedia":[{"embeddable":true,"href":"https:\/\/www.busbarmachine.co\/pt\/wp-json\/wp\/v2\/media\/7417"}],"wp:attachment":[{"href":"https:\/\/www.busbarmachine.co\/pt\/wp-json\/wp\/v2\/media?parent=4214"}],"wp:term":[{"taxonomy":"product_brand","embeddable":true,"href":"https:\/\/www.busbarmachine.co\/pt\/wp-json\/wp\/v2\/product_brand?post=4214"},{"taxonomy":"product_cat","embeddable":true,"href":"https:\/\/www.busbarmachine.co\/pt\/wp-json\/wp\/v2\/product_cat?post=4214"},{"taxonomy":"product_tag","embeddable":true,"href":"https:\/\/www.busbarmachine.co\/pt\/wp-json\/wp\/v2\/product_tag?post=4214"}],"curies":[{"name":"wp","href":"https:\/\/api.w.org\/{rel}","templated":true}]}}