{"id":24,"date":"2023-10-07T19:00:45","date_gmt":"2023-10-07T11:00:45","guid":{"rendered":"https:\/\/www.busbarmachine.co\/?post_type=product&#038;p=24"},"modified":"2025-02-24T11:19:08","modified_gmt":"2025-02-24T03:19:08","slug":"300kn-3-in-1-copper-busbar-machine","status":"publish","type":"product","link":"https:\/\/www.busbarmachine.co\/pt\/300kn-3-in-1-copper-busbar-machine\/","title":{"rendered":"M\u00e1quina de barramento de cobre 3 em 1 300KN"},"content":{"rendered":"<p>A m\u00e1quina de processamento de barramentos fabricada pela SunShine\u00ae integra as tr\u00eas fun\u00e7\u00f5es de dobra de barramentos, corte e puncionamento, e tamb\u00e9m \u00e9 chamada de m\u00e1quina de barramentos 3 em 1. Ela tem as caracter\u00edsticas de multifuncionalidade, alta precis\u00e3o e alta efici\u00eancia. A unidade de dobra da m\u00e1quina de barramentos \u00e9 equipada com um sistema de controle CNC e painel m\u00f3vel HIM, que permite ao operador definir o \u00e2ngulo de dobra necess\u00e1rio e outros par\u00e2metros, melhorando muito a efici\u00eancia e a precis\u00e3o da produ\u00e7\u00e3o de barramentos. <strong>\u00c9 recomend\u00e1vel que as empresas de processamento de barramentos escolham a m\u00e1quina de barramentos CNC SS-30-3NC para processar barramentos com um tamanho m\u00e1ximo de 12 mm (espessura) * 160 mm (largura).<\/strong><\/p>","protected":false},"excerpt":{"rendered":"<p>A SunShine\u00ae \u00e9 uma fabricante de m\u00e1quinas de processamento de barramentos e fornecedora de m\u00e1quinas de barramentos 3 em 1. A m\u00e1quina de barramentos SS-30-3NC \u00e9 uma m\u00e1quina de processamento de barramentos CNC multifuncional com fun\u00e7\u00f5es de dobra, corte e perfura\u00e7\u00e3o de barramentos. \u00c9 recomendado que as empresas de processamento de barramentos escolham a m\u00e1quina de barramentos CNC SS-30-3NC para processar barramentos com um tamanho m\u00e1ximo de 12 mm (espessura) * 160 mm (largura).<\/p>","protected":false},"featured_media":4134,"comment_status":"open","ping_status":"closed","template":"","meta":[],"product_brand":[],"product_cat":[23],"product_tag":[],"class_list":{"0":"post-24","1":"product","2":"type-product","3":"status-publish","4":"has-post-thumbnail","6":"product_cat-cnc-3-in-1-busbar-machine","8":"first","9":"instock","10":"shipping-taxable","11":"product-type-simple"},"acf":{"Model":"SS-30-3NC","Max.Force":"300KN","motor power":"3x4KW","Max.Thickness":"12mm","Max.Width":"160mm","cnc":"Support","video":"https:\/\/www.youtube.com\/watch?v=WJhe6Rkh7Pk","description":"A m\u00e1quina de processamento de barramentos fabricada pela SunShine\u00ae integra as tr\u00eas fun\u00e7\u00f5es de dobra de barramentos, corte e puncionamento, e tamb\u00e9m \u00e9 chamada de m\u00e1quina de barramentos 3 em 1. Ela tem as caracter\u00edsticas de multifuncionalidade, alta precis\u00e3o e alta efici\u00eancia. A unidade de dobra da m\u00e1quina de barramentos \u00e9 equipada com um sistema de controle CNC e painel m\u00f3vel HIM, que permite ao operador definir o \u00e2ngulo de dobra necess\u00e1rio e outros par\u00e2metros, melhorando muito a efici\u00eancia e a precis\u00e3o da produ\u00e7\u00e3o de barramentos. <strong>\u00c9 recomend\u00e1vel que as empresas de processamento de barramentos escolham a m\u00e1quina de barramentos CNC SS-30-3NC para processar barramentos com um tamanho m\u00e1ximo de 12 mm (espessura) * 160 mm (largura).<\/strong>","product_parameters":{"acftf":{"v":"1.3.20"},"p":{"o":{"uh":0},"ca":""},"c":[{"p":""},{"p":""}],"h":[{"c":""},{"c":""}],"b":[[{"c":"Model"},{"c":"SS-30-3NC\n"}],[{"c":"Max.Punch Force"},{"c":"300KN"}],[{"c":"Punch Diameter Range\n"},{"c":"\u22054.3\u2014\u220525(mm)"}],[{"c":"Max.Punch Thickness"},{"c":"12mm\n"}],[{"c":"Max.Punch Width"},{"c":"160mm\n"}],[{"c":"Max.Cut Thickness"},{"c":"12mm"}],[{"c":"Max.Cut Width"},{"c":"160mm"}],[{"c":"Max.Vertical Bend Force"},{"c":"300KN"}],[{"c":"Max.Vertical Bend Thickness"},{"c":"12mm"}],[{"c":"Max.Vertical Bend Width"},{"c":"160mm"}],[{"c":"Max.Horizontal Bend Width"},{"c":"100mm*10mm\n"}],[{"c":"Max.Horizontal Bend Angle"},{"c":"90\u00ba\n"}],[{"c":"Max.Twist Bend Thickness"},{"c":"12mm"}],[{"c":"Max.Twist Bend Width"},{"c":"160mm"}],[{"c":"CNC Bending Precision\n"},{"c":"\u00b11\u00ba\n"}],[{"c":"CNC Repeat Bending Precision\n"},{"c":"\u00b10.3\u00ba\n"}],[{"c":"Motor Power\n"},{"c":"3x4KW\n"}],[{"c":"Length*Height*Width"},{"c":"1790*1400*1420mm"}],[{"c":"Weight"},{"c":"1450kg\n"}]]},"gallery 1":[3887,3886,3855,3852,3842,3883,3884,3882]},"_links":{"self":[{"href":"https:\/\/www.busbarmachine.co\/pt\/wp-json\/wp\/v2\/product\/24","targetHints":{"allow":["GET"]}}],"collection":[{"href":"https:\/\/www.busbarmachine.co\/pt\/wp-json\/wp\/v2\/product"}],"about":[{"href":"https:\/\/www.busbarmachine.co\/pt\/wp-json\/wp\/v2\/types\/product"}],"replies":[{"embeddable":true,"href":"https:\/\/www.busbarmachine.co\/pt\/wp-json\/wp\/v2\/comments?post=24"}],"acf:attachment":[{"embeddable":true,"href":"https:\/\/www.busbarmachine.co\/pt\/wp-json\/wp\/v2\/media\/3882"},{"embeddable":true,"href":"https:\/\/www.busbarmachine.co\/pt\/wp-json\/wp\/v2\/media\/3884"},{"embeddable":true,"href":"https:\/\/www.busbarmachine.co\/pt\/wp-json\/wp\/v2\/media\/3883"},{"embeddable":true,"href":"https:\/\/www.busbarmachine.co\/pt\/wp-json\/wp\/v2\/media\/3842"},{"embeddable":true,"href":"https:\/\/www.busbarmachine.co\/pt\/wp-json\/wp\/v2\/media\/3852"},{"embeddable":true,"href":"https:\/\/www.busbarmachine.co\/pt\/wp-json\/wp\/v2\/media\/3855"},{"embeddable":true,"href":"https:\/\/www.busbarmachine.co\/pt\/wp-json\/wp\/v2\/media\/3886"},{"embeddable":true,"href":"https:\/\/www.busbarmachine.co\/pt\/wp-json\/wp\/v2\/media\/3887"}],"wp:featuredmedia":[{"embeddable":true,"href":"https:\/\/www.busbarmachine.co\/pt\/wp-json\/wp\/v2\/media\/4134"}],"wp:attachment":[{"href":"https:\/\/www.busbarmachine.co\/pt\/wp-json\/wp\/v2\/media?parent=24"}],"wp:term":[{"taxonomy":"product_brand","embeddable":true,"href":"https:\/\/www.busbarmachine.co\/pt\/wp-json\/wp\/v2\/product_brand?post=24"},{"taxonomy":"product_cat","embeddable":true,"href":"https:\/\/www.busbarmachine.co\/pt\/wp-json\/wp\/v2\/product_cat?post=24"},{"taxonomy":"product_tag","embeddable":true,"href":"https:\/\/www.busbarmachine.co\/pt\/wp-json\/wp\/v2\/product_tag?post=24"}],"curies":[{"name":"wp","href":"https:\/\/api.w.org\/{rel}","templated":true}]}}