{"id":37,"date":"2023-10-08T12:00:23","date_gmt":"2023-10-08T04:00:23","guid":{"rendered":"https:\/\/www.busbarmachine.co\/?page_id=37"},"modified":"2026-04-13T16:01:27","modified_gmt":"2026-04-13T08:01:27","slug":"busbar-machine-manufacturer-factory-supplier-in-china","status":"publish","type":"page","link":"https:\/\/www.busbarmachine.co\/pt\/","title":{"rendered":"M\u00e1quina de barramento de cobre na China, fabricante de m\u00e1quina de puncionamento, corte e dobra de barramento"},"content":{"rendered":"","protected":false},"excerpt":{"rendered":"<p>A SunShine\u00ae \u00e9 uma fabricante e fornecedora de m\u00e1quinas de barramento de cobre na China, dedicada a fornecer \u00e0s f\u00e1bricas de aparelhagem de alta e baixa tens\u00e3o e fornecedores de pain\u00e9is el\u00e9tricos solu\u00e7\u00f5es para dobra, puncionamento e corte de barramentos, incluindo m\u00e1quina de corte e puncionamento de barramentos, m\u00e1quina de dobra de barramentos CNC, m\u00e1quina de puncionamento e corte de barramentos CNC, m\u00e1quina de barramentos multifuncional 3 em 1 e m\u00e1quina de barramentos hidr\u00e1ulica port\u00e1til.<\/p>","protected":false},"author":1,"featured_media":4130,"parent":0,"menu_order":0,"comment_status":"closed","ping_status":"closed","template":"","meta":{"footnotes":""},"class_list":["post-37","page","type-page","status-publish","has-post-thumbnail","hentry"],"acf":[],"_links":{"self":[{"href":"https:\/\/www.busbarmachine.co\/pt\/wp-json\/wp\/v2\/pages\/37","targetHints":{"allow":["GET"]}}],"collection":[{"href":"https:\/\/www.busbarmachine.co\/pt\/wp-json\/wp\/v2\/pages"}],"about":[{"href":"https:\/\/www.busbarmachine.co\/pt\/wp-json\/wp\/v2\/types\/page"}],"author":[{"embeddable":true,"href":"https:\/\/www.busbarmachine.co\/pt\/wp-json\/wp\/v2\/users\/1"}],"replies":[{"embeddable":true,"href":"https:\/\/www.busbarmachine.co\/pt\/wp-json\/wp\/v2\/comments?post=37"}],"version-history":[{"count":100,"href":"https:\/\/www.busbarmachine.co\/pt\/wp-json\/wp\/v2\/pages\/37\/revisions"}],"predecessor-version":[{"id":9294,"href":"https:\/\/www.busbarmachine.co\/pt\/wp-json\/wp\/v2\/pages\/37\/revisions\/9294"}],"wp:featuredmedia":[{"embeddable":true,"href":"https:\/\/www.busbarmachine.co\/pt\/wp-json\/wp\/v2\/media\/4130"}],"wp:attachment":[{"href":"https:\/\/www.busbarmachine.co\/pt\/wp-json\/wp\/v2\/media?parent=37"}],"curies":[{"name":"wp","href":"https:\/\/api.w.org\/{rel}","templated":true}]}}