{"id":7382,"date":"2025-02-22T21:16:07","date_gmt":"2025-02-22T13:16:07","guid":{"rendered":"https:\/\/www.busbarmachine.co\/?post_type=product&#038;p=7382"},"modified":"2025-04-07T21:12:34","modified_gmt":"2025-04-07T13:12:34","slug":"mx-602k-8c-cnc-busbar-punching-shearing-machine","status":"publish","type":"product","link":"https:\/\/www.busbarmachine.co\/fr\/mx-602k-8c-cnc-busbar-punching-shearing-machine\/","title":{"rendered":"Machine de poin\u00e7onnage et de cisaillement de barres omnibus CNC MX-602K-8C"},"content":{"rendered":"<p>La poin\u00e7onneuse de barres omnibus MX-602K-8C est une machine de traitement de barres omnibus CNC automatique hautes performances qui int\u00e8gre le poin\u00e7onnage et le cisaillement. Elle est \u00e9quip\u00e9e de 6 syst\u00e8mes servo pour r\u00e9aliser un traitement de poin\u00e7onnage et de cisaillement de barres omnibus \u00e0 grande vitesse sur 6 axes. La poin\u00e7onneuse et cisaille de barres omnibus CNC MX-602K-8C adopte un cadre de moule \u00e0 une rang\u00e9e \u00e0 colonne droite avec une vitesse de poin\u00e7onnage et de cisaillement de 75 m\/min. Elle est \u00e9quip\u00e9e de 8 moules de poin\u00e7onnage et d&#039;un moule de cisaillement pour assurer la concentricit\u00e9 des moules sup\u00e9rieur et inf\u00e9rieur lors d&#039;une utilisation \u00e0 long terme pendant le traitement. Dans le m\u00eame temps, le logiciel de programmation auto-d\u00e9velopp\u00e9 de la soci\u00e9t\u00e9 prend en charge l&#039;importation de dessins 2D\/3D, importe directement la CAO et Solidworks, prend en charge les fonctions d&#039;imbrication et de composition de donn\u00e9es et dispose des fonctions d&#039;importation et d&#039;exportation de fichiers de type dwg et de fichiers de type ug, sl, pro-e avec le suffixe .sat.stp.sldprt.<\/p>","protected":false},"excerpt":{"rendered":"<p>SunShine\u00ae est un fabricant et un fournisseur de machines de poin\u00e7onnage et de cisaillement de barres omnibus CNC en Chine. La poin\u00e7onneuse et cisailleuse de barres omnibus CNC MX-602K-8C adopte un cadre de matrice \u00e0 colonne droite, une grande vitesse \u00e0 6 axes, enti\u00e8rement automatique, \u00e9quip\u00e9e de 8 poin\u00e7ons et d&#039;une t\u00eate de cisaillement et d&#039;une concentricit\u00e9 \u00e9lev\u00e9e des matrices sup\u00e9rieure et inf\u00e9rieure. La machine de jeu de barres CNC MX-602K-8C peut couper et poin\u00e7onner des barres omnibus en cuivre et en aluminium (divers trous ronds\/trous carr\u00e9s\/trous sp\u00e9ciaux, types de fentes). Obtenez les derniers prix des poin\u00e7onneuses et cisailles de barres omnibus, contactez-nous maintenant.<\/p>","protected":false},"featured_media":7384,"comment_status":"open","ping_status":"closed","template":"","meta":[],"product_brand":[],"product_cat":[44],"product_tag":[],"class_list":{"0":"post-7382","1":"product","2":"type-product","3":"status-publish","4":"has-post-thumbnail","6":"product_cat-cnc-busbar-punching-machine","8":"first","9":"instock","10":"shipping-taxable","11":"product-type-simple"},"acf":{"Model":"MX-602K-8C","Max.Force":"600KN","motor power":"25kw","Max.Thickness":"15mm","Max.Width":"200mm","cnc":"Yes","video":"https:\/\/youtu.be\/JXaMkhTdN9c","description":"MX-602K-8C busbar punching machine is a high-performance automatic CNC busbar processing machine that integrates punching and shearing. It is equipped with 6 servo systems to achieve 6-axis high-speed busbar punching and shearing processing. MX-602K-8C CNC busbar punching and shearing machine adopts a straight column single-row mold frame with a punching and shearing speed of 75m\/min. It is equipped with 8 punching molds and 1 shearing mold to ensure the concentricity of the upper and lower molds during long-term use during processing. At the same time, the company's self-developed programming software supports the import of 2D\/3D drawings, directly imports CAD and Solidworks, supports data nesting and typesetting functions, and has the import and export functions of dwg type files and ug, sl, pro-e type files with the suffix .sat.stp.sldprt.","product_parameters":{"acftf":{"v":"1.3.26"},"p":{"o":{"uh":0},"ca":""},"c":[{"p":""},{"p":""}],"h":[{"c":""},{"c":""}],"b":[[{"c":"Mold"},{"c":"MX-602K-8C"}],[{"c":"Max.Force"},{"c":"600KN"}],[{"c":"Feeding Station Size"},{"c":"3000 x 500mm"}],[{"c":"Out Station Size"},{"c":"2500 x 500mm"}],[{"c":"Max.Metal Plate Size"},{"c":"6000 x 200 x 15mm"}],[{"c":"Mini Processing Material Size"},{"c":"6000 x 15\u00d73mm\uff08W\u00d7T\uff09"}],[{"c":"Max Processing Thickness"},{"c":"15mm"}],[{"c":"Max Processing Width"},{"c":"200mm"}],[{"c":"Max Punching Diameter"},{"c":"\u22054.3\u2014\u220535mm"}],[{"c":"Number of Shearing Mould"},{"c":"1"}],[{"c":"Number of Punching Mould"},{"c":"8"}],[{"c":"Strike Frequency"},{"c":"Max 150Times\/min"}],[{"c":"Max Stroke of X-axis"},{"c":"2000mm"}],[{"c":"X-axis Accuracy Error"},{"c":"0.10\/500mm"}],[{"c":"X-axis Max Positioning Speed"},{"c":"75m\/min"}],[{"c":"Max Stroke of Y-axis"},{"c":"960mm"}],[{"c":"Y-axis Accuracy Error"},{"c":"0.10\/500mm"}],[{"c":"Max Stroke of Z-axis"},{"c":"310mm"}],[{"c":"T-axis Transmission Length"},{"c":"4100mm"}],[{"c":"Stroke of Beat Cylinder"},{"c":"45mm"}],[{"c":"Number of Control Axles"},{"c":"6 axes"}],[{"c":"Total motor power"},{"c":"25KW"}],[{"c":"Size(L x W x Z )"},{"c":"10500 x 2750 x 1800mm"}],[{"c":"Weight"},{"c":"6700kg"}]]},"gallery 1":[7402,7401,7403,7398,7404,7400,7406,7407]},"_links":{"self":[{"href":"https:\/\/www.busbarmachine.co\/fr\/wp-json\/wp\/v2\/product\/7382","targetHints":{"allow":["GET"]}}],"collection":[{"href":"https:\/\/www.busbarmachine.co\/fr\/wp-json\/wp\/v2\/product"}],"about":[{"href":"https:\/\/www.busbarmachine.co\/fr\/wp-json\/wp\/v2\/types\/product"}],"replies":[{"embeddable":true,"href":"https:\/\/www.busbarmachine.co\/fr\/wp-json\/wp\/v2\/comments?post=7382"}],"acf:attachment":[{"embeddable":true,"href":"https:\/\/www.busbarmachine.co\/fr\/wp-json\/wp\/v2\/media\/7407"},{"embeddable":true,"href":"https:\/\/www.busbarmachine.co\/fr\/wp-json\/wp\/v2\/media\/7406"},{"embeddable":true,"href":"https:\/\/www.busbarmachine.co\/fr\/wp-json\/wp\/v2\/media\/7400"},{"embeddable":true,"href":"https:\/\/www.busbarmachine.co\/fr\/wp-json\/wp\/v2\/media\/7404"},{"embeddable":true,"href":"https:\/\/www.busbarmachine.co\/fr\/wp-json\/wp\/v2\/media\/7398"},{"embeddable":true,"href":"https:\/\/www.busbarmachine.co\/fr\/wp-json\/wp\/v2\/media\/7403"},{"embeddable":true,"href":"https:\/\/www.busbarmachine.co\/fr\/wp-json\/wp\/v2\/media\/7401"},{"embeddable":true,"href":"https:\/\/www.busbarmachine.co\/fr\/wp-json\/wp\/v2\/media\/7402"}],"wp:featuredmedia":[{"embeddable":true,"href":"https:\/\/www.busbarmachine.co\/fr\/wp-json\/wp\/v2\/media\/7384"}],"wp:attachment":[{"href":"https:\/\/www.busbarmachine.co\/fr\/wp-json\/wp\/v2\/media?parent=7382"}],"wp:term":[{"taxonomy":"product_brand","embeddable":true,"href":"https:\/\/www.busbarmachine.co\/fr\/wp-json\/wp\/v2\/product_brand?post=7382"},{"taxonomy":"product_cat","embeddable":true,"href":"https:\/\/www.busbarmachine.co\/fr\/wp-json\/wp\/v2\/product_cat?post=7382"},{"taxonomy":"product_tag","embeddable":true,"href":"https:\/\/www.busbarmachine.co\/fr\/wp-json\/wp\/v2\/product_tag?post=7382"}],"curies":[{"name":"wp","href":"https:\/\/api.w.org\/{rel}","templated":true}]}}