{"id":5913,"date":"2024-03-02T11:14:48","date_gmt":"2024-03-02T03:14:48","guid":{"rendered":"https:\/\/www.busbarmachine.co\/?post_type=product&#038;p=5913"},"modified":"2024-03-02T18:58:55","modified_gmt":"2024-03-02T10:58:55","slug":"ns-200b-4-horizontal-and-vertical-busbar-bending-machine","status":"publish","type":"product","link":"https:\/\/www.busbarmachine.co\/fr\/ns-200b-4-horizontal-and-vertical-busbar-bending-machine\/","title":{"rendered":"Machine de pliage de barres omnibus horizontales et verticales NS-200B-4"},"content":{"rendered":"<p>La cintreuse hydraulique de barres omnibus SunShine\u00ae NS-200B-4 est une cintreuse de barres omnibus portable multifonctionnelle, \u00e9galement connue sous le nom de cintreuse de barres omnibus compacte 4 en 1, avec fonction de pliage vertical, de pliage horizontal, de poin\u00e7onnage et de d\u00e9coupe de barres omnibus. La cintreuse de barres omnibus horizontale verticale NS-200B-4 a un pliage vertical maximal de 12,5 mm x 125 mm, un pliage horizontal maximal de 12 mm x 200 mm, une d\u00e9coupe maximale de 200 mm x 12 mm et un poin\u00e7onnage maximal de \u03a610,5-\u03a620,5. Mod\u00e8le NS- La cintreuse de barres omnibus horizontale verticale 200B-4 est de petite taille et facile \u00e0 d\u00e9placer. Elle convient parfaitement aux op\u00e9rateurs de traitement de barres omnibus pour traiter rapidement les barres omnibus sur les sites de projets \u00e9lectriques.<\/p>","protected":false},"excerpt":{"rendered":"<p>La cintreuse hydraulique de barres omnibus SunShine\u00ae NS-200B-4 est une cintreuse de barres omnibus portable multifonctionnelle, \u00e9galement connue sous le nom de cintreuse de barres omnibus compacte 4 en 1, avec fonction de pliage vertical, de pliage horizontal, de poin\u00e7onnage et de d\u00e9coupe de barres omnibus. La cintreuse de barres omnibus horizontale verticale NS-200B-4 a un pliage vertical maximal de 12,5 mm x 125 mm, un pliage horizontal maximal de 12 mm x 200 mm, une d\u00e9coupe maximale de 200 mm x 12 mm et un poin\u00e7onnage maximal de \u03a610,5-\u03a620,5. <\/p>","protected":false},"featured_media":5920,"comment_status":"open","ping_status":"closed","template":"","meta":[],"product_brand":[],"product_cat":[25],"product_tag":[],"class_list":{"0":"post-5913","1":"product","2":"type-product","3":"status-publish","4":"has-post-thumbnail","6":"product_cat-hydraulic-3-in-1-busbar-machine","8":"first","9":"instock","10":"shipping-taxable","11":"product-type-simple"},"acf":{"Model":"NS-200B-4","Max.Force":"30 ton","motor power":"\u2014\u2014","Max.Thickness":"12.5m","Max.Width":"200mm","cnc":"NO","video":"https:\/\/www.youtube.com\/watch?v=ww1b7XMu57w","description":"La cintreuse hydraulique de barres omnibus SunShine\u00ae NS-200B-4 est une cintreuse de barres omnibus portable multifonctionnelle, \u00e9galement connue sous le nom de cintreuse de barres omnibus compacte 4 en 1, avec fonction de pliage vertical, de pliage horizontal, de poin\u00e7onnage et de d\u00e9coupe de barres omnibus. La cintreuse de barres omnibus horizontale verticale NS-200B-4 a un pliage vertical maximal de 12,5 mm x 125 mm, un pliage horizontal maximal de 12 mm x 200 mm, une d\u00e9coupe maximale de 200 mm x 12 mm et un poin\u00e7onnage maximal de \u03a610,5-\u03a620,5. Mod\u00e8le NS- La cintreuse de barres omnibus horizontale verticale 200B-4 est de petite taille et facile \u00e0 d\u00e9placer. Elle convient parfaitement aux op\u00e9rateurs de traitement de barres omnibus pour traiter rapidement les barres omnibus sur les sites de projets \u00e9lectriques.","product_parameters":{"acftf":{"v":"1.3.21"},"p":{"o":{"uh":0},"ca":""},"c":[{"p":""},{"p":""}],"h":[{"c":""},{"c":""}],"b":[[{"c":"Model"},{"c":"NS-200B-4"}],[{"c":"Voltage"},{"c":"220V\/380V AC\t"}],[{"c":"Rated Oil Pressure"},{"c":"630KN"}],[{"c":"Max.Cut Size"},{"c":"200mm x 12mm"}],[{"c":"Max.Punch Size"},{"c":"200mm x 12mm"}],[{"c":"Max.Bend Size"},{"c":"125mm x 12.5mm"}],[{"c":"Depth of Throat"},{"c":"110mm"}],[{"c":"Standard Setting"},{"c":"\u22057,\u22059,\u220510.5,\u220513.8,\u220517,\u220520.5"}],[{"c":"Punching Capacity"},{"c":"\u22056-\u220520.5"}],[{"c":"Table Size"},{"c":"840mm x 900mm x 1200mm"}],[{"c":"Weight"},{"c":"230kg"}]]},"gallery 1":[5921,5916,5915,4074,5914,4072,4067]},"_links":{"self":[{"href":"https:\/\/www.busbarmachine.co\/fr\/wp-json\/wp\/v2\/product\/5913","targetHints":{"allow":["GET"]}}],"collection":[{"href":"https:\/\/www.busbarmachine.co\/fr\/wp-json\/wp\/v2\/product"}],"about":[{"href":"https:\/\/www.busbarmachine.co\/fr\/wp-json\/wp\/v2\/types\/product"}],"replies":[{"embeddable":true,"href":"https:\/\/www.busbarmachine.co\/fr\/wp-json\/wp\/v2\/comments?post=5913"}],"acf:attachment":[{"embeddable":true,"href":"https:\/\/www.busbarmachine.co\/fr\/wp-json\/wp\/v2\/media\/4067"},{"embeddable":true,"href":"https:\/\/www.busbarmachine.co\/fr\/wp-json\/wp\/v2\/media\/4072"},{"embeddable":true,"href":"https:\/\/www.busbarmachine.co\/fr\/wp-json\/wp\/v2\/media\/5914"},{"embeddable":true,"href":"https:\/\/www.busbarmachine.co\/fr\/wp-json\/wp\/v2\/media\/4074"},{"embeddable":true,"href":"https:\/\/www.busbarmachine.co\/fr\/wp-json\/wp\/v2\/media\/5915"},{"embeddable":true,"href":"https:\/\/www.busbarmachine.co\/fr\/wp-json\/wp\/v2\/media\/5916"},{"embeddable":true,"href":"https:\/\/www.busbarmachine.co\/fr\/wp-json\/wp\/v2\/media\/5921"}],"wp:featuredmedia":[{"embeddable":true,"href":"https:\/\/www.busbarmachine.co\/fr\/wp-json\/wp\/v2\/media\/5920"}],"wp:attachment":[{"href":"https:\/\/www.busbarmachine.co\/fr\/wp-json\/wp\/v2\/media?parent=5913"}],"wp:term":[{"taxonomy":"product_brand","embeddable":true,"href":"https:\/\/www.busbarmachine.co\/fr\/wp-json\/wp\/v2\/product_brand?post=5913"},{"taxonomy":"product_cat","embeddable":true,"href":"https:\/\/www.busbarmachine.co\/fr\/wp-json\/wp\/v2\/product_cat?post=5913"},{"taxonomy":"product_tag","embeddable":true,"href":"https:\/\/www.busbarmachine.co\/fr\/wp-json\/wp\/v2\/product_tag?post=5913"}],"curies":[{"name":"wp","href":"https:\/\/api.w.org\/{rel}","templated":true}]}}