{"id":4463,"date":"2023-12-03T15:15:06","date_gmt":"2023-12-03T07:15:06","guid":{"rendered":"https:\/\/www.busbarmachine.co\/?post_type=product&#038;p=4463"},"modified":"2023-12-26T08:58:22","modified_gmt":"2023-12-26T00:58:22","slug":"ss-150e-portable-busbar-embossing-machine-copy","status":"publish","type":"product","link":"https:\/\/www.busbarmachine.co\/fr\/ss-150e-portable-busbar-embossing-machine-copy\/","title":{"rendered":"Machine de gaufrage de barres omnibus hydraulique portable SS-150E"},"content":{"rendered":"<p>La machine de gaufrage de barres omnibus hydraulique portable est utilis\u00e9e pour niveler et gaufrer les joints de barres en cuivre et en aluminium. Apr\u00e8s aplatissement, la barre omnibus a une belle apparence et peut am\u00e9liorer les performances conductrices, r\u00e9duisant consid\u00e9rablement les co\u00fbts de maintenance du poste. La machine de gaufrage de barres omnibus portable SUNSHINE\u00ae doit \u00eatre utilis\u00e9e avec une pompe hydraulique (pompe \u00e0 main, pompe \u00e0 pied, pompe \u00e9lectrique).<\/p>","protected":false},"excerpt":{"rendered":"<p>La machine de gaufrage de barres omnibus hydraulique portable est utilis\u00e9e pour niveler et gaufrer les joints de barres en cuivre et en aluminium. Apr\u00e8s aplatissement, la barre omnibus a une belle apparence et peut am\u00e9liorer les performances conductrices, r\u00e9duisant consid\u00e9rablement les co\u00fbts de maintenance du poste. La machine de gaufrage de barres omnibus portable SUNSHINE\u00ae doit \u00eatre utilis\u00e9e avec une pompe hydraulique (pompe \u00e0 main, pompe \u00e0 pied, pompe \u00e9lectrique).<\/p>","protected":false},"featured_media":4404,"comment_status":"open","ping_status":"closed","template":"","meta":[],"product_brand":[],"product_cat":[29],"product_tag":[],"class_list":{"0":"post-4463","1":"product","2":"type-product","3":"status-publish","4":"has-post-thumbnail","6":"product_cat-portable-busbar-embossing-machine","8":"first","9":"instock","10":"shipping-taxable","11":"product-type-simple"},"acf":{"Model":"SS-150E","Max.Force":"72ton","motor power":"\u2014\u2014","Max.Thickness":"30mm","Max.Width":"150 x 12.5mm","cnc":"No","video":"https:\/\/www.youtube.com\/watch?v=9JoyDDVFlVE","description":"La machine de gaufrage de barres omnibus hydraulique portable est utilis\u00e9e pour niveler et gaufrer les joints de barres en cuivre et en aluminium. Apr\u00e8s aplatissement, la barre omnibus a une belle apparence et peut am\u00e9liorer les performances conductrices, r\u00e9duisant consid\u00e9rablement les co\u00fbts de maintenance du poste. La machine de gaufrage de barres omnibus portable SUNSHINE\u00ae doit \u00eatre utilis\u00e9e avec une pompe hydraulique (pompe \u00e0 main, pompe \u00e0 pied, pompe \u00e9lectrique).","product_parameters":{"acftf":{"v":"1.3.20"},"p":{"o":{"uh":0},"ca":""},"c":[{"p":""},{"p":""}],"h":[{"c":""},{"c":""}],"b":[[{"c":"Mold"},{"c":"SS-150E"}],[{"c":"Output"},{"c":"72ton"}],[{"c":"Working Range"},{"c":"150 x 12.5mm"}],[{"c":"Working Stroke"},{"c":"30mm"}],[{"c":"Weight"},{"c":"58kg"}],[{"c":"Size"},{"c":"330 x 245 x 325mm"}]]},"gallery 1":[4406,4405,4404]},"_links":{"self":[{"href":"https:\/\/www.busbarmachine.co\/fr\/wp-json\/wp\/v2\/product\/4463","targetHints":{"allow":["GET"]}}],"collection":[{"href":"https:\/\/www.busbarmachine.co\/fr\/wp-json\/wp\/v2\/product"}],"about":[{"href":"https:\/\/www.busbarmachine.co\/fr\/wp-json\/wp\/v2\/types\/product"}],"replies":[{"embeddable":true,"href":"https:\/\/www.busbarmachine.co\/fr\/wp-json\/wp\/v2\/comments?post=4463"}],"acf:attachment":[{"embeddable":true,"href":"https:\/\/www.busbarmachine.co\/fr\/wp-json\/wp\/v2\/media\/4404"},{"embeddable":true,"href":"https:\/\/www.busbarmachine.co\/fr\/wp-json\/wp\/v2\/media\/4405"},{"embeddable":true,"href":"https:\/\/www.busbarmachine.co\/fr\/wp-json\/wp\/v2\/media\/4406"}],"wp:featuredmedia":[{"embeddable":true,"href":"https:\/\/www.busbarmachine.co\/fr\/wp-json\/wp\/v2\/media\/4404"}],"wp:attachment":[{"href":"https:\/\/www.busbarmachine.co\/fr\/wp-json\/wp\/v2\/media?parent=4463"}],"wp:term":[{"taxonomy":"product_brand","embeddable":true,"href":"https:\/\/www.busbarmachine.co\/fr\/wp-json\/wp\/v2\/product_brand?post=4463"},{"taxonomy":"product_cat","embeddable":true,"href":"https:\/\/www.busbarmachine.co\/fr\/wp-json\/wp\/v2\/product_cat?post=4463"},{"taxonomy":"product_tag","embeddable":true,"href":"https:\/\/www.busbarmachine.co\/fr\/wp-json\/wp\/v2\/product_tag?post=4463"}],"curies":[{"name":"wp","href":"https:\/\/api.w.org\/{rel}","templated":true}]}}