{"id":4457,"date":"2023-12-03T14:42:12","date_gmt":"2023-12-03T06:42:12","guid":{"rendered":"https:\/\/www.busbarmachine.co\/?post_type=product&#038;p=4457"},"modified":"2023-12-26T08:55:41","modified_gmt":"2023-12-26T00:55:41","slug":"ss-200-portable-hydraulic-busbar-cutting-machine","status":"publish","type":"product","link":"https:\/\/www.busbarmachine.co\/fr\/ss-200-portable-hydraulic-busbar-cutting-machine\/","title":{"rendered":"Machine de d\u00e9coupe de barres omnibus hydraulique portable SS-200"},"content":{"rendered":"<p>La machine de d\u00e9coupe de barres omnibus hydraulique portable adopte une coupe unilat\u00e9rale, de sorte que la force de coupe des barres omnibus est plus uniforme et la coupe est lisse et sans bavures. En m\u00eame temps, une vis de r\u00e9glage de l&#039;\u00e9paisseur a \u00e9t\u00e9 ajout\u00e9e. Lors de la coupe de barres omnibus en cuivre et en aluminium de diff\u00e9rentes tailles, la vis peut \u00eatre ajust\u00e9e pour maintenir l&#039;\u00e9quilibre de coupe. Les coupe-barres omnibus hydrauliques SUNSHINE\u00ae peuvent \u00eatre utilis\u00e9s avec des pompes hydrauliques manuelles ou \u00e9lectriques.<\/p>","protected":false},"excerpt":{"rendered":"<p>La machine de d\u00e9coupe de barres omnibus hydraulique portable adopte une coupe unilat\u00e9rale, de sorte que la force de coupe des barres omnibus est plus uniforme et la coupe est lisse et sans bavures. En m\u00eame temps, une vis de r\u00e9glage de l&#039;\u00e9paisseur a \u00e9t\u00e9 ajout\u00e9e. Lors de la coupe de barres omnibus en cuivre et en aluminium de diff\u00e9rentes tailles, la vis peut \u00eatre ajust\u00e9e pour maintenir l&#039;\u00e9quilibre de coupe. Les coupe-barres omnibus hydrauliques SUNSHINE\u00ae peuvent \u00eatre utilis\u00e9s avec des pompes hydrauliques manuelles ou \u00e9lectriques.<\/p>","protected":false},"featured_media":4390,"comment_status":"open","ping_status":"closed","template":"","meta":[],"product_brand":[],"product_cat":[28],"product_tag":[],"class_list":{"0":"post-4457","1":"product","2":"type-product","3":"status-publish","4":"has-post-thumbnail","6":"product_cat-portable-busbar-cutting-machine","8":"first","9":"instock","10":"shipping-taxable","11":"product-type-simple"},"acf":{"Model":"SS-200","Max.Force":"35 ton","motor power":"\u2014\u2014","Max.Thickness":"12mm","Max.Width":"200mm","cnc":"No","video":"https:\/\/www.youtube.com\/watch?v=q7AKB_v63Ak","description":"La machine de d\u00e9coupe de barres omnibus hydraulique portable adopte une coupe unilat\u00e9rale, de sorte que la force de coupe des barres omnibus est plus uniforme et la coupe est lisse et sans bavures. En m\u00eame temps, une vis de r\u00e9glage de l&#039;\u00e9paisseur a \u00e9t\u00e9 ajout\u00e9e. Lors de la coupe de barres omnibus en cuivre et en aluminium de diff\u00e9rentes tailles, la vis peut \u00eatre ajust\u00e9e pour maintenir l&#039;\u00e9quilibre de coupe. Les coupe-barres omnibus hydrauliques SUNSHINE\u00ae peuvent \u00eatre utilis\u00e9s avec des pompes hydrauliques manuelles ou \u00e9lectriques.","product_parameters":{"acftf":{"v":"1.3.20"},"p":{"o":{"uh":0},"ca":""},"c":[{"p":""},{"p":""}],"h":[{"c":""},{"c":""}],"b":[[{"c":"Mold"},{"c":"SS-150\t"}],[{"c":"Output"},{"c":"25ton"}],[{"c":"Max.Thickness"},{"c":"10mm"}],[{"c":"Max.Width"},{"c":"150mm"}],[{"c":"Weight"},{"c":"30kg"}],[{"c":"Size"},{"c":"270 x 150 x 410mm\n"}]]},"gallery 1":[4385,4390,4387]},"_links":{"self":[{"href":"https:\/\/www.busbarmachine.co\/fr\/wp-json\/wp\/v2\/product\/4457","targetHints":{"allow":["GET"]}}],"collection":[{"href":"https:\/\/www.busbarmachine.co\/fr\/wp-json\/wp\/v2\/product"}],"about":[{"href":"https:\/\/www.busbarmachine.co\/fr\/wp-json\/wp\/v2\/types\/product"}],"replies":[{"embeddable":true,"href":"https:\/\/www.busbarmachine.co\/fr\/wp-json\/wp\/v2\/comments?post=4457"}],"acf:attachment":[{"embeddable":true,"href":"https:\/\/www.busbarmachine.co\/fr\/wp-json\/wp\/v2\/media\/4387"},{"embeddable":true,"href":"https:\/\/www.busbarmachine.co\/fr\/wp-json\/wp\/v2\/media\/4390"},{"embeddable":true,"href":"https:\/\/www.busbarmachine.co\/fr\/wp-json\/wp\/v2\/media\/4385"}],"wp:featuredmedia":[{"embeddable":true,"href":"https:\/\/www.busbarmachine.co\/fr\/wp-json\/wp\/v2\/media\/4390"}],"wp:attachment":[{"href":"https:\/\/www.busbarmachine.co\/fr\/wp-json\/wp\/v2\/media?parent=4457"}],"wp:term":[{"taxonomy":"product_brand","embeddable":true,"href":"https:\/\/www.busbarmachine.co\/fr\/wp-json\/wp\/v2\/product_brand?post=4457"},{"taxonomy":"product_cat","embeddable":true,"href":"https:\/\/www.busbarmachine.co\/fr\/wp-json\/wp\/v2\/product_cat?post=4457"},{"taxonomy":"product_tag","embeddable":true,"href":"https:\/\/www.busbarmachine.co\/fr\/wp-json\/wp\/v2\/product_tag?post=4457"}],"curies":[{"name":"wp","href":"https:\/\/api.w.org\/{rel}","templated":true}]}}