{"id":4339,"date":"2023-12-02T20:56:26","date_gmt":"2023-12-02T12:56:26","guid":{"rendered":"https:\/\/www.busbarmachine.co\/?post_type=product&#038;p=4339"},"modified":"2023-12-26T08:53:54","modified_gmt":"2023-12-26T00:53:54","slug":"ss-150d-portable-hydraulic-busbar-bending-machine","status":"publish","type":"product","link":"https:\/\/www.busbarmachine.co\/fr\/ss-150d-portable-hydraulic-busbar-bending-machine\/","title":{"rendered":"Plieuse hydraulique portative de barres omnibus SS-150D"},"content":{"rendered":"<p>Les cintreuses de barres omnibus hydrauliques portables sont souvent utilis\u00e9es pour le cintrage par lots de barres omnibus en cuivre et en aluminium sur site et \u00e0 des emplacements fixes. La cintreuse de barres omnibus portable est d\u00e9velopp\u00e9e de mani\u00e8re innovante \u00e0 l&#039;aide de la technologie SUNSHINE\u00ae. Elle adopte un large groupe d&#039;unit\u00e9s de piston pour rendre la force de pliage des barres omnibus plus uniforme ; la conception divis\u00e9e peut \u00eatre utilis\u00e9e avec n&#039;importe quelle pompe hydraulique (manuelle ou \u00e9lectrique) ; l&#039;ajout d&#039;\u00e9chelles pr\u00e9cises peut \u00eatre personnalis\u00e9 pour plier \u00e0 n&#039;importe quel angle selon les besoins.<\/p>","protected":false},"excerpt":{"rendered":"<p>Les cintreuses de barres omnibus hydrauliques portables sont souvent utilis\u00e9es pour le cintrage par lots de barres omnibus en cuivre et en aluminium sur site et \u00e0 des emplacements fixes. La cintreuse de barres omnibus portable est d\u00e9velopp\u00e9e de mani\u00e8re innovante \u00e0 l&#039;aide de la technologie SUNSHINE\u00ae. Elle adopte un large groupe d&#039;unit\u00e9s de piston pour rendre la force de pliage des barres omnibus plus uniforme ; la conception divis\u00e9e peut \u00eatre utilis\u00e9e avec n&#039;importe quelle pompe hydraulique (manuelle ou \u00e9lectrique) ; l&#039;ajout d&#039;\u00e9chelles pr\u00e9cises peut \u00eatre personnalis\u00e9 pour plier \u00e0 n&#039;importe quel angle selon les besoins.<\/p>","protected":false},"featured_media":4420,"comment_status":"open","ping_status":"closed","template":"","meta":[],"product_brand":[],"product_cat":[26],"product_tag":[],"class_list":{"0":"post-4339","1":"product","2":"type-product","3":"status-publish","4":"has-post-thumbnail","6":"product_cat-portable-busbar-bending-machine","8":"first","9":"instock","10":"shipping-taxable","11":"product-type-simple"},"acf":{"Model":"SS-150D","Max.Force":"20 ton","motor power":"\u2014\u2014","Max.Thickness":"10mm","Max.Width":"150mm","cnc":"Yes","video":"https:\/\/www.youtube.com\/watch?v=HBSEv5oN7AQ","description":"Les cintreuses de barres omnibus hydrauliques portables sont souvent utilis\u00e9es pour le cintrage par lots de barres omnibus en cuivre et en aluminium sur site et \u00e0 des emplacements fixes. La cintreuse de barres omnibus portable est d\u00e9velopp\u00e9e de mani\u00e8re innovante \u00e0 l&#039;aide de la technologie SUNSHINE\u00ae. Elle adopte un large groupe d&#039;unit\u00e9s de piston pour rendre la force de pliage des barres omnibus plus uniforme ; la conception divis\u00e9e peut \u00eatre utilis\u00e9e avec n&#039;importe quelle pompe hydraulique (manuelle ou \u00e9lectrique) ; l&#039;ajout d&#039;\u00e9chelles pr\u00e9cises peut \u00eatre personnalis\u00e9 pour plier \u00e0 n&#039;importe quel angle selon les besoins.","product_parameters":{"acftf":{"v":"1.3.20"},"p":{"o":{"uh":0},"ca":""},"c":[{"p":""},{"p":""}],"h":[{"c":""},{"c":""}],"b":[[{"c":"Mold"},{"c":"SS-150D"}],[{"c":"Output"},{"c":"20ton"}],[{"c":"Max.Thickness"},{"c":"10mm"}],[{"c":"Max.Width"},{"c":"150mm"}],[{"c":"Weight"},{"c":"\t21kg"}],[{"c":"Size"},{"c":"360 x 130 x 260mm"}]]},"gallery 1":[4446,4445,4444,4441,4439,4437,4450,4451,4452,4453]},"_links":{"self":[{"href":"https:\/\/www.busbarmachine.co\/fr\/wp-json\/wp\/v2\/product\/4339","targetHints":{"allow":["GET"]}}],"collection":[{"href":"https:\/\/www.busbarmachine.co\/fr\/wp-json\/wp\/v2\/product"}],"about":[{"href":"https:\/\/www.busbarmachine.co\/fr\/wp-json\/wp\/v2\/types\/product"}],"replies":[{"embeddable":true,"href":"https:\/\/www.busbarmachine.co\/fr\/wp-json\/wp\/v2\/comments?post=4339"}],"acf:attachment":[{"embeddable":true,"href":"https:\/\/www.busbarmachine.co\/fr\/wp-json\/wp\/v2\/media\/4453"},{"embeddable":true,"href":"https:\/\/www.busbarmachine.co\/fr\/wp-json\/wp\/v2\/media\/4452"},{"embeddable":true,"href":"https:\/\/www.busbarmachine.co\/fr\/wp-json\/wp\/v2\/media\/4451"},{"embeddable":true,"href":"https:\/\/www.busbarmachine.co\/fr\/wp-json\/wp\/v2\/media\/4450"},{"embeddable":true,"href":"https:\/\/www.busbarmachine.co\/fr\/wp-json\/wp\/v2\/media\/4437"},{"embeddable":true,"href":"https:\/\/www.busbarmachine.co\/fr\/wp-json\/wp\/v2\/media\/4439"},{"embeddable":true,"href":"https:\/\/www.busbarmachine.co\/fr\/wp-json\/wp\/v2\/media\/4441"},{"embeddable":true,"href":"https:\/\/www.busbarmachine.co\/fr\/wp-json\/wp\/v2\/media\/4444"},{"embeddable":true,"href":"https:\/\/www.busbarmachine.co\/fr\/wp-json\/wp\/v2\/media\/4445"},{"embeddable":true,"href":"https:\/\/www.busbarmachine.co\/fr\/wp-json\/wp\/v2\/media\/4446"}],"wp:featuredmedia":[{"embeddable":true,"href":"https:\/\/www.busbarmachine.co\/fr\/wp-json\/wp\/v2\/media\/4420"}],"wp:attachment":[{"href":"https:\/\/www.busbarmachine.co\/fr\/wp-json\/wp\/v2\/media?parent=4339"}],"wp:term":[{"taxonomy":"product_brand","embeddable":true,"href":"https:\/\/www.busbarmachine.co\/fr\/wp-json\/wp\/v2\/product_brand?post=4339"},{"taxonomy":"product_cat","embeddable":true,"href":"https:\/\/www.busbarmachine.co\/fr\/wp-json\/wp\/v2\/product_cat?post=4339"},{"taxonomy":"product_tag","embeddable":true,"href":"https:\/\/www.busbarmachine.co\/fr\/wp-json\/wp\/v2\/product_tag?post=4339"}],"curies":[{"name":"wp","href":"https:\/\/api.w.org\/{rel}","templated":true}]}}