{"id":4138,"date":"2023-11-30T18:47:10","date_gmt":"2023-11-30T10:47:10","guid":{"rendered":"https:\/\/www.busbarmachine.co\/?post_type=product&#038;p=4138"},"modified":"2025-04-03T19:23:26","modified_gmt":"2025-04-03T11:23:26","slug":"ns-200b-3-hydraulic-busbar-processing-machine","status":"publish","type":"product","link":"https:\/\/www.busbarmachine.co\/fr\/ns-200b-3-hydraulic-busbar-processing-machine\/","title":{"rendered":"Machine de traitement de barres omnibus hydrauliques en cuivre et aluminium NS-200B-3"},"content":{"rendered":"<p>SunShine\u00ae NS-200B-3 portable busbar machine is a multifunctional busbar processing machine that integrates busbar bending, punching and cutting functions. It is also known as a hydraulic busbar bending punching cutting machine. Compared with CNC 3 in 1 busbar machine, NS-200B-3 portable hydraulic busbar processing machine has the characteristics of small size and portability. It is recommended that busbar processing companies choose the NNS-200B-3 hydraulic busbar machine for processing busbars with a maximum size of 12mm (thickness) * 200mm (width).<\/p>","protected":false},"excerpt":{"rendered":"<p>SunShine\u00ae est un fabricant de machines de d\u00e9coupe et de poin\u00e7onnage de barres omnibus hydrauliques et un fournisseur de machines de barres omnibus portables en Chine. La machine de traitement de barres omnibus hydraulique NS-200B-3 a les fonctions de poin\u00e7onnage et de d\u00e9coupe de barres omnibus et est multifonctionnelle et portable. Il est recommand\u00e9 aux entreprises de traitement de barres omnibus de choisir la machine de traitement de barres omnibus hydraulique NS-200B-3 pour le traitement de barres omnibus d&#039;une taille maximale de 12 mm (\u00e9paisseur) * 200 mm (largeur).<\/p>","protected":false},"featured_media":4093,"comment_status":"open","ping_status":"closed","template":"","meta":[],"product_brand":[],"product_cat":[25],"product_tag":[],"class_list":{"0":"post-4138","1":"product","2":"type-product","3":"status-publish","4":"has-post-thumbnail","6":"product_cat-hydraulic-3-in-1-busbar-machine","8":"first","9":"instock","10":"shipping-taxable","11":"product-type-simple"},"acf":{"Model":"NS-200B-3NC","Max.Force":"630KN","motor power":"\u2014\u2014","Max.Thickness":"12mm","Max.Width":"200mm","cnc":"NO","video":"https:\/\/www.youtube.com\/watch?v=ww1b7XMu57w","description":"La machine de traitement de barres omnibus portable SunShine\u00ae NS-200B-3 est une machine de traitement de barres omnibus multifonctionnelle qui int\u00e8gre les fonctions de pliage, de poin\u00e7onnage et de d\u00e9coupe de barres omnibus. Elle est \u00e9galement connue sous le nom de machine de d\u00e9coupe et de poin\u00e7onnage de barres omnibus hydraulique. Par rapport \u00e0 la machine de traitement de barres omnibus CNC 3 en 1, la machine de traitement de barres omnibus hydraulique portable NS-200B-3 pr\u00e9sente les caract\u00e9ristiques de petite taille et de portabilit\u00e9. <strong>Il est recommand\u00e9 aux entreprises de traitement de jeux de barres de choisir la machine de jeux de barres hydraulique NNS-200B-3 pour le traitement de jeux de barres d&#039;une taille maximale de 12 mm (\u00e9paisseur) * 200 mm (largeur).<\/strong>","product_parameters":{"acftf":{"v":"1.3.20"},"p":{"o":{"uh":0},"ca":""},"c":[{"p":""},{"p":""}],"h":[{"c":""},{"c":""}],"b":[[{"c":"Model"},{"c":"NS-200B-3"}],[{"c":"Voltage"},{"c":"220V\/380V AC\t"}],[{"c":"Rated Oil Pressure"},{"c":"630KN"}],[{"c":"Max.Cut Size"},{"c":"200mm x 12mm"}],[{"c":"Max.Punch Size"},{"c":"200mm x 12mm"}],[{"c":"Max.Bend Size"},{"c":"200mm x 12mm"}],[{"c":"Depth of Throat"},{"c":"110mm"}],[{"c":"Standard Setting"},{"c":"\u22057,\u22059,\u220510.5,\u220513.8,\u220517,\u220520.5"}],[{"c":"Punching Capacity"},{"c":"\u22056-\u220520.5"}],[{"c":"Table Size"},{"c":"840mm x 900mm x 1200mm"}],[{"c":"Weight"},{"c":"230kg"}]]},"gallery 1":[4073,4120,4119,4074,4072,4070,4067,4101]},"_links":{"self":[{"href":"https:\/\/www.busbarmachine.co\/fr\/wp-json\/wp\/v2\/product\/4138","targetHints":{"allow":["GET"]}}],"collection":[{"href":"https:\/\/www.busbarmachine.co\/fr\/wp-json\/wp\/v2\/product"}],"about":[{"href":"https:\/\/www.busbarmachine.co\/fr\/wp-json\/wp\/v2\/types\/product"}],"replies":[{"embeddable":true,"href":"https:\/\/www.busbarmachine.co\/fr\/wp-json\/wp\/v2\/comments?post=4138"}],"acf:attachment":[{"embeddable":true,"href":"https:\/\/www.busbarmachine.co\/fr\/wp-json\/wp\/v2\/media\/4101"},{"embeddable":true,"href":"https:\/\/www.busbarmachine.co\/fr\/wp-json\/wp\/v2\/media\/4067"},{"embeddable":true,"href":"https:\/\/www.busbarmachine.co\/fr\/wp-json\/wp\/v2\/media\/4070"},{"embeddable":true,"href":"https:\/\/www.busbarmachine.co\/fr\/wp-json\/wp\/v2\/media\/4072"},{"embeddable":true,"href":"https:\/\/www.busbarmachine.co\/fr\/wp-json\/wp\/v2\/media\/4074"},{"embeddable":true,"href":"https:\/\/www.busbarmachine.co\/fr\/wp-json\/wp\/v2\/media\/4119"},{"embeddable":true,"href":"https:\/\/www.busbarmachine.co\/fr\/wp-json\/wp\/v2\/media\/4120"},{"embeddable":true,"href":"https:\/\/www.busbarmachine.co\/fr\/wp-json\/wp\/v2\/media\/4073"}],"wp:featuredmedia":[{"embeddable":true,"href":"https:\/\/www.busbarmachine.co\/fr\/wp-json\/wp\/v2\/media\/4093"}],"wp:attachment":[{"href":"https:\/\/www.busbarmachine.co\/fr\/wp-json\/wp\/v2\/media?parent=4138"}],"wp:term":[{"taxonomy":"product_brand","embeddable":true,"href":"https:\/\/www.busbarmachine.co\/fr\/wp-json\/wp\/v2\/product_brand?post=4138"},{"taxonomy":"product_cat","embeddable":true,"href":"https:\/\/www.busbarmachine.co\/fr\/wp-json\/wp\/v2\/product_cat?post=4138"},{"taxonomy":"product_tag","embeddable":true,"href":"https:\/\/www.busbarmachine.co\/fr\/wp-json\/wp\/v2\/product_tag?post=4138"}],"curies":[{"name":"wp","href":"https:\/\/api.w.org\/{rel}","templated":true}]}}