{"id":4030,"date":"2023-11-30T16:07:23","date_gmt":"2023-11-30T08:07:23","guid":{"rendered":"https:\/\/www.busbarmachine.co\/?post_type=product&#038;p=4030"},"modified":"2026-03-17T21:20:18","modified_gmt":"2026-03-17T13:20:18","slug":"ns-150a-3-hydraulic-busbar-cutting-punching-bending-machine","status":"publish","type":"product","link":"https:\/\/www.busbarmachine.co\/fr\/ns-150a-3-hydraulic-busbar-cutting-punching-bending-machine\/","title":{"rendered":"Machine de d\u00e9coupe, de poin\u00e7onnage et de pliage hydraulique de barres omnibus NS-150A-3"},"content":{"rendered":"<p>SunShine\u00ae NS-150A-3 hydraulic busbar machine is a multifunctional busbar processing machine that integrates the functions of busbar bending, punching and cutting. Compared with the CNC 3 in 1 busbar machine, the NS-150A-3 hydraulic busbar processing machine has the characteristics of small size and portability, so people call it a portable busbar processing machine. It is recommended that busbar processing companies choose the NS-150A-3NC hydraulic busbar machine for processing busbars with a maximum size of 15mm (thickness) * 150mm (width).<\/p>","protected":false},"excerpt":{"rendered":"<p>SunShine\u00ae est un fabricant de machines \u00e0 barres omnibus hydrauliques et un fournisseur de machines \u00e0 barres omnibus portables en Chine. La machine \u00e0 barres omnibus hydraulique NS-150A-3 a les fonctions de pliage, de poin\u00e7onnage et de d\u00e9coupe de barres omnibus, et est multifonctionnelle et portable. Il est recommand\u00e9 aux entreprises de traitement de barres omnibus de choisir la machine \u00e0 barres omnibus hydraulique NS-150A-3NC pour le traitement de barres omnibus d&#039;une taille maximale de 15 mm (\u00e9paisseur) * 150 mm (largeur).<\/p>","protected":false},"featured_media":6847,"comment_status":"open","ping_status":"closed","template":"","meta":[],"product_brand":[],"product_cat":[25],"product_tag":[],"class_list":{"0":"post-4030","1":"product","2":"type-product","3":"status-publish","4":"has-post-thumbnail","6":"product_cat-hydraulic-3-in-1-busbar-machine","8":"first","9":"instock","10":"shipping-taxable","11":"product-type-simple"},"acf":{"Model":"NS-150A-3NC","Max.Force":"630KN","motor power":"\u2014\u2014","Max.Thickness":"10mm","Max.Width":"150mm","cnc":"NO","video":"https:\/\/www.youtube.com\/watch?v=ww1b7XMu57w","description":"La machine hydraulique de traitement de barres omnibus SunShine\u00ae NS-150A-3 est une machine de traitement de barres omnibus multifonctionnelle qui int\u00e8gre les fonctions de pliage, de poin\u00e7onnage et de d\u00e9coupe de barres omnibus. Par rapport \u00e0 la machine de traitement de barres omnibus CNC 3 en 1, la machine de traitement de barres omnibus hydraulique NS-150A-3 pr\u00e9sente les caract\u00e9ristiques de petite taille et de portabilit\u00e9, c&#039;est pourquoi les gens l&#039;appellent une machine de traitement de barres omnibus portable. <strong>Il est recommand\u00e9 aux entreprises de traitement de jeux de barres de choisir la machine de jeux de barres hydraulique NS-150A-3NC pour le traitement de jeux de barres d&#039;une taille maximale de 15 mm (\u00e9paisseur) * 150 mm (largeur).<\/strong>","product_parameters":{"acftf":{"v":"1.3.21"},"p":{"o":{"uh":0},"ca":""},"c":[{"p":""},{"p":""}],"h":[{"c":""},{"c":""}],"b":[[{"c":"Model"},{"c":"NS-150A-3NC"}],[{"c":"Voltage"},{"c":"220V\/380V AC\t"}],[{"c":"Rated Oil Pressure"},{"c":"630KN"}],[{"c":"Max.Cut Size"},{"c":"150mm x 10mm"}],[{"c":"Max.Punch Size"},{"c":"150mm x 10mm"}],[{"c":"Max.Bend Size"},{"c":"150mm x 10mm"}],[{"c":"Depth of Throat"},{"c":"110mm"}],[{"c":"Standard Setting"},{"c":"\u22057,\u22059,\u220510.5,\u220513.8,\u220517,\u220520.5"}],[{"c":"Punching Capacity"},{"c":"\u22056-\u220520.5"}],[{"c":"Table Size"},{"c":"730mm x 900mm x 1150mm"}],[{"c":"Weight"},{"c":"175kg"}]]},"gallery 1":[4059,4056,4036,4049,4040,4045]},"_links":{"self":[{"href":"https:\/\/www.busbarmachine.co\/fr\/wp-json\/wp\/v2\/product\/4030","targetHints":{"allow":["GET"]}}],"collection":[{"href":"https:\/\/www.busbarmachine.co\/fr\/wp-json\/wp\/v2\/product"}],"about":[{"href":"https:\/\/www.busbarmachine.co\/fr\/wp-json\/wp\/v2\/types\/product"}],"replies":[{"embeddable":true,"href":"https:\/\/www.busbarmachine.co\/fr\/wp-json\/wp\/v2\/comments?post=4030"}],"acf:attachment":[{"embeddable":true,"href":"https:\/\/www.busbarmachine.co\/fr\/wp-json\/wp\/v2\/media\/4045"},{"embeddable":true,"href":"https:\/\/www.busbarmachine.co\/fr\/wp-json\/wp\/v2\/media\/4040"},{"embeddable":true,"href":"https:\/\/www.busbarmachine.co\/fr\/wp-json\/wp\/v2\/media\/4049"},{"embeddable":true,"href":"https:\/\/www.busbarmachine.co\/fr\/wp-json\/wp\/v2\/media\/4036"},{"embeddable":true,"href":"https:\/\/www.busbarmachine.co\/fr\/wp-json\/wp\/v2\/media\/4056"},{"embeddable":true,"href":"https:\/\/www.busbarmachine.co\/fr\/wp-json\/wp\/v2\/media\/4059"}],"wp:featuredmedia":[{"embeddable":true,"href":"https:\/\/www.busbarmachine.co\/fr\/wp-json\/wp\/v2\/media\/6847"}],"wp:attachment":[{"href":"https:\/\/www.busbarmachine.co\/fr\/wp-json\/wp\/v2\/media?parent=4030"}],"wp:term":[{"taxonomy":"product_brand","embeddable":true,"href":"https:\/\/www.busbarmachine.co\/fr\/wp-json\/wp\/v2\/product_brand?post=4030"},{"taxonomy":"product_cat","embeddable":true,"href":"https:\/\/www.busbarmachine.co\/fr\/wp-json\/wp\/v2\/product_cat?post=4030"},{"taxonomy":"product_tag","embeddable":true,"href":"https:\/\/www.busbarmachine.co\/fr\/wp-json\/wp\/v2\/product_tag?post=4030"}],"curies":[{"name":"wp","href":"https:\/\/api.w.org\/{rel}","templated":true}]}}