{"id":4020,"date":"2023-11-30T11:02:41","date_gmt":"2023-11-30T03:02:41","guid":{"rendered":"https:\/\/www.busbarmachine.co\/?post_type=product&#038;p=4020"},"modified":"2025-03-07T08:21:01","modified_gmt":"2025-03-07T00:21:01","slug":"ns-303-3nc-copper-busbar-machine","status":"publish","type":"product","link":"https:\/\/www.busbarmachine.co\/fr\/ns-303-3nc-copper-busbar-machine\/","title":{"rendered":"Machine \u00e0 barres omnibus en cuivre NS-303-3NC"},"content":{"rendered":"<p>The SunShine\u00ae copper busbar machine is a multifunctional 3 in 1 busbar machine with busbar processing functions of bending, punching and cutting. The SunShine\u00ae 3 in 1 busbar machine has three independent unit workstations, so the busbar bending, cutting and punching units can work at the same time, greatly improving the efficiency of busbar processing. It is recommended that busbar processing companies choose the NS-303-3NC copper busbar machine for processing busbars with a maximum size of 12mm (thickness) * 160mm (width).<\/p>","protected":false},"excerpt":{"rendered":"<p>SunShine\u00ae est un fournisseur de machines pour barres omnibus en cuivre et un fabricant de machines pour barres omnibus 3 en 1. La machine de traitement de barres omnibus NS-303-3NC est con\u00e7ue avec trois tables de travail ind\u00e9pendantes, qui peuvent plier, poin\u00e7onner et couper les barres omnibus en m\u00eame temps, am\u00e9liorant consid\u00e9rablement l&#039;efficacit\u00e9 du traitement des barres omnibus. Il est recommand\u00e9 aux entreprises de traitement de barres omnibus de choisir la machine de traitement de barres omnibus en cuivre NS-303-3NC pour le traitement de barres omnibus d&#039;une taille maximale de 12 mm (\u00e9paisseur) * 160 mm (largeur).<\/p>","protected":false},"featured_media":4136,"comment_status":"open","ping_status":"closed","template":"","meta":[],"product_brand":[],"product_cat":[24],"product_tag":[],"class_list":{"0":"post-4020","1":"product","2":"type-product","3":"status-publish","4":"has-post-thumbnail","6":"product_cat-non-cnc-3-in-1-busbar-machine","8":"first","9":"instock","10":"shipping-taxable","11":"product-type-simple"},"acf":{"Model":"NS-303-3NC","Max.Force":"300KN","motor power":"3x4KW","Max.Thickness":"12mm","Max.Width":"160mm","cnc":"NO","video":"https:\/\/www.youtube.com\/watch?v=xaOtbqtlwaE","description":"La machine \u00e0 barres omnibus en cuivre SunShine\u00ae est une machine \u00e0 barres omnibus multifonctionnelle 3 en 1 avec des fonctions de traitement des barres omnibus de pliage, de poin\u00e7onnage et de d\u00e9coupe. La machine \u00e0 barres omnibus 3 en 1 SunShine\u00ae dispose de trois postes de travail ind\u00e9pendants, de sorte que les unit\u00e9s de pliage, de d\u00e9coupe et de poin\u00e7onnage des barres omnibus peuvent fonctionner en m\u00eame temps, am\u00e9liorant consid\u00e9rablement l&#039;efficacit\u00e9 du traitement des barres omnibus. <strong>Il est recommand\u00e9 aux entreprises de traitement de jeux de barres de choisir la machine de jeux de barres en cuivre NS-303-3NC pour le traitement de jeux de barres d&#039;une taille maximale de 12 mm (\u00e9paisseur) * 160 mm (largeur).<\/strong>","product_parameters":{"acftf":{"v":"1.3.20"},"p":{"o":{"uh":0},"ca":""},"c":[{"p":""},{"p":""}],"h":[{"c":""},{"c":""}],"b":[[{"c":"Model"},{"c":"NS-303-3NC\n"}],[{"c":"Max.Punch Force"},{"c":"300KN"}],[{"c":"Punch Diameter Range\n"},{"c":"\u22054.3\u2014\u220525(mm)"}],[{"c":"Max.Punch Thickness"},{"c":"12mm\n"}],[{"c":"Max.Punch Width"},{"c":"160mm\n"}],[{"c":"Max.Cut Thickness"},{"c":"12mm"}],[{"c":"Max.Cut Width"},{"c":"160mm"}],[{"c":"Max.Vertical Bend Force"},{"c":"300KN"}],[{"c":"Max.Vertical Bend Thickness"},{"c":"12mm"}],[{"c":"Max.Vertical Bend Width"},{"c":"160mm"}],[{"c":"Max.Horizontal Bend Width"},{"c":"100mm*10mm\n"}],[{"c":"Max.Horizontal Bend Angle"},{"c":"90\u00ba\n"}],[{"c":"Max.Twist Bend Thickness"},{"c":"12mm"}],[{"c":"Max.Twist Bend Width"},{"c":"160mm"}],[{"c":"Motor Power\n"},{"c":"3x4KW\n"}],[{"c":"Length*Height*Width"},{"c":"1790*1400*1420mm"}],[{"c":"Weight"},{"c":"1450kg\n"}]]},"gallery 1":[4021,4022,3887,3877,3842,3883,3884,3882]},"_links":{"self":[{"href":"https:\/\/www.busbarmachine.co\/fr\/wp-json\/wp\/v2\/product\/4020","targetHints":{"allow":["GET"]}}],"collection":[{"href":"https:\/\/www.busbarmachine.co\/fr\/wp-json\/wp\/v2\/product"}],"about":[{"href":"https:\/\/www.busbarmachine.co\/fr\/wp-json\/wp\/v2\/types\/product"}],"replies":[{"embeddable":true,"href":"https:\/\/www.busbarmachine.co\/fr\/wp-json\/wp\/v2\/comments?post=4020"}],"acf:attachment":[{"embeddable":true,"href":"https:\/\/www.busbarmachine.co\/fr\/wp-json\/wp\/v2\/media\/3882"},{"embeddable":true,"href":"https:\/\/www.busbarmachine.co\/fr\/wp-json\/wp\/v2\/media\/3884"},{"embeddable":true,"href":"https:\/\/www.busbarmachine.co\/fr\/wp-json\/wp\/v2\/media\/3883"},{"embeddable":true,"href":"https:\/\/www.busbarmachine.co\/fr\/wp-json\/wp\/v2\/media\/3842"},{"embeddable":true,"href":"https:\/\/www.busbarmachine.co\/fr\/wp-json\/wp\/v2\/media\/3877"},{"embeddable":true,"href":"https:\/\/www.busbarmachine.co\/fr\/wp-json\/wp\/v2\/media\/3887"},{"embeddable":true,"href":"https:\/\/www.busbarmachine.co\/fr\/wp-json\/wp\/v2\/media\/4022"},{"embeddable":true,"href":"https:\/\/www.busbarmachine.co\/fr\/wp-json\/wp\/v2\/media\/4021"}],"wp:featuredmedia":[{"embeddable":true,"href":"https:\/\/www.busbarmachine.co\/fr\/wp-json\/wp\/v2\/media\/4136"}],"wp:attachment":[{"href":"https:\/\/www.busbarmachine.co\/fr\/wp-json\/wp\/v2\/media?parent=4020"}],"wp:term":[{"taxonomy":"product_brand","embeddable":true,"href":"https:\/\/www.busbarmachine.co\/fr\/wp-json\/wp\/v2\/product_brand?post=4020"},{"taxonomy":"product_cat","embeddable":true,"href":"https:\/\/www.busbarmachine.co\/fr\/wp-json\/wp\/v2\/product_cat?post=4020"},{"taxonomy":"product_tag","embeddable":true,"href":"https:\/\/www.busbarmachine.co\/fr\/wp-json\/wp\/v2\/product_tag?post=4020"}],"curies":[{"name":"wp","href":"https:\/\/api.w.org\/{rel}","templated":true}]}}