{"id":4019,"date":"2023-11-30T11:02:32","date_gmt":"2023-11-30T03:02:32","guid":{"rendered":"https:\/\/www.busbarmachine.co\/?post_type=product&#038;p=4019"},"modified":"2024-07-02T07:42:37","modified_gmt":"2024-07-01T23:42:37","slug":"ns-503-3nc-busbar-bending-cutting-punching-machine","status":"publish","type":"product","link":"https:\/\/www.busbarmachine.co\/fr\/ns-503-3nc-busbar-bending-cutting-punching-machine\/","title":{"rendered":"Machine de poin\u00e7onnage et de pliage de barres omnibus NS-503-3NC"},"content":{"rendered":"<p>La machine de d\u00e9coupe et de poin\u00e7onnage pour barres omnibus SunShine\u00ae NS-503-3NC est une machine de pliage et de poin\u00e7onnage de barres omnibus dot\u00e9e d&#039;un \u00e9tabli ind\u00e9pendant. Elle est con\u00e7ue pour le traitement des barres omnibus en cuivre-aluminium et des plaques d&#039;acier. Elle comprend trois unit\u00e9s\u00a0: pliage, poin\u00e7onnage et d\u00e9coupe. Fonctionnant ind\u00e9pendamment, elle offre une grande polyvalence et un rendement \u00e9lev\u00e9. Il est recommand\u00e9 aux entreprises de traitement de barres omnibus de choisir la machine NS-503-3NC pour le traitement de barres omnibus d&#039;une \u00e9paisseur maximale de 16\u00a0mm x 250\u00a0mm.<\/p>","protected":false},"excerpt":{"rendered":"<p>SunShine\u00ae est l&#039;un des fabricants de machines \u00e0 barres omnibus les plus connus en Chine. La machine de traitement de barres omnibus NS-503-3NC se compose de 3 unit\u00e9s : pliage, poin\u00e7onnage et d\u00e9coupe, qui peuvent fonctionner ind\u00e9pendamment en m\u00eame temps. Elle est \u00e9galement appel\u00e9e machine de poin\u00e7onnage et de pliage de barres omnibus multifonctionnelle. Il est recommand\u00e9 aux entreprises de traitement de barres omnibus de choisir la machine \u00e0 barres omnibus NS-503-3NC pour traiter des barres omnibus d&#039;une taille maximale de 16 mm (\u00e9paisseur) * 250 mm (largeur).<\/p>","protected":false},"featured_media":4132,"comment_status":"open","ping_status":"closed","template":"","meta":[],"product_brand":[],"product_cat":[24],"product_tag":[],"class_list":{"0":"post-4019","1":"product","2":"type-product","3":"status-publish","4":"has-post-thumbnail","6":"product_cat-non-cnc-3-in-1-busbar-machine","8":"first","9":"instock","10":"shipping-taxable","11":"product-type-simple"},"acf":{"Model":"NS-503-3NC","Max.Force":"500KN","motor power":"3x5.5KW","Max.Thickness":"16mm","Max.Width":"250mm","cnc":"No","video":"https:\/\/www.youtube.com\/watch?v=xaOtbqtlwaE","description":"La machine de traitement de barres omnibus SunShine\u00ae NS-503-3NC est une machine de d\u00e9coupe et de poin\u00e7onnage de barres omnibus avec une conception d&#039;\u00e9tabli d&#039;unit\u00e9 ind\u00e9pendante, qui peut \u00eatre utilis\u00e9e pour traiter des barres omnibus en cuivre et en aluminium et des plaques d&#039;acier. La machine de traitement de barres omnibus NS-503-3NC se compose de 3 unit\u00e9s : pliage, poin\u00e7onnage et d\u00e9coupe. Elle peut fonctionner ind\u00e9pendamment en m\u00eame temps et pr\u00e9sente les caract\u00e9ristiques d&#039;une multifonction et d&#039;une efficacit\u00e9 \u00e9lev\u00e9e. <strong>Il est recommand\u00e9 aux entreprises de traitement de jeux de barres de choisir la machine de jeux de barres NS-503-3NC pour traiter des jeux de barres d&#039;une taille maximale de 16 mm (\u00e9paisseur) * 250 mm (largeur).<\/strong>","product_parameters":{"acftf":{"v":"1.3.20"},"p":{"o":{"uh":0},"ca":""},"c":[{"p":""},{"p":""}],"h":[{"c":""},{"c":""}],"b":[[{"c":"Model"},{"c":"NS-503-3NC\n"}],[{"c":"Max.Punch Force"},{"c":"500KN"}],[{"c":"Punch Diameter Range\n"},{"c":"\u22054.3\u2014\u220534(mm)"}],[{"c":"Max.Punch Thickness"},{"c":"16mm\n"}],[{"c":"Max.Punch Width"},{"c":"250mm\n"}],[{"c":"Max.Cut Thickness"},{"c":"16mm"}],[{"c":"Max.Cut Width"},{"c":"250mm"}],[{"c":"Max.Vertical Bend Force"},{"c":"500KN"}],[{"c":"Max.Vertical Bend Thickness"},{"c":"16mm"}],[{"c":"Max.Vertical Bend Width"},{"c":"250mm"}],[{"c":"Max.Horizontal Bend Width"},{"c":"120mm*12mm\n"}],[{"c":"Max.Horizontal Bend Angle"},{"c":"90\u00ba\n"}],[{"c":"Max.Twist Bend Thickness"},{"c":"16mm"}],[{"c":"Max.Twist Bend Width"},{"c":"250mm"}],[{"c":"Motor Power\n"},{"c":"5.53x4KW\n"}],[{"c":"Length*Height*Width"},{"c":"1950*1560*1420mm"}],[{"c":"Weight"},{"c":"1750kg\n"}]]},"gallery 1":[4023,3889,3877,3892,3860,3853,3859,3847,3886,3883,3884,3882]},"_links":{"self":[{"href":"https:\/\/www.busbarmachine.co\/fr\/wp-json\/wp\/v2\/product\/4019","targetHints":{"allow":["GET"]}}],"collection":[{"href":"https:\/\/www.busbarmachine.co\/fr\/wp-json\/wp\/v2\/product"}],"about":[{"href":"https:\/\/www.busbarmachine.co\/fr\/wp-json\/wp\/v2\/types\/product"}],"replies":[{"embeddable":true,"href":"https:\/\/www.busbarmachine.co\/fr\/wp-json\/wp\/v2\/comments?post=4019"}],"acf:attachment":[{"embeddable":true,"href":"https:\/\/www.busbarmachine.co\/fr\/wp-json\/wp\/v2\/media\/3882"},{"embeddable":true,"href":"https:\/\/www.busbarmachine.co\/fr\/wp-json\/wp\/v2\/media\/3884"},{"embeddable":true,"href":"https:\/\/www.busbarmachine.co\/fr\/wp-json\/wp\/v2\/media\/3883"},{"embeddable":true,"href":"https:\/\/www.busbarmachine.co\/fr\/wp-json\/wp\/v2\/media\/3886"},{"embeddable":true,"href":"https:\/\/www.busbarmachine.co\/fr\/wp-json\/wp\/v2\/media\/3847"},{"embeddable":true,"href":"https:\/\/www.busbarmachine.co\/fr\/wp-json\/wp\/v2\/media\/3859"},{"embeddable":true,"href":"https:\/\/www.busbarmachine.co\/fr\/wp-json\/wp\/v2\/media\/3853"},{"embeddable":true,"href":"https:\/\/www.busbarmachine.co\/fr\/wp-json\/wp\/v2\/media\/3860"},{"embeddable":true,"href":"https:\/\/www.busbarmachine.co\/fr\/wp-json\/wp\/v2\/media\/3892"},{"embeddable":true,"href":"https:\/\/www.busbarmachine.co\/fr\/wp-json\/wp\/v2\/media\/3877"},{"embeddable":true,"href":"https:\/\/www.busbarmachine.co\/fr\/wp-json\/wp\/v2\/media\/3889"},{"embeddable":true,"href":"https:\/\/www.busbarmachine.co\/fr\/wp-json\/wp\/v2\/media\/4023"}],"wp:featuredmedia":[{"embeddable":true,"href":"https:\/\/www.busbarmachine.co\/fr\/wp-json\/wp\/v2\/media\/4132"}],"wp:attachment":[{"href":"https:\/\/www.busbarmachine.co\/fr\/wp-json\/wp\/v2\/media?parent=4019"}],"wp:term":[{"taxonomy":"product_brand","embeddable":true,"href":"https:\/\/www.busbarmachine.co\/fr\/wp-json\/wp\/v2\/product_brand?post=4019"},{"taxonomy":"product_cat","embeddable":true,"href":"https:\/\/www.busbarmachine.co\/fr\/wp-json\/wp\/v2\/product_cat?post=4019"},{"taxonomy":"product_tag","embeddable":true,"href":"https:\/\/www.busbarmachine.co\/fr\/wp-json\/wp\/v2\/product_tag?post=4019"}],"curies":[{"name":"wp","href":"https:\/\/api.w.org\/{rel}","templated":true}]}}