{"id":3986,"date":"2023-11-30T08:57:58","date_gmt":"2023-11-30T00:57:58","guid":{"rendered":"https:\/\/www.busbarmachine.co\/?post_type=product&#038;p=3986"},"modified":"2025-02-24T11:19:56","modified_gmt":"2025-02-24T03:19:56","slug":"800kn-cnc-automatic-busbar-processing-machine","status":"publish","type":"product","link":"https:\/\/www.busbarmachine.co\/fr\/800kn-cnc-automatic-busbar-processing-machine\/","title":{"rendered":"Machine de traitement automatique de barres omnibus CNC 800KN"},"content":{"rendered":"<p>SunShine\u00ae CNC busbar processing machine is a multifunctional 3 in 1 busbar machine that integrates busbar bending, punching and cutting. SunShine\u00ae 3 in 1 busbar machine adopts self-developed CNC control system and springback compensation technology, which can realize high-precision busbar processing operations such as bending, cutting and punching. It is recommended that busbar processing companies choose the SS-80-3NC 3 in 1 busbar machine for processing busbars with a maximum size of 20mm (thickness) * 300mm (width).<\/p>","protected":false},"excerpt":{"rendered":"<p>SunShine\u00ae est un fabricant de machines de traitement de barres omnibus CNC et un fournisseur de machines de traitement de barres omnibus 3 en 1. La machine de traitement de barres omnibus CNC SS-50-3NC est une machine de traitement de barres omnibus CNC multifonctionnelle 3 en 1 qui int\u00e8gre 3 unit\u00e9s fonctionnelles ind\u00e9pendantes pour le pliage, le poin\u00e7onnage et la d\u00e9coupe de barres omnibus. Il est recommand\u00e9 aux entreprises de traitement de barres omnibus de choisir la machine de traitement de barres omnibus 3 en 1 SS-80-3NC pour le traitement de barres omnibus d&#039;une taille maximale de 20 mm (\u00e9paisseur) * 300 mm (largeur).<\/p>","protected":false},"featured_media":4131,"comment_status":"open","ping_status":"closed","template":"","meta":[],"product_brand":[],"product_cat":[23],"product_tag":[],"class_list":{"0":"post-3986","1":"product","2":"type-product","3":"status-publish","4":"has-post-thumbnail","6":"product_cat-cnc-3-in-1-busbar-machine","8":"first","9":"instock","10":"shipping-taxable","11":"product-type-simple"},"acf":{"Model":"SS-80-3NC","Max.Force":"800KN","motor power":"3x7.5KW","Max.Thickness":"20mm","Max.Width":"300mm","cnc":"Support","video":"https:\/\/www.youtube.com\/watch?v=WJhe6Rkh7Pk","description":"La machine de traitement de barres omnibus SunShine\u00ae CNC est une machine de traitement de barres omnibus multifonctionnelle 3 en 1 qui int\u00e8gre le pliage, le poin\u00e7onnage et la d\u00e9coupe de barres omnibus. La machine de traitement de barres omnibus SunShine\u00ae 3 en 1 adopte un syst\u00e8me de contr\u00f4le CNC auto-d\u00e9velopp\u00e9 et une technologie de compensation de retour \u00e9lastique, qui peut r\u00e9aliser des op\u00e9rations de traitement de barres omnibus de haute pr\u00e9cision telles que le pliage, la d\u00e9coupe et le poin\u00e7onnage. <strong>Il est recommand\u00e9 aux entreprises de traitement de jeux de barres de choisir la machine de jeux de barres 3 en 1 SS-80-3NC pour le traitement de jeux de barres d&#039;une taille maximale de 20 mm (\u00e9paisseur) * 300 mm (largeur).<\/strong>","product_parameters":{"acftf":{"v":"1.3.20"},"p":{"o":{"uh":0},"ca":""},"c":[{"p":""},{"p":""}],"h":[{"c":""},{"c":""}],"b":[[{"c":"Model"},{"c":"SS-80-3NC\n"}],[{"c":"Max.Punch Force"},{"c":"800KN"}],[{"c":"Punch Diameter Range\n"},{"c":"\u22054.3\u2014\u220534(mm)"}],[{"c":"Max.Punch Thickness"},{"c":"20mm"}],[{"c":"Max.Punch Width"},{"c":"300mm\n"}],[{"c":"Max.Cut Thickness"},{"c":"20mm"}],[{"c":"Max.Cut Width"},{"c":"300mm\n"}],[{"c":"Max.Vertical Bend Force"},{"c":"800KN"}],[{"c":"Max.Vertical Bend Thickness"},{"c":"20mm"}],[{"c":"Max.Vertical Bend Width"},{"c":"250mm"}],[{"c":"Max.Horizontal Bend Width"},{"c":"120mm*12mm\n"}],[{"c":"Max.Horizontal Bend Angle"},{"c":"90\u00ba\n"}],[{"c":"Max.Twist Bend Thickness"},{"c":"20mm"}],[{"c":"Max.Twist Bend Width"},{"c":"300mm"}],[{"c":"CNC Bending Precision\n"},{"c":"\u00b11\u00ba\n"}],[{"c":"CNC Repeat Bending Precision\n"},{"c":"\u00b10.3\u00ba\n"}],[{"c":"Motor Power\n"},{"c":"5.53x4KW\n"}],[{"c":"Length*Height*Width"},{"c":"2060*1600*1560mm"}],[{"c":"Weight"},{"c":"2350kg\n"}]]},"gallery 1":[3894,3863,3877,3856,3875,3881,3866,3865,3883,3884]},"_links":{"self":[{"href":"https:\/\/www.busbarmachine.co\/fr\/wp-json\/wp\/v2\/product\/3986","targetHints":{"allow":["GET"]}}],"collection":[{"href":"https:\/\/www.busbarmachine.co\/fr\/wp-json\/wp\/v2\/product"}],"about":[{"href":"https:\/\/www.busbarmachine.co\/fr\/wp-json\/wp\/v2\/types\/product"}],"replies":[{"embeddable":true,"href":"https:\/\/www.busbarmachine.co\/fr\/wp-json\/wp\/v2\/comments?post=3986"}],"acf:attachment":[{"embeddable":true,"href":"https:\/\/www.busbarmachine.co\/fr\/wp-json\/wp\/v2\/media\/3884"},{"embeddable":true,"href":"https:\/\/www.busbarmachine.co\/fr\/wp-json\/wp\/v2\/media\/3883"},{"embeddable":true,"href":"https:\/\/www.busbarmachine.co\/fr\/wp-json\/wp\/v2\/media\/3865"},{"embeddable":true,"href":"https:\/\/www.busbarmachine.co\/fr\/wp-json\/wp\/v2\/media\/3866"},{"embeddable":true,"href":"https:\/\/www.busbarmachine.co\/fr\/wp-json\/wp\/v2\/media\/3881"},{"embeddable":true,"href":"https:\/\/www.busbarmachine.co\/fr\/wp-json\/wp\/v2\/media\/3875"},{"embeddable":true,"href":"https:\/\/www.busbarmachine.co\/fr\/wp-json\/wp\/v2\/media\/3856"},{"embeddable":true,"href":"https:\/\/www.busbarmachine.co\/fr\/wp-json\/wp\/v2\/media\/3877"},{"embeddable":true,"href":"https:\/\/www.busbarmachine.co\/fr\/wp-json\/wp\/v2\/media\/3863"},{"embeddable":true,"href":"https:\/\/www.busbarmachine.co\/fr\/wp-json\/wp\/v2\/media\/3894"}],"wp:featuredmedia":[{"embeddable":true,"href":"https:\/\/www.busbarmachine.co\/fr\/wp-json\/wp\/v2\/media\/4131"}],"wp:attachment":[{"href":"https:\/\/www.busbarmachine.co\/fr\/wp-json\/wp\/v2\/media?parent=3986"}],"wp:term":[{"taxonomy":"product_brand","embeddable":true,"href":"https:\/\/www.busbarmachine.co\/fr\/wp-json\/wp\/v2\/product_brand?post=3986"},{"taxonomy":"product_cat","embeddable":true,"href":"https:\/\/www.busbarmachine.co\/fr\/wp-json\/wp\/v2\/product_cat?post=3986"},{"taxonomy":"product_tag","embeddable":true,"href":"https:\/\/www.busbarmachine.co\/fr\/wp-json\/wp\/v2\/product_tag?post=3986"}],"curies":[{"name":"wp","href":"https:\/\/api.w.org\/{rel}","templated":true}]}}