{"id":24,"date":"2023-10-07T19:00:45","date_gmt":"2023-10-07T11:00:45","guid":{"rendered":"https:\/\/www.busbarmachine.co\/?post_type=product&#038;p=24"},"modified":"2025-02-24T11:19:08","modified_gmt":"2025-02-24T03:19:08","slug":"300kn-3-in-1-copper-busbar-machine","status":"publish","type":"product","link":"https:\/\/www.busbarmachine.co\/fr\/300kn-3-in-1-copper-busbar-machine\/","title":{"rendered":"Machine de fabrication de barres omnibus en cuivre 300KN 3 en 1"},"content":{"rendered":"<p>La machine de traitement de barres omnibus fabriqu\u00e9e par SunShine\u00ae int\u00e8gre les trois fonctions de pliage, de d\u00e9coupe et de poin\u00e7onnage de barres omnibus, et est \u00e9galement appel\u00e9e machine de barres omnibus 3 en 1. Elle pr\u00e9sente les caract\u00e9ristiques de multifonctionnalit\u00e9, de haute pr\u00e9cision et de haute efficacit\u00e9. L&#039;unit\u00e9 de pliage de la machine de barres omnibus est \u00e9quip\u00e9e d&#039;un syst\u00e8me de contr\u00f4le CNC et d&#039;un panneau mobile HIM, qui permet \u00e0 l&#039;op\u00e9rateur de r\u00e9gler l&#039;angle de pliage requis et d&#039;autres param\u00e8tres, am\u00e9liorant ainsi consid\u00e9rablement l&#039;efficacit\u00e9 et la pr\u00e9cision de la production de barres omnibus. <strong>Il est recommand\u00e9 aux entreprises de traitement de jeux de barres de choisir la machine de jeux de barres CNC SS-30-3NC pour traiter des jeux de barres d&#039;une taille maximale de 12 mm (\u00e9paisseur) * 160 mm (largeur).<\/strong><\/p>","protected":false},"excerpt":{"rendered":"<p>SunShine\u00ae est un fabricant de machines de traitement de barres omnibus et un fournisseur de machines de barres omnibus 3 en 1. La machine de barres omnibus SS-30-3NC est une machine de traitement de barres omnibus CNC multifonctionnelle avec des fonctions de pliage, de d\u00e9coupe et de poin\u00e7onnage de barres omnibus. Il est recommand\u00e9 aux entreprises de traitement de barres omnibus de choisir la machine de barres omnibus CNC SS-30-3NC pour traiter des barres omnibus d&#039;une taille maximale de 12 mm (\u00e9paisseur) * 160 mm (largeur).<\/p>","protected":false},"featured_media":4134,"comment_status":"open","ping_status":"closed","template":"","meta":[],"product_brand":[],"product_cat":[23],"product_tag":[],"class_list":{"0":"post-24","1":"product","2":"type-product","3":"status-publish","4":"has-post-thumbnail","6":"product_cat-cnc-3-in-1-busbar-machine","8":"first","9":"instock","10":"shipping-taxable","11":"product-type-simple"},"acf":{"Model":"SS-30-3NC","Max.Force":"300KN","motor power":"3x4KW","Max.Thickness":"12mm","Max.Width":"160mm","cnc":"Support","video":"https:\/\/www.youtube.com\/watch?v=WJhe6Rkh7Pk","description":"La machine de traitement de barres omnibus fabriqu\u00e9e par SunShine\u00ae int\u00e8gre les trois fonctions de pliage, de d\u00e9coupe et de poin\u00e7onnage de barres omnibus, et est \u00e9galement appel\u00e9e machine de barres omnibus 3 en 1. Elle pr\u00e9sente les caract\u00e9ristiques de multifonctionnalit\u00e9, de haute pr\u00e9cision et de haute efficacit\u00e9. L&#039;unit\u00e9 de pliage de la machine de barres omnibus est \u00e9quip\u00e9e d&#039;un syst\u00e8me de contr\u00f4le CNC et d&#039;un panneau mobile HIM, qui permet \u00e0 l&#039;op\u00e9rateur de r\u00e9gler l&#039;angle de pliage requis et d&#039;autres param\u00e8tres, am\u00e9liorant ainsi consid\u00e9rablement l&#039;efficacit\u00e9 et la pr\u00e9cision de la production de barres omnibus. <strong>Il est recommand\u00e9 aux entreprises de traitement de jeux de barres de choisir la machine de jeux de barres CNC SS-30-3NC pour traiter des jeux de barres d&#039;une taille maximale de 12 mm (\u00e9paisseur) * 160 mm (largeur).<\/strong>","product_parameters":{"acftf":{"v":"1.3.20"},"p":{"o":{"uh":0},"ca":""},"c":[{"p":""},{"p":""}],"h":[{"c":""},{"c":""}],"b":[[{"c":"Model"},{"c":"SS-30-3NC\n"}],[{"c":"Max.Punch Force"},{"c":"300KN"}],[{"c":"Punch Diameter Range\n"},{"c":"\u22054.3\u2014\u220525(mm)"}],[{"c":"Max.Punch Thickness"},{"c":"12mm\n"}],[{"c":"Max.Punch Width"},{"c":"160mm\n"}],[{"c":"Max.Cut Thickness"},{"c":"12mm"}],[{"c":"Max.Cut Width"},{"c":"160mm"}],[{"c":"Max.Vertical Bend Force"},{"c":"300KN"}],[{"c":"Max.Vertical Bend Thickness"},{"c":"12mm"}],[{"c":"Max.Vertical Bend Width"},{"c":"160mm"}],[{"c":"Max.Horizontal Bend Width"},{"c":"100mm*10mm\n"}],[{"c":"Max.Horizontal Bend Angle"},{"c":"90\u00ba\n"}],[{"c":"Max.Twist Bend Thickness"},{"c":"12mm"}],[{"c":"Max.Twist Bend Width"},{"c":"160mm"}],[{"c":"CNC Bending Precision\n"},{"c":"\u00b11\u00ba\n"}],[{"c":"CNC Repeat Bending Precision\n"},{"c":"\u00b10.3\u00ba\n"}],[{"c":"Motor Power\n"},{"c":"3x4KW\n"}],[{"c":"Length*Height*Width"},{"c":"1790*1400*1420mm"}],[{"c":"Weight"},{"c":"1450kg\n"}]]},"gallery 1":[3887,3886,3855,3852,3842,3883,3884,3882]},"_links":{"self":[{"href":"https:\/\/www.busbarmachine.co\/fr\/wp-json\/wp\/v2\/product\/24","targetHints":{"allow":["GET"]}}],"collection":[{"href":"https:\/\/www.busbarmachine.co\/fr\/wp-json\/wp\/v2\/product"}],"about":[{"href":"https:\/\/www.busbarmachine.co\/fr\/wp-json\/wp\/v2\/types\/product"}],"replies":[{"embeddable":true,"href":"https:\/\/www.busbarmachine.co\/fr\/wp-json\/wp\/v2\/comments?post=24"}],"acf:attachment":[{"embeddable":true,"href":"https:\/\/www.busbarmachine.co\/fr\/wp-json\/wp\/v2\/media\/3882"},{"embeddable":true,"href":"https:\/\/www.busbarmachine.co\/fr\/wp-json\/wp\/v2\/media\/3884"},{"embeddable":true,"href":"https:\/\/www.busbarmachine.co\/fr\/wp-json\/wp\/v2\/media\/3883"},{"embeddable":true,"href":"https:\/\/www.busbarmachine.co\/fr\/wp-json\/wp\/v2\/media\/3842"},{"embeddable":true,"href":"https:\/\/www.busbarmachine.co\/fr\/wp-json\/wp\/v2\/media\/3852"},{"embeddable":true,"href":"https:\/\/www.busbarmachine.co\/fr\/wp-json\/wp\/v2\/media\/3855"},{"embeddable":true,"href":"https:\/\/www.busbarmachine.co\/fr\/wp-json\/wp\/v2\/media\/3886"},{"embeddable":true,"href":"https:\/\/www.busbarmachine.co\/fr\/wp-json\/wp\/v2\/media\/3887"}],"wp:featuredmedia":[{"embeddable":true,"href":"https:\/\/www.busbarmachine.co\/fr\/wp-json\/wp\/v2\/media\/4134"}],"wp:attachment":[{"href":"https:\/\/www.busbarmachine.co\/fr\/wp-json\/wp\/v2\/media?parent=24"}],"wp:term":[{"taxonomy":"product_brand","embeddable":true,"href":"https:\/\/www.busbarmachine.co\/fr\/wp-json\/wp\/v2\/product_brand?post=24"},{"taxonomy":"product_cat","embeddable":true,"href":"https:\/\/www.busbarmachine.co\/fr\/wp-json\/wp\/v2\/product_cat?post=24"},{"taxonomy":"product_tag","embeddable":true,"href":"https:\/\/www.busbarmachine.co\/fr\/wp-json\/wp\/v2\/product_tag?post=24"}],"curies":[{"name":"wp","href":"https:\/\/api.w.org\/{rel}","templated":true}]}}