{"id":37,"date":"2023-10-08T12:00:23","date_gmt":"2023-10-08T04:00:23","guid":{"rendered":"https:\/\/www.busbarmachine.co\/?page_id=37"},"modified":"2026-04-13T16:01:27","modified_gmt":"2026-04-13T08:01:27","slug":"busbar-machine-manufacturer-factory-supplier-in-china","status":"publish","type":"page","link":"https:\/\/www.busbarmachine.co\/fr\/","title":{"rendered":"Machine de poin\u00e7onnage, de d\u00e9coupe et de pliage de barres omnibus en cuivre en Chine"},"content":{"rendered":"","protected":false},"excerpt":{"rendered":"<p>SunShine\u00ae est un fabricant de machines \u00e0 barres omnibus en cuivre et un fournisseur de machines de traitement de barres omnibus en Chine, d\u00e9di\u00e9 \u00e0 fournir aux usines d&#039;appareillage de commutation haute et basse tension et aux fournisseurs de panneaux \u00e9lectriques des solutions pour le pliage, le poin\u00e7onnage et la d\u00e9coupe de barres omnibus, y compris la machine de poin\u00e7onnage et de d\u00e9coupe de barres omnibus, la machine de pliage de barres omnibus CNC, la machine de poin\u00e7onnage et de cisaillement de barres omnibus CNC, la machine de barres omnibus multifonctionnelle 3 en 1 et la machine de barres omnibus hydraulique portable.<\/p>","protected":false},"author":1,"featured_media":4130,"parent":0,"menu_order":0,"comment_status":"closed","ping_status":"closed","template":"","meta":{"footnotes":""},"class_list":["post-37","page","type-page","status-publish","has-post-thumbnail","hentry"],"acf":[],"_links":{"self":[{"href":"https:\/\/www.busbarmachine.co\/fr\/wp-json\/wp\/v2\/pages\/37","targetHints":{"allow":["GET"]}}],"collection":[{"href":"https:\/\/www.busbarmachine.co\/fr\/wp-json\/wp\/v2\/pages"}],"about":[{"href":"https:\/\/www.busbarmachine.co\/fr\/wp-json\/wp\/v2\/types\/page"}],"author":[{"embeddable":true,"href":"https:\/\/www.busbarmachine.co\/fr\/wp-json\/wp\/v2\/users\/1"}],"replies":[{"embeddable":true,"href":"https:\/\/www.busbarmachine.co\/fr\/wp-json\/wp\/v2\/comments?post=37"}],"version-history":[{"count":100,"href":"https:\/\/www.busbarmachine.co\/fr\/wp-json\/wp\/v2\/pages\/37\/revisions"}],"predecessor-version":[{"id":9294,"href":"https:\/\/www.busbarmachine.co\/fr\/wp-json\/wp\/v2\/pages\/37\/revisions\/9294"}],"wp:featuredmedia":[{"embeddable":true,"href":"https:\/\/www.busbarmachine.co\/fr\/wp-json\/wp\/v2\/media\/4130"}],"wp:attachment":[{"href":"https:\/\/www.busbarmachine.co\/fr\/wp-json\/wp\/v2\/media?parent=37"}],"curies":[{"name":"wp","href":"https:\/\/api.w.org\/{rel}","templated":true}]}}