{"id":8091,"date":"2025-06-06T21:00:58","date_gmt":"2025-06-06T13:00:58","guid":{"rendered":"https:\/\/www.busbarmachine.co\/?post_type=product&#038;p=8091"},"modified":"2025-06-06T22:11:19","modified_gmt":"2025-06-06T14:11:19","slug":"ss-30-3cnc-pro-copper-busbar-machine","status":"publish","type":"product","link":"https:\/\/www.busbarmachine.co\/es\/ss-30-3cnc-pro-copper-busbar-machine\/","title":{"rendered":"M\u00e1quina de barras colectoras de cobre SS-30-3CNC PRO"},"content":{"rendered":"<p>La m\u00e1quina de barras colectoras de cobre SS-30-3CNC PRO es una m\u00e1quina CNC multifuncional con funciones de punzonado, corte y plegado. Incorpora servofreno y posicionamiento autom\u00e1tico de la posici\u00f3n de procesamiento de las barras. Puede procesar barras colectoras de cobre o aluminio con un tama\u00f1o m\u00e1ximo de 12 x 160 mm. Es una m\u00e1quina CNC compacta, ideal para peque\u00f1os y medianos fabricantes de cuadros el\u00e9ctricos de alta y baja tensi\u00f3n.<\/p>","protected":false},"excerpt":{"rendered":"<p>La m\u00e1quina de barras colectoras de cobre SS-30-3CNC PRO es una m\u00e1quina CNC multifuncional con funciones de punzonado, corte y plegado. Incorpora servofreno y posicionamiento autom\u00e1tico de la posici\u00f3n de procesamiento de las barras. Puede procesar barras colectoras de cobre o aluminio con un tama\u00f1o m\u00e1ximo de 12 x 160 mm. Es una m\u00e1quina CNC compacta, ideal para peque\u00f1os y medianos fabricantes de cuadros el\u00e9ctricos de alta y baja tensi\u00f3n.<\/p>","protected":false},"featured_media":8044,"comment_status":"open","ping_status":"closed","template":"","meta":[],"product_brand":[],"product_cat":[23,19],"product_tag":[],"class_list":{"0":"post-8091","1":"product","2":"type-product","3":"status-publish","4":"has-post-thumbnail","6":"product_cat-cnc-3-in-1-busbar-machine","7":"product_cat-3-in-1-busbar-machine","9":"first","10":"instock","11":"shipping-taxable","12":"product-type-simple"},"acf":{"Model":"SS-30-3CNC PRO","Max.Force":"300KN","motor power":"3x4 KW","Max.Thickness":"12mm","Max.Width":"160mm","cnc":"Support","video":"https:\/\/www.youtube.com\/watch?v=4SQoHrjmXEw","description":"La m\u00e1quina de barras colectoras de cobre SS-30-3CNC PRO es una m\u00e1quina CNC multifuncional con funciones de punzonado, corte y plegado. Incorpora servofreno y posicionamiento autom\u00e1tico de la posici\u00f3n de procesamiento de las barras. Puede procesar barras colectoras de cobre o aluminio con un tama\u00f1o m\u00e1ximo de 12 x 160 mm. Es una m\u00e1quina CNC compacta, ideal para peque\u00f1os y medianos fabricantes de cuadros el\u00e9ctricos de alta y baja tensi\u00f3n.","product_parameters":{"acftf":{"v":"1.3.29"},"p":{"o":{"uh":0},"ca":""},"c":[{"p":""},{"p":""}],"h":[{"c":""},{"c":""}],"b":[[{"c":"Model"},{"c":"SS-30-3CNC Pro"}],[{"c":"Max Flat Bending Thickness\/Width"},{"c":"12mm\/160mm"}],[{"c":"Max Vertical Bending Thickness\/Width"},{"c":"10mm\/100mm"}],[{"c":"Max Cutting Thickness\/Width"},{"c":"12mm\/160mm"}],[{"c":"Cut-off Cylinder Output"},{"c":"500KN"}],[{"c":"Bending Cylinder Output"},{"c":"500KN"}],[{"c":"Bending Cylinder Output"},{"c":"500KN"}],[{"c":"Punching Diameter"},{"c":"\u03a64.3\uff0d\u03a630"}],[{"c":"Punching Unit Turret Station"},{"c":"6"}],[{"c":"Power Voltage"},{"c":"380V 50HZ(Can be customized\uff09"}],[{"c":"Having PLC Controller"},{"c":"3 (Bending+Punching+Cutting)"}],[{"c":"HIM Mobile Panel"},{"c":"3"}],[{"c":"Language"},{"c":"Chinese\/English"}]]},"gallery 1":[8057,8044,8045,8043,8042,8041,8039,8038]},"_links":{"self":[{"href":"https:\/\/www.busbarmachine.co\/es\/wp-json\/wp\/v2\/product\/8091","targetHints":{"allow":["GET"]}}],"collection":[{"href":"https:\/\/www.busbarmachine.co\/es\/wp-json\/wp\/v2\/product"}],"about":[{"href":"https:\/\/www.busbarmachine.co\/es\/wp-json\/wp\/v2\/types\/product"}],"replies":[{"embeddable":true,"href":"https:\/\/www.busbarmachine.co\/es\/wp-json\/wp\/v2\/comments?post=8091"}],"acf:attachment":[{"embeddable":true,"href":"https:\/\/www.busbarmachine.co\/es\/wp-json\/wp\/v2\/media\/8038"},{"embeddable":true,"href":"https:\/\/www.busbarmachine.co\/es\/wp-json\/wp\/v2\/media\/8039"},{"embeddable":true,"href":"https:\/\/www.busbarmachine.co\/es\/wp-json\/wp\/v2\/media\/8041"},{"embeddable":true,"href":"https:\/\/www.busbarmachine.co\/es\/wp-json\/wp\/v2\/media\/8042"},{"embeddable":true,"href":"https:\/\/www.busbarmachine.co\/es\/wp-json\/wp\/v2\/media\/8043"},{"embeddable":true,"href":"https:\/\/www.busbarmachine.co\/es\/wp-json\/wp\/v2\/media\/8045"},{"embeddable":true,"href":"https:\/\/www.busbarmachine.co\/es\/wp-json\/wp\/v2\/media\/8044"},{"embeddable":true,"href":"https:\/\/www.busbarmachine.co\/es\/wp-json\/wp\/v2\/media\/8057"}],"wp:featuredmedia":[{"embeddable":true,"href":"https:\/\/www.busbarmachine.co\/es\/wp-json\/wp\/v2\/media\/8044"}],"wp:attachment":[{"href":"https:\/\/www.busbarmachine.co\/es\/wp-json\/wp\/v2\/media?parent=8091"}],"wp:term":[{"taxonomy":"product_brand","embeddable":true,"href":"https:\/\/www.busbarmachine.co\/es\/wp-json\/wp\/v2\/product_brand?post=8091"},{"taxonomy":"product_cat","embeddable":true,"href":"https:\/\/www.busbarmachine.co\/es\/wp-json\/wp\/v2\/product_cat?post=8091"},{"taxonomy":"product_tag","embeddable":true,"href":"https:\/\/www.busbarmachine.co\/es\/wp-json\/wp\/v2\/product_tag?post=8091"}],"curies":[{"name":"wp","href":"https:\/\/api.w.org\/{rel}","templated":true}]}}