{"id":6373,"date":"2024-06-07T10:01:26","date_gmt":"2024-06-07T02:01:26","guid":{"rendered":"https:\/\/www.busbarmachine.co\/?post_type=product&#038;p=6373"},"modified":"2025-06-06T21:16:39","modified_gmt":"2025-06-06T13:16:39","slug":"servo-cnc-3-in-1-busbar-machine","status":"publish","type":"product","link":"https:\/\/www.busbarmachine.co\/es\/servo-cnc-3-in-1-busbar-machine\/","title":{"rendered":"SS-50-3CNC Pro Servo CNC 3 en 1 m\u00e1quina de barras colectoras"},"content":{"rendered":"<p>La m\u00e1quina de barras colectoras Servo CNC 3 en 1 PRO es una m\u00e1quina de doblado, punzonado y corte de barras colectoras servo personalizada, equipada con un sistema PLC Siemens y compatible con CNC. La unidad de doblado, la unidad de punzonado y la unidad de corte del equipo est\u00e1n equipadas con servos respectivamente, que pueden realizar un trabajo independiente, y la carrera efectiva del servo es de 1000 mm (admite personalizaci\u00f3n), lo que mejora en gran medida la eficiencia y la precisi\u00f3n del procesamiento de barras colectoras.<\/p>","protected":false},"excerpt":{"rendered":"<p>La m\u00e1quina de barras colectoras Servo CNC 3 en 1 PRO es una m\u00e1quina de doblado, punzonado y corte de barras colectoras servo personalizada, equipada con un sistema PLC Siemens y compatible con CNC. La unidad de doblado, la unidad de punzonado y la unidad de corte del equipo est\u00e1n equipadas con servos respectivamente, que pueden realizar un trabajo independiente, y la carrera efectiva del servo es de 1000 mm (admite personalizaci\u00f3n), lo que mejora en gran medida la eficiencia y la precisi\u00f3n del procesamiento de barras colectoras.<\/p>","protected":false},"featured_media":6387,"comment_status":"open","ping_status":"closed","template":"","meta":[],"product_brand":[],"product_cat":[23],"product_tag":[],"class_list":{"0":"post-6373","1":"product","2":"type-product","3":"status-publish","4":"has-post-thumbnail","6":"product_cat-cnc-3-in-1-busbar-machine","8":"first","9":"instock","10":"shipping-taxable","11":"product-type-simple"},"acf":{"Model":"SS-50-3CNC PRO","Max.Force":"500KN","motor power":"3x5.5KW","Max.Thickness":"16mm","Max.Width":"250mm","cnc":"Support","video":"https:\/\/www.youtube.com\/watch?v=QYt-zhVEzSk","description":"La m\u00e1quina de barras colectoras Servo CNC 3 en 1 PRO es una m\u00e1quina de doblado, punzonado y corte de barras colectoras servo personalizada, equipada con un sistema PLC Siemens y compatible con CNC. La unidad de doblado, la unidad de punzonado y la unidad de corte del equipo est\u00e1n equipadas con servos respectivamente, que pueden realizar un trabajo independiente, y la carrera efectiva del servo es de 1000 mm (admite personalizaci\u00f3n), lo que mejora en gran medida la eficiencia y la precisi\u00f3n del procesamiento de barras colectoras.","product_parameters":{"acftf":{"v":"1.3.22"},"p":{"o":{"uh":0},"ca":""},"c":[{"p":""},{"p":""}],"h":[{"c":""},{"c":""}],"b":[[{"c":"Model"},{"c":"SS-50-3CNC Pro"}],[{"c":"Max Flat Bending Thickness\/Width"},{"c":"16mm\/250mm"}],[{"c":"Max Vertical Bending Thickness\/Width"},{"c":"10mm\/100mm"}],[{"c":"Max Cutting Thickness\/Width"},{"c":"20mm\/250mm"}],[{"c":"Cut-off Cylinder Output"},{"c":"800KN"}],[{"c":"Bending Cylinder Output"},{"c":"500KN"}],[{"c":"Bending Cylinder Output"},{"c":"500KN"}],[{"c":"Punching Diameter"},{"c":"\u03a64.3\uff0d\u03a630"}],[{"c":"Punching Unit Turret Station"},{"c":"6"}],[{"c":"Power Voltage"},{"c":"Three-phase 380V"}],[{"c":"Having PLC Controller"},{"c":"3 (Bending+Punching+Cutting)"}],[{"c":"HIM Mobile Panel"},{"c":"2"}],[{"c":"Language"},{"c":"Chinese\/English"}]]},"gallery 1":[6378,6376,6377,6386,6382,6381,6379,6374]},"_links":{"self":[{"href":"https:\/\/www.busbarmachine.co\/es\/wp-json\/wp\/v2\/product\/6373","targetHints":{"allow":["GET"]}}],"collection":[{"href":"https:\/\/www.busbarmachine.co\/es\/wp-json\/wp\/v2\/product"}],"about":[{"href":"https:\/\/www.busbarmachine.co\/es\/wp-json\/wp\/v2\/types\/product"}],"replies":[{"embeddable":true,"href":"https:\/\/www.busbarmachine.co\/es\/wp-json\/wp\/v2\/comments?post=6373"}],"acf:attachment":[{"embeddable":true,"href":"https:\/\/www.busbarmachine.co\/es\/wp-json\/wp\/v2\/media\/6374"},{"embeddable":true,"href":"https:\/\/www.busbarmachine.co\/es\/wp-json\/wp\/v2\/media\/6379"},{"embeddable":true,"href":"https:\/\/www.busbarmachine.co\/es\/wp-json\/wp\/v2\/media\/6381"},{"embeddable":true,"href":"https:\/\/www.busbarmachine.co\/es\/wp-json\/wp\/v2\/media\/6382"},{"embeddable":true,"href":"https:\/\/www.busbarmachine.co\/es\/wp-json\/wp\/v2\/media\/6386"},{"embeddable":true,"href":"https:\/\/www.busbarmachine.co\/es\/wp-json\/wp\/v2\/media\/6377"},{"embeddable":true,"href":"https:\/\/www.busbarmachine.co\/es\/wp-json\/wp\/v2\/media\/6376"},{"embeddable":true,"href":"https:\/\/www.busbarmachine.co\/es\/wp-json\/wp\/v2\/media\/6378"}],"wp:featuredmedia":[{"embeddable":true,"href":"https:\/\/www.busbarmachine.co\/es\/wp-json\/wp\/v2\/media\/6387"}],"wp:attachment":[{"href":"https:\/\/www.busbarmachine.co\/es\/wp-json\/wp\/v2\/media?parent=6373"}],"wp:term":[{"taxonomy":"product_brand","embeddable":true,"href":"https:\/\/www.busbarmachine.co\/es\/wp-json\/wp\/v2\/product_brand?post=6373"},{"taxonomy":"product_cat","embeddable":true,"href":"https:\/\/www.busbarmachine.co\/es\/wp-json\/wp\/v2\/product_cat?post=6373"},{"taxonomy":"product_tag","embeddable":true,"href":"https:\/\/www.busbarmachine.co\/es\/wp-json\/wp\/v2\/product_tag?post=6373"}],"curies":[{"name":"wp","href":"https:\/\/api.w.org\/{rel}","templated":true}]}}