{"id":5137,"date":"2023-12-25T18:29:41","date_gmt":"2023-12-25T10:29:41","guid":{"rendered":"https:\/\/www.busbarmachine.co\/?post_type=product&#038;p=5137"},"modified":"2024-02-17T12:22:27","modified_gmt":"2024-02-17T04:22:27","slug":"custom-cnc-busbar-servo-bending-machine","status":"publish","type":"product","link":"https:\/\/www.busbarmachine.co\/es\/custom-cnc-busbar-servo-bending-machine\/","title":{"rendered":"M\u00e1quina dobladora servo de barras colectoras CNC personalizada"},"content":{"rendered":"<p>La m\u00e1quina dobladora de barras colectoras con servomotor CNC es una m\u00e1quina de procesamiento de barras colectoras multifuncional equipada con un dispositivo de posicionamiento de doblado con servomotor desarrollado por SunShine\u00ae. El sistema de control CNC de esta m\u00e1quina dobladora de barras colectoras agrega un m\u00f3dulo de ajuste de par\u00e1metros de posicionamiento de doblado con servomotor, que permite al operador ajustar el \u00e1ngulo de doblado, la posici\u00f3n y otros par\u00e1metros a trav\u00e9s del panel m\u00f3vil HIM, mejorando en gran medida la eficiencia de procesamiento de barras colectoras y la precisi\u00f3n de doblado.<\/p>","protected":false},"excerpt":{"rendered":"<p>SunShine\u00ae es un fabricante y proveedor de m\u00e1quinas dobladoras de barras colectoras servo CNC de China. La m\u00e1quina dobladora de barras colectoras servo CNC est\u00e1 equipada con un dispositivo de posicionamiento de doblado servo, que permite al operador ubicar la posici\u00f3n de doblado de la barra colectora, mejorando en gran medida la eficiencia de procesamiento de la barra colectora.<\/p>","protected":false},"featured_media":5276,"comment_status":"open","ping_status":"closed","template":"","meta":[],"product_brand":[],"product_cat":[23,24],"product_tag":[],"class_list":{"0":"post-5137","1":"product","2":"type-product","3":"status-publish","4":"has-post-thumbnail","6":"product_cat-cnc-3-in-1-busbar-machine","7":"product_cat-non-cnc-3-in-1-busbar-machine","9":"first","10":"instock","11":"shipping-taxable","12":"product-type-simple"},"acf":{"Model":"SS-80-3NC","Max.Force":"800KN","motor power":"3x7.5KW","Max.Thickness":"20mm","Max.Width":"300mm","cnc":"Support","video":"https:\/\/www.youtube.com\/watch?v=hGhyg2OlH7s","description":"La m\u00e1quina dobladora de barras colectoras con servomotor CNC es una m\u00e1quina de procesamiento de barras colectoras multifuncional equipada con un dispositivo de posicionamiento de doblado con servomotor desarrollado por SunShine\u00ae. El sistema de control CNC de esta m\u00e1quina dobladora de barras colectoras agrega un m\u00f3dulo de ajuste de par\u00e1metros de posicionamiento de doblado con servomotor, que permite al operador ajustar el \u00e1ngulo de doblado, la posici\u00f3n y otros par\u00e1metros a trav\u00e9s del panel m\u00f3vil HIM, mejorando en gran medida la eficiencia de procesamiento de barras colectoras y la precisi\u00f3n de doblado.","product_parameters":{"acftf":{"v":"1.3.20"},"p":{"o":{"uh":0},"ca":""},"c":[{"p":""},{"p":""}],"h":[{"c":""},{"c":""}],"b":[[{"c":"Model"},{"c":"SS-80-3NC\n"}],[{"c":"Max.Punch Force"},{"c":"800KN"}],[{"c":"Punch Diameter Range\n"},{"c":"\u22054.3\u2014\u220534(mm)"}],[{"c":"Max.Punch Thickness"},{"c":"20mm"}],[{"c":"Max.Punch Width"},{"c":"300mm\n"}],[{"c":"Max.Cut Thickness"},{"c":"20mm"}],[{"c":"Max.Cut Width"},{"c":"300mm\n"}],[{"c":"Max.Vertical Bend Force"},{"c":"800KN"}],[{"c":"Max.Vertical Bend Thickness"},{"c":"20mm"}],[{"c":"Max.Vertical Bend Width"},{"c":"250mm"}],[{"c":"Max.Horizontal Bend Width"},{"c":"120mm*12mm\n"}],[{"c":"Max.Horizontal Bend Angle"},{"c":"90\u00ba\n"}],[{"c":"Max.Twist Bend Thickness"},{"c":"20mm"}],[{"c":"Max.Twist Bend Width"},{"c":"300mm"}],[{"c":"CNC Bending Precision\n"},{"c":"\u00b11\u00ba\n"}],[{"c":"CNC Repeat Bending Precision\n"},{"c":"\u00b10.3\u00ba\n"}],[{"c":"Motor Power\n"},{"c":"5.53x4KW\n"}],[{"c":"Length*Height*Width"},{"c":"2060*1600*1560mm"}],[{"c":"Weight"},{"c":"2350kg\n"}]]},"gallery 1":[5121,5120,5122,5127,5128,5119,5112,5131,5125,5115,3883,3884]},"_links":{"self":[{"href":"https:\/\/www.busbarmachine.co\/es\/wp-json\/wp\/v2\/product\/5137","targetHints":{"allow":["GET"]}}],"collection":[{"href":"https:\/\/www.busbarmachine.co\/es\/wp-json\/wp\/v2\/product"}],"about":[{"href":"https:\/\/www.busbarmachine.co\/es\/wp-json\/wp\/v2\/types\/product"}],"replies":[{"embeddable":true,"href":"https:\/\/www.busbarmachine.co\/es\/wp-json\/wp\/v2\/comments?post=5137"}],"acf:attachment":[{"embeddable":true,"href":"https:\/\/www.busbarmachine.co\/es\/wp-json\/wp\/v2\/media\/3884"},{"embeddable":true,"href":"https:\/\/www.busbarmachine.co\/es\/wp-json\/wp\/v2\/media\/3883"},{"embeddable":true,"href":"https:\/\/www.busbarmachine.co\/es\/wp-json\/wp\/v2\/media\/5115"},{"embeddable":true,"href":"https:\/\/www.busbarmachine.co\/es\/wp-json\/wp\/v2\/media\/5125"},{"embeddable":true,"href":"https:\/\/www.busbarmachine.co\/es\/wp-json\/wp\/v2\/media\/5131"},{"embeddable":true,"href":"https:\/\/www.busbarmachine.co\/es\/wp-json\/wp\/v2\/media\/5112"},{"embeddable":true,"href":"https:\/\/www.busbarmachine.co\/es\/wp-json\/wp\/v2\/media\/5119"},{"embeddable":true,"href":"https:\/\/www.busbarmachine.co\/es\/wp-json\/wp\/v2\/media\/5128"},{"embeddable":true,"href":"https:\/\/www.busbarmachine.co\/es\/wp-json\/wp\/v2\/media\/5127"},{"embeddable":true,"href":"https:\/\/www.busbarmachine.co\/es\/wp-json\/wp\/v2\/media\/5122"},{"embeddable":true,"href":"https:\/\/www.busbarmachine.co\/es\/wp-json\/wp\/v2\/media\/5120"},{"embeddable":true,"href":"https:\/\/www.busbarmachine.co\/es\/wp-json\/wp\/v2\/media\/5121"}],"wp:featuredmedia":[{"embeddable":true,"href":"https:\/\/www.busbarmachine.co\/es\/wp-json\/wp\/v2\/media\/5276"}],"wp:attachment":[{"href":"https:\/\/www.busbarmachine.co\/es\/wp-json\/wp\/v2\/media?parent=5137"}],"wp:term":[{"taxonomy":"product_brand","embeddable":true,"href":"https:\/\/www.busbarmachine.co\/es\/wp-json\/wp\/v2\/product_brand?post=5137"},{"taxonomy":"product_cat","embeddable":true,"href":"https:\/\/www.busbarmachine.co\/es\/wp-json\/wp\/v2\/product_cat?post=5137"},{"taxonomy":"product_tag","embeddable":true,"href":"https:\/\/www.busbarmachine.co\/es\/wp-json\/wp\/v2\/product_tag?post=5137"}],"curies":[{"name":"wp","href":"https:\/\/api.w.org\/{rel}","templated":true}]}}