{"id":4462,"date":"2023-12-03T15:13:31","date_gmt":"2023-12-03T07:13:31","guid":{"rendered":"https:\/\/www.busbarmachine.co\/?post_type=product&#038;p=4462"},"modified":"2023-12-26T08:57:49","modified_gmt":"2023-12-26T00:57:49","slug":"ss-150e-hydraulic-busbar-embossing-machine-copy","status":"publish","type":"product","link":"https:\/\/www.busbarmachine.co\/es\/ss-150e-hydraulic-busbar-embossing-machine-copy\/","title":{"rendered":"M\u00e1quina de estampaci\u00f3n hidr\u00e1ulica port\u00e1til de barras colectoras SS-150E"},"content":{"rendered":"<p>La m\u00e1quina de estampaci\u00f3n de barras colectoras hidr\u00e1ulica port\u00e1til se utiliza para nivelar y estampar juntas de barras de cobre y aluminio. Despu\u00e9s de aplanarlas, las barras colectoras tienen una apariencia hermosa y pueden mejorar el rendimiento conductivo, lo que reduce en gran medida el costo de mantenimiento de la subestaci\u00f3n. La m\u00e1quina de estampaci\u00f3n de barras colectoras port\u00e1til SUNSHINE\u00ae debe usarse con una bomba hidr\u00e1ulica (bomba manual, bomba de pie, bomba el\u00e9ctrica).<\/p>","protected":false},"excerpt":{"rendered":"<p>La m\u00e1quina de estampaci\u00f3n de barras colectoras hidr\u00e1ulica port\u00e1til se utiliza para nivelar y estampar juntas de barras de cobre y aluminio. Despu\u00e9s de aplanarlas, las barras colectoras tienen una apariencia hermosa y pueden mejorar el rendimiento conductivo, lo que reduce en gran medida el costo de mantenimiento de la subestaci\u00f3n. La m\u00e1quina de estampaci\u00f3n de barras colectoras port\u00e1til SUNSHINE\u00ae debe usarse con una bomba hidr\u00e1ulica (bomba manual, bomba de pie, bomba el\u00e9ctrica).<\/p>","protected":false},"featured_media":4407,"comment_status":"open","ping_status":"closed","template":"","meta":[],"product_brand":[],"product_cat":[29],"product_tag":[],"class_list":{"0":"post-4462","1":"product","2":"type-product","3":"status-publish","4":"has-post-thumbnail","6":"product_cat-portable-busbar-embossing-machine","8":"first","9":"instock","10":"shipping-taxable","11":"product-type-simple"},"acf":{"Model":"SS-150E","Max.Force":"72ton","motor power":"\u2014\u2014","Max.Thickness":"30mm","Max.Width":"150 x 12.5mm","cnc":"No","video":"https:\/\/www.youtube.com\/watch?v=9JoyDDVFlVE","description":"La m\u00e1quina de estampaci\u00f3n de barras colectoras hidr\u00e1ulica port\u00e1til se utiliza para nivelar y estampar juntas de barras de cobre y aluminio. Despu\u00e9s de aplanarlas, las barras colectoras tienen una apariencia hermosa y pueden mejorar el rendimiento conductivo, lo que reduce en gran medida el costo de mantenimiento de la subestaci\u00f3n. La m\u00e1quina de estampaci\u00f3n de barras colectoras port\u00e1til SUNSHINE\u00ae debe usarse con una bomba hidr\u00e1ulica (bomba manual, bomba de pie, bomba el\u00e9ctrica).","product_parameters":{"acftf":{"v":"1.3.20"},"p":{"o":{"uh":0},"ca":""},"c":[{"p":""},{"p":""}],"h":[{"c":""},{"c":""}],"b":[[{"c":"Mold"},{"c":"SS-150E"}],[{"c":"Output"},{"c":"72ton"}],[{"c":"Working Range"},{"c":"150 x 12.5mm"}],[{"c":"Working Stroke"},{"c":"30mm"}],[{"c":"Weight"},{"c":"58kg"}],[{"c":"Size"},{"c":"330 x 245 x 325mm"}]]},"gallery 1":[4407,4408,4411,4402,4403]},"_links":{"self":[{"href":"https:\/\/www.busbarmachine.co\/es\/wp-json\/wp\/v2\/product\/4462","targetHints":{"allow":["GET"]}}],"collection":[{"href":"https:\/\/www.busbarmachine.co\/es\/wp-json\/wp\/v2\/product"}],"about":[{"href":"https:\/\/www.busbarmachine.co\/es\/wp-json\/wp\/v2\/types\/product"}],"replies":[{"embeddable":true,"href":"https:\/\/www.busbarmachine.co\/es\/wp-json\/wp\/v2\/comments?post=4462"}],"acf:attachment":[{"embeddable":true,"href":"https:\/\/www.busbarmachine.co\/es\/wp-json\/wp\/v2\/media\/4403"},{"embeddable":true,"href":"https:\/\/www.busbarmachine.co\/es\/wp-json\/wp\/v2\/media\/4402"},{"embeddable":true,"href":"https:\/\/www.busbarmachine.co\/es\/wp-json\/wp\/v2\/media\/4411"},{"embeddable":true,"href":"https:\/\/www.busbarmachine.co\/es\/wp-json\/wp\/v2\/media\/4408"},{"embeddable":true,"href":"https:\/\/www.busbarmachine.co\/es\/wp-json\/wp\/v2\/media\/4407"}],"wp:featuredmedia":[{"embeddable":true,"href":"https:\/\/www.busbarmachine.co\/es\/wp-json\/wp\/v2\/media\/4407"}],"wp:attachment":[{"href":"https:\/\/www.busbarmachine.co\/es\/wp-json\/wp\/v2\/media?parent=4462"}],"wp:term":[{"taxonomy":"product_brand","embeddable":true,"href":"https:\/\/www.busbarmachine.co\/es\/wp-json\/wp\/v2\/product_brand?post=4462"},{"taxonomy":"product_cat","embeddable":true,"href":"https:\/\/www.busbarmachine.co\/es\/wp-json\/wp\/v2\/product_cat?post=4462"},{"taxonomy":"product_tag","embeddable":true,"href":"https:\/\/www.busbarmachine.co\/es\/wp-json\/wp\/v2\/product_tag?post=4462"}],"curies":[{"name":"wp","href":"https:\/\/api.w.org\/{rel}","templated":true}]}}