{"id":4458,"date":"2023-12-03T14:43:58","date_gmt":"2023-12-03T06:43:58","guid":{"rendered":"https:\/\/www.busbarmachine.co\/?post_type=product&#038;p=4458"},"modified":"2023-12-26T08:56:31","modified_gmt":"2023-12-26T00:56:31","slug":"ss-60-portable-hydraulic-busbar-punching-machine","status":"publish","type":"product","link":"https:\/\/www.busbarmachine.co\/es\/ss-60-portable-hydraulic-busbar-punching-machine\/","title":{"rendered":"Punzonadora hidr\u00e1ulica port\u00e1til de barras colectoras SS-60"},"content":{"rendered":"<p>La m\u00e1quina punzadora hidr\u00e1ulica de barras colectoras se utiliza a menudo para la punzadura de barras colectoras en el lugar de trabajo debido a su dise\u00f1o de mango port\u00e1til y es la herramienta de primera elecci\u00f3n para el procesamiento de punzadura de barras colectoras en exteriores. Como f\u00e1brica y proveedor de m\u00e1quinas punzadora hidr\u00e1ulica de barras colectoras SUNSHINE\u00ae, cada m\u00e1quina punzadora hidr\u00e1ulica de barras colectoras SUNSHINE\u00ae est\u00e1 equipada con conectores r\u00e1pidos R2 3\/8 y tapas antipolvo, y 4 juegos de matrices redondas.<\/p>","protected":false},"excerpt":{"rendered":"<p>La m\u00e1quina punzadora hidr\u00e1ulica de barras colectoras se utiliza a menudo para la punzadura de barras colectoras en el lugar de trabajo debido a su dise\u00f1o de mango port\u00e1til y es la herramienta de primera elecci\u00f3n para el procesamiento de punzadura de barras colectoras en exteriores. Como f\u00e1brica y proveedor de m\u00e1quinas punzadora hidr\u00e1ulica de barras colectoras SUNSHINE\u00ae, cada m\u00e1quina punzadora hidr\u00e1ulica de barras colectoras SUNSHINE\u00ae est\u00e1 equipada con conectores r\u00e1pidos R2 3\/8 y tapas antipolvo, y 4 juegos de matrices redondas.<\/p>","protected":false},"featured_media":4341,"comment_status":"open","ping_status":"closed","template":"","meta":[],"product_brand":[],"product_cat":[27],"product_tag":[],"class_list":{"0":"post-4458","1":"product","2":"type-product","3":"status-publish","4":"has-post-thumbnail","6":"product_cat-portable-busbar-punching-machine","8":"first","9":"instock","10":"shipping-taxable","11":"product-type-simple"},"acf":{"Model":"SS-60","Max.Force":"31 ton","motor power":"\u2014\u2014","Max.Thickness":"3mm-10mm","Max.Width":"\u2014\u2014","cnc":"No","video":"https:\/\/www.youtube.com\/watch?v=GZqzn0g-Uko","description":"La m\u00e1quina punzadora hidr\u00e1ulica de barras colectoras se utiliza a menudo para la punzadura de barras colectoras en el lugar de trabajo debido a su dise\u00f1o de mango port\u00e1til y es la herramienta de primera elecci\u00f3n para el procesamiento de punzadura de barras colectoras en exteriores. Como f\u00e1brica y proveedor de m\u00e1quinas punzadora hidr\u00e1ulica de barras colectoras SUNSHINE\u00ae, cada m\u00e1quina punzadora hidr\u00e1ulica de barras colectoras SUNSHINE\u00ae est\u00e1 equipada con conectores r\u00e1pidos R2 3\/8 y tapas antipolvo, y 4 juegos de matrices redondas.","product_parameters":{"acftf":{"v":"1.3.20"},"p":{"o":{"uh":0},"ca":""},"c":[{"p":""},{"p":""}],"h":[{"c":""},{"c":""}],"b":[[{"c":"Mold"},{"c":"SS-60"}],[{"c":"Output"},{"c":"31ton"}],[{"c":"Depth of Throat"},{"c":"95mm"}],[{"c":"Angle Steel"},{"c":"4-8#"}],[{"c":"Channel Steel"},{"c":"\t6-10#"}],[{"c":"Copper and Aluminum Row"},{"c":"3mm-10mm"}],[{"c":"Iron Plate"},{"c":"3mm-8mm"}],[{"c":"Standard Setting"},{"c":"\u00d810.5\uff0c\u00d8 13.8\uff0c\u00d8 17.5\uff0c\u00d8 20.5"}],[{"c":"Weight"},{"c":"20kg"}],[{"c":"Size"},{"c":"350 x 220 x 75mm"}]]},"gallery 1":[4357,4356,4353,4350,4348,4360,4361,4363]},"_links":{"self":[{"href":"https:\/\/www.busbarmachine.co\/es\/wp-json\/wp\/v2\/product\/4458","targetHints":{"allow":["GET"]}}],"collection":[{"href":"https:\/\/www.busbarmachine.co\/es\/wp-json\/wp\/v2\/product"}],"about":[{"href":"https:\/\/www.busbarmachine.co\/es\/wp-json\/wp\/v2\/types\/product"}],"replies":[{"embeddable":true,"href":"https:\/\/www.busbarmachine.co\/es\/wp-json\/wp\/v2\/comments?post=4458"}],"acf:attachment":[{"embeddable":true,"href":"https:\/\/www.busbarmachine.co\/es\/wp-json\/wp\/v2\/media\/4363"},{"embeddable":true,"href":"https:\/\/www.busbarmachine.co\/es\/wp-json\/wp\/v2\/media\/4361"},{"embeddable":true,"href":"https:\/\/www.busbarmachine.co\/es\/wp-json\/wp\/v2\/media\/4360"},{"embeddable":true,"href":"https:\/\/www.busbarmachine.co\/es\/wp-json\/wp\/v2\/media\/4348"},{"embeddable":true,"href":"https:\/\/www.busbarmachine.co\/es\/wp-json\/wp\/v2\/media\/4350"},{"embeddable":true,"href":"https:\/\/www.busbarmachine.co\/es\/wp-json\/wp\/v2\/media\/4353"},{"embeddable":true,"href":"https:\/\/www.busbarmachine.co\/es\/wp-json\/wp\/v2\/media\/4356"},{"embeddable":true,"href":"https:\/\/www.busbarmachine.co\/es\/wp-json\/wp\/v2\/media\/4357"}],"wp:featuredmedia":[{"embeddable":true,"href":"https:\/\/www.busbarmachine.co\/es\/wp-json\/wp\/v2\/media\/4341"}],"wp:attachment":[{"href":"https:\/\/www.busbarmachine.co\/es\/wp-json\/wp\/v2\/media?parent=4458"}],"wp:term":[{"taxonomy":"product_brand","embeddable":true,"href":"https:\/\/www.busbarmachine.co\/es\/wp-json\/wp\/v2\/product_brand?post=4458"},{"taxonomy":"product_cat","embeddable":true,"href":"https:\/\/www.busbarmachine.co\/es\/wp-json\/wp\/v2\/product_cat?post=4458"},{"taxonomy":"product_tag","embeddable":true,"href":"https:\/\/www.busbarmachine.co\/es\/wp-json\/wp\/v2\/product_tag?post=4458"}],"curies":[{"name":"wp","href":"https:\/\/api.w.org\/{rel}","templated":true}]}}