{"id":4455,"date":"2023-12-03T14:18:53","date_gmt":"2023-12-03T06:18:53","guid":{"rendered":"https:\/\/www.busbarmachine.co\/?post_type=product&#038;p=4455"},"modified":"2023-12-26T08:55:16","modified_gmt":"2023-12-26T00:55:16","slug":"ss-150-portable-hydraulic-busbar-cutting-machine","status":"publish","type":"product","link":"https:\/\/www.busbarmachine.co\/es\/ss-150-portable-hydraulic-busbar-cutting-machine\/","title":{"rendered":"Cortadora de barras colectoras hidr\u00e1ulica port\u00e1til SS-150"},"content":{"rendered":"<p>La cortadora de barras colectoras hidr\u00e1ulica port\u00e1til adopta un corte de un solo lado, por lo que la fuerza de corte de las barras colectoras es m\u00e1s uniforme y el corte es suave y sin rebabas. Al mismo tiempo, se ha agregado un tornillo de ajuste de espesor. Al cortar barras colectoras de cobre y aluminio de diferentes tama\u00f1os, el tornillo se puede ajustar para mantener el equilibrio de corte. Las cortadoras de barras colectoras hidr\u00e1ulicas SUNSHINE\u00ae se pueden utilizar con bombas hidr\u00e1ulicas manuales o el\u00e9ctricas.<\/p>","protected":false},"excerpt":{"rendered":"<p>La cortadora de barras colectoras hidr\u00e1ulica port\u00e1til adopta un corte de un solo lado, por lo que la fuerza de corte de las barras colectoras es m\u00e1s uniforme y el corte es suave y sin rebabas. Al mismo tiempo, se ha agregado un tornillo de ajuste de espesor. Al cortar barras colectoras de cobre y aluminio de diferentes tama\u00f1os, el tornillo se puede ajustar para mantener el equilibrio de corte. Las cortadoras de barras colectoras hidr\u00e1ulicas SUNSHINE\u00ae se pueden utilizar con bombas hidr\u00e1ulicas manuales o el\u00e9ctricas.<\/p>","protected":false},"featured_media":4388,"comment_status":"open","ping_status":"closed","template":"","meta":[],"product_brand":[],"product_cat":[28],"product_tag":[],"class_list":{"0":"post-4455","1":"product","2":"type-product","3":"status-publish","4":"has-post-thumbnail","6":"product_cat-portable-busbar-cutting-machine","8":"first","9":"instock","10":"shipping-taxable","11":"product-type-simple"},"acf":{"Model":"SS-150","Max.Force":"25 ton","motor power":"\u2014\u2014","Max.Thickness":"10mm","Max.Width":"150mm","cnc":"No","video":"https:\/\/www.youtube.com\/watch?v=q7AKB_v63Ak","description":"La cortadora de barras colectoras hidr\u00e1ulica port\u00e1til adopta un corte de un solo lado, por lo que la fuerza de corte de las barras colectoras es m\u00e1s uniforme y el corte es suave y sin rebabas. Al mismo tiempo, se ha agregado un tornillo de ajuste de espesor. Al cortar barras colectoras de cobre y aluminio de diferentes tama\u00f1os, el tornillo se puede ajustar para mantener el equilibrio de corte. Las cortadoras de barras colectoras hidr\u00e1ulicas SUNSHINE\u00ae se pueden utilizar con bombas hidr\u00e1ulicas manuales o el\u00e9ctricas.","product_parameters":{"acftf":{"v":"1.3.20"},"p":{"o":{"uh":0},"ca":""},"c":[{"p":""},{"p":""}],"h":[{"c":""},{"c":""}],"b":[[{"c":"Mold"},{"c":"SS-150\t"}],[{"c":"Output"},{"c":"25ton"}],[{"c":"Max.Thickness"},{"c":"10mm"}],[{"c":"Max.Width"},{"c":"150mm"}],[{"c":"Weight"},{"c":"30kg"}],[{"c":"Size"},{"c":"270 x 150 x 410mm\n"}]]},"gallery 1":[4385,4390,4387]},"_links":{"self":[{"href":"https:\/\/www.busbarmachine.co\/es\/wp-json\/wp\/v2\/product\/4455","targetHints":{"allow":["GET"]}}],"collection":[{"href":"https:\/\/www.busbarmachine.co\/es\/wp-json\/wp\/v2\/product"}],"about":[{"href":"https:\/\/www.busbarmachine.co\/es\/wp-json\/wp\/v2\/types\/product"}],"replies":[{"embeddable":true,"href":"https:\/\/www.busbarmachine.co\/es\/wp-json\/wp\/v2\/comments?post=4455"}],"acf:attachment":[{"embeddable":true,"href":"https:\/\/www.busbarmachine.co\/es\/wp-json\/wp\/v2\/media\/4387"},{"embeddable":true,"href":"https:\/\/www.busbarmachine.co\/es\/wp-json\/wp\/v2\/media\/4390"},{"embeddable":true,"href":"https:\/\/www.busbarmachine.co\/es\/wp-json\/wp\/v2\/media\/4385"}],"wp:featuredmedia":[{"embeddable":true,"href":"https:\/\/www.busbarmachine.co\/es\/wp-json\/wp\/v2\/media\/4388"}],"wp:attachment":[{"href":"https:\/\/www.busbarmachine.co\/es\/wp-json\/wp\/v2\/media?parent=4455"}],"wp:term":[{"taxonomy":"product_brand","embeddable":true,"href":"https:\/\/www.busbarmachine.co\/es\/wp-json\/wp\/v2\/product_brand?post=4455"},{"taxonomy":"product_cat","embeddable":true,"href":"https:\/\/www.busbarmachine.co\/es\/wp-json\/wp\/v2\/product_cat?post=4455"},{"taxonomy":"product_tag","embeddable":true,"href":"https:\/\/www.busbarmachine.co\/es\/wp-json\/wp\/v2\/product_tag?post=4455"}],"curies":[{"name":"wp","href":"https:\/\/api.w.org\/{rel}","templated":true}]}}