{"id":4339,"date":"2023-12-02T20:56:26","date_gmt":"2023-12-02T12:56:26","guid":{"rendered":"https:\/\/www.busbarmachine.co\/?post_type=product&#038;p=4339"},"modified":"2023-12-26T08:53:54","modified_gmt":"2023-12-26T00:53:54","slug":"ss-150d-portable-hydraulic-busbar-bending-machine","status":"publish","type":"product","link":"https:\/\/www.busbarmachine.co\/es\/ss-150d-portable-hydraulic-busbar-bending-machine\/","title":{"rendered":"Dobladora de barras colectoras hidr\u00e1ulica port\u00e1til SS-150D"},"content":{"rendered":"<p>Las m\u00e1quinas dobladoras de barras colectoras hidr\u00e1ulicas port\u00e1tiles se utilizan a menudo para doblar barras colectoras de cobre y aluminio en lotes en el lugar y en ubicaciones fijas. La m\u00e1quina dobladora de barras colectoras port\u00e1til se desarroll\u00f3 de manera innovadora utilizando la tecnolog\u00eda SUNSHINE\u00ae. Adopta un grupo de unidades de pist\u00f3n ancho para hacer que la fuerza de doblado de la barra colectora sea m\u00e1s uniforme; el dise\u00f1o dividido se puede utilizar con cualquier bomba hidr\u00e1ulica (manual o el\u00e9ctrica); agregando escalas precisas se puede personalizar para doblar en cualquier \u00e1ngulo seg\u00fan sea necesario.<\/p>","protected":false},"excerpt":{"rendered":"<p>Las m\u00e1quinas dobladoras de barras colectoras hidr\u00e1ulicas port\u00e1tiles se utilizan a menudo para doblar barras colectoras de cobre y aluminio en lotes en el lugar y en ubicaciones fijas. La m\u00e1quina dobladora de barras colectoras port\u00e1til se desarroll\u00f3 de manera innovadora utilizando la tecnolog\u00eda SUNSHINE\u00ae. Adopta un grupo de unidades de pist\u00f3n ancho para hacer que la fuerza de doblado de la barra colectora sea m\u00e1s uniforme; el dise\u00f1o dividido se puede utilizar con cualquier bomba hidr\u00e1ulica (manual o el\u00e9ctrica); agregando escalas precisas se puede personalizar para doblar en cualquier \u00e1ngulo seg\u00fan sea necesario.<\/p>","protected":false},"featured_media":4420,"comment_status":"open","ping_status":"closed","template":"","meta":[],"product_brand":[],"product_cat":[26],"product_tag":[],"class_list":{"0":"post-4339","1":"product","2":"type-product","3":"status-publish","4":"has-post-thumbnail","6":"product_cat-portable-busbar-bending-machine","8":"first","9":"instock","10":"shipping-taxable","11":"product-type-simple"},"acf":{"Model":"SS-150D","Max.Force":"20 ton","motor power":"\u2014\u2014","Max.Thickness":"10mm","Max.Width":"150mm","cnc":"Yes","video":"https:\/\/www.youtube.com\/watch?v=HBSEv5oN7AQ","description":"Las m\u00e1quinas dobladoras de barras colectoras hidr\u00e1ulicas port\u00e1tiles se utilizan a menudo para doblar barras colectoras de cobre y aluminio en lotes en el lugar y en ubicaciones fijas. La m\u00e1quina dobladora de barras colectoras port\u00e1til se desarroll\u00f3 de manera innovadora utilizando la tecnolog\u00eda SUNSHINE\u00ae. Adopta un grupo de unidades de pist\u00f3n ancho para hacer que la fuerza de doblado de la barra colectora sea m\u00e1s uniforme; el dise\u00f1o dividido se puede utilizar con cualquier bomba hidr\u00e1ulica (manual o el\u00e9ctrica); agregando escalas precisas se puede personalizar para doblar en cualquier \u00e1ngulo seg\u00fan sea necesario.","product_parameters":{"acftf":{"v":"1.3.20"},"p":{"o":{"uh":0},"ca":""},"c":[{"p":""},{"p":""}],"h":[{"c":""},{"c":""}],"b":[[{"c":"Mold"},{"c":"SS-150D"}],[{"c":"Output"},{"c":"20ton"}],[{"c":"Max.Thickness"},{"c":"10mm"}],[{"c":"Max.Width"},{"c":"150mm"}],[{"c":"Weight"},{"c":"\t21kg"}],[{"c":"Size"},{"c":"360 x 130 x 260mm"}]]},"gallery 1":[4446,4445,4444,4441,4439,4437,4450,4451,4452,4453]},"_links":{"self":[{"href":"https:\/\/www.busbarmachine.co\/es\/wp-json\/wp\/v2\/product\/4339","targetHints":{"allow":["GET"]}}],"collection":[{"href":"https:\/\/www.busbarmachine.co\/es\/wp-json\/wp\/v2\/product"}],"about":[{"href":"https:\/\/www.busbarmachine.co\/es\/wp-json\/wp\/v2\/types\/product"}],"replies":[{"embeddable":true,"href":"https:\/\/www.busbarmachine.co\/es\/wp-json\/wp\/v2\/comments?post=4339"}],"acf:attachment":[{"embeddable":true,"href":"https:\/\/www.busbarmachine.co\/es\/wp-json\/wp\/v2\/media\/4453"},{"embeddable":true,"href":"https:\/\/www.busbarmachine.co\/es\/wp-json\/wp\/v2\/media\/4452"},{"embeddable":true,"href":"https:\/\/www.busbarmachine.co\/es\/wp-json\/wp\/v2\/media\/4451"},{"embeddable":true,"href":"https:\/\/www.busbarmachine.co\/es\/wp-json\/wp\/v2\/media\/4450"},{"embeddable":true,"href":"https:\/\/www.busbarmachine.co\/es\/wp-json\/wp\/v2\/media\/4437"},{"embeddable":true,"href":"https:\/\/www.busbarmachine.co\/es\/wp-json\/wp\/v2\/media\/4439"},{"embeddable":true,"href":"https:\/\/www.busbarmachine.co\/es\/wp-json\/wp\/v2\/media\/4441"},{"embeddable":true,"href":"https:\/\/www.busbarmachine.co\/es\/wp-json\/wp\/v2\/media\/4444"},{"embeddable":true,"href":"https:\/\/www.busbarmachine.co\/es\/wp-json\/wp\/v2\/media\/4445"},{"embeddable":true,"href":"https:\/\/www.busbarmachine.co\/es\/wp-json\/wp\/v2\/media\/4446"}],"wp:featuredmedia":[{"embeddable":true,"href":"https:\/\/www.busbarmachine.co\/es\/wp-json\/wp\/v2\/media\/4420"}],"wp:attachment":[{"href":"https:\/\/www.busbarmachine.co\/es\/wp-json\/wp\/v2\/media?parent=4339"}],"wp:term":[{"taxonomy":"product_brand","embeddable":true,"href":"https:\/\/www.busbarmachine.co\/es\/wp-json\/wp\/v2\/product_brand?post=4339"},{"taxonomy":"product_cat","embeddable":true,"href":"https:\/\/www.busbarmachine.co\/es\/wp-json\/wp\/v2\/product_cat?post=4339"},{"taxonomy":"product_tag","embeddable":true,"href":"https:\/\/www.busbarmachine.co\/es\/wp-json\/wp\/v2\/product_tag?post=4339"}],"curies":[{"name":"wp","href":"https:\/\/api.w.org\/{rel}","templated":true}]}}