{"id":4282,"date":"2023-12-01T16:02:14","date_gmt":"2023-12-01T08:02:14","guid":{"rendered":"https:\/\/www.busbarmachine.co\/?post_type=product&#038;p=4282"},"modified":"2025-02-24T11:17:14","modified_gmt":"2025-02-24T03:17:14","slug":"ns-603c-8p-cnc-busbar-punching-cutting-machine","status":"publish","type":"product","link":"https:\/\/www.busbarmachine.co\/es\/ns-603c-8p-cnc-busbar-punching-cutting-machine\/","title":{"rendered":"M\u00e1quina cortadora y punzonadora de barras colectoras CNC MX-602K-7C"},"content":{"rendered":"<p>La punzadora de barras colectoras SunShine\u00ae MX-602K-7C es una m\u00e1quina de procesamiento de barras colectoras CNC de alto rendimiento que integra punzonado y corte. La punzadora y cizalladora de barras colectoras CNC MX-602K-7C adopta un marco de molde de columna recta con 7 punzonados, 1 corte y 1 estampado para garantizar la concentricidad de las matrices superior e inferior durante el uso a largo plazo durante el procesamiento. Tambi\u00e9n est\u00e1 equipada con un sistema de control CNC y un sistema CAD\/CAM, lo que mejora en gran medida la eficiencia de producci\u00f3n de punzonado y corte de barras colectoras. Obtenga los \u00faltimos precios de punzonadoras y cizallas de barras colectoras, cont\u00e1ctenos ahora.<\/p>","protected":false},"excerpt":{"rendered":"<p>SunShine\u00ae es un fabricante y proveedor de m\u00e1quinas punzadoras y cizalladoras CNC para barras colectoras de China. La m\u00e1quina punzadora y cizalladora CNC para barras colectoras MX-602K-7C adopta un marco de molde de columna recta con 7 punzonados + 1 corte + 1 estampado, y los moldes superior e inferior tienen alta concentricidad. La m\u00e1quina para barras colectoras CNC MX-602K-7C puede cortar y punzonar barras colectoras de cobre y aluminio (varios agujeros redondos\/agujeros cuadrados\/agujeros especiales, tipos de ranuras). Obtenga los \u00faltimos precios de m\u00e1quinas punzadoras y cizalladoras para barras colectoras, cont\u00e1ctenos ahora.<\/p>\n<p>&nbsp;<\/p>","protected":false},"featured_media":7394,"comment_status":"open","ping_status":"closed","template":"","meta":[],"product_brand":[],"product_cat":[44],"product_tag":[],"class_list":{"0":"post-4282","1":"product","2":"type-product","3":"status-publish","4":"has-post-thumbnail","6":"product_cat-cnc-busbar-punching-machine","8":"first","9":"instock","10":"shipping-taxable","11":"product-type-simple"},"acf":{"Model":"MX-602K-7C","Max.Force":"600KN","motor power":"25kw","Max.Thickness":"15mm","Max.Width":"200mm","cnc":"Yes","video":"https:\/\/youtu.be\/ckKyb3lkXqU","description":"La punzadora de barras colectoras SunShine\u00ae MX-602K-7C es una m\u00e1quina de procesamiento de barras colectoras CNC de alto rendimiento que integra punzonado y corte. La punzadora y cizalladora de barras colectoras CNC MX-602K-7C adopta un marco de molde de columna recta con 7 punzonados, 1 corte y 1 estampado para garantizar la concentricidad de las matrices superior e inferior durante el uso a largo plazo durante el procesamiento. Tambi\u00e9n est\u00e1 equipada con un sistema de control CNC y un sistema CAD\/CAM, lo que mejora en gran medida la eficiencia de producci\u00f3n de punzonado y corte de barras colectoras. Obtenga los \u00faltimos precios de punzonadoras y cizallas de barras colectoras, cont\u00e1ctenos ahora.","product_parameters":{"acftf":{"v":"1.3.26"},"p":{"o":{"uh":0},"ca":""},"c":[{"p":""},{"p":""}],"h":[{"c":""},{"c":""}],"b":[[{"c":"Mold"},{"c":"MX-602K-7C"}],[{"c":"Max.Force"},{"c":"600KN\n"}],[{"c":"Feeding Station Size"},{"c":"3000 x 500mm"}],[{"c":"Out Station Size"},{"c":"2500 x 500mm"}],[{"c":"Max.Metal Plate Size"},{"c":"6000 x 200 x 15mm"}],[{"c":"Max Processing Thickness"},{"c":"15mm"}],[{"c":"Max Processing Width"},{"c":"200mm"}],[{"c":"Max Punching Diameter"},{"c":"\u22054.3\u2014\u220555mm"}],[{"c":"Max.Number of Shearing Mold"},{"c":"1"}],[{"c":"Max.Number of Punching Mold"},{"c":"7"}],[{"c":"Max.Number of Embossing Mold"},{"c":"1"}],[{"c":"Max Stroke of X-axis"},{"c":"2000mm"}],[{"c":"X-axis Accuracy Error"},{"c":"0.10\/500mm"}],[{"c":"Max Stroke of Y-axis"},{"c":"960mm"}],[{"c":"Y-axis Accuracy Error"},{"c":"0.10\/500mm"}],[{"c":"Max Stroke of Z-axis"},{"c":"310mm"}],[{"c":"X-axis Max Positioning Speed"},{"c":"75m\/min"}],[{"c":"Stroke of Beat Cylinder"},{"c":"\t45mm"}],[{"c":"Number of Control Axles"},{"c":"6"}],[{"c":"Size(L x W x Z )"},{"c":"10500 x 2750 x 1800mm"}],[{"c":"Weight"},{"c":"6700kg"}]]},"gallery 1":[4249,4256,4236,4259,4228,4219,4220,4253,4246,4257,4244,4261]},"_links":{"self":[{"href":"https:\/\/www.busbarmachine.co\/es\/wp-json\/wp\/v2\/product\/4282","targetHints":{"allow":["GET"]}}],"collection":[{"href":"https:\/\/www.busbarmachine.co\/es\/wp-json\/wp\/v2\/product"}],"about":[{"href":"https:\/\/www.busbarmachine.co\/es\/wp-json\/wp\/v2\/types\/product"}],"replies":[{"embeddable":true,"href":"https:\/\/www.busbarmachine.co\/es\/wp-json\/wp\/v2\/comments?post=4282"}],"acf:attachment":[{"embeddable":true,"href":"https:\/\/www.busbarmachine.co\/es\/wp-json\/wp\/v2\/media\/4261"},{"embeddable":true,"href":"https:\/\/www.busbarmachine.co\/es\/wp-json\/wp\/v2\/media\/4244"},{"embeddable":true,"href":"https:\/\/www.busbarmachine.co\/es\/wp-json\/wp\/v2\/media\/4257"},{"embeddable":true,"href":"https:\/\/www.busbarmachine.co\/es\/wp-json\/wp\/v2\/media\/4246"},{"embeddable":true,"href":"https:\/\/www.busbarmachine.co\/es\/wp-json\/wp\/v2\/media\/4253"},{"embeddable":true,"href":"https:\/\/www.busbarmachine.co\/es\/wp-json\/wp\/v2\/media\/4220"},{"embeddable":true,"href":"https:\/\/www.busbarmachine.co\/es\/wp-json\/wp\/v2\/media\/4219"},{"embeddable":true,"href":"https:\/\/www.busbarmachine.co\/es\/wp-json\/wp\/v2\/media\/4228"},{"embeddable":true,"href":"https:\/\/www.busbarmachine.co\/es\/wp-json\/wp\/v2\/media\/4259"},{"embeddable":true,"href":"https:\/\/www.busbarmachine.co\/es\/wp-json\/wp\/v2\/media\/4236"},{"embeddable":true,"href":"https:\/\/www.busbarmachine.co\/es\/wp-json\/wp\/v2\/media\/4256"},{"embeddable":true,"href":"https:\/\/www.busbarmachine.co\/es\/wp-json\/wp\/v2\/media\/4249"}],"wp:featuredmedia":[{"embeddable":true,"href":"https:\/\/www.busbarmachine.co\/es\/wp-json\/wp\/v2\/media\/7394"}],"wp:attachment":[{"href":"https:\/\/www.busbarmachine.co\/es\/wp-json\/wp\/v2\/media?parent=4282"}],"wp:term":[{"taxonomy":"product_brand","embeddable":true,"href":"https:\/\/www.busbarmachine.co\/es\/wp-json\/wp\/v2\/product_brand?post=4282"},{"taxonomy":"product_cat","embeddable":true,"href":"https:\/\/www.busbarmachine.co\/es\/wp-json\/wp\/v2\/product_cat?post=4282"},{"taxonomy":"product_tag","embeddable":true,"href":"https:\/\/www.busbarmachine.co\/es\/wp-json\/wp\/v2\/product_tag?post=4282"}],"curies":[{"name":"wp","href":"https:\/\/api.w.org\/{rel}","templated":true}]}}