{"id":4215,"date":"2023-12-01T14:45:51","date_gmt":"2023-12-01T06:45:51","guid":{"rendered":"https:\/\/www.busbarmachine.co\/?post_type=product&#038;p=4215"},"modified":"2025-02-24T11:17:42","modified_gmt":"2025-02-24T03:17:42","slug":"ns-303c-7p-cnc-busbar-punching-shearing-machine","status":"publish","type":"product","link":"https:\/\/www.busbarmachine.co\/es\/ns-303c-7p-cnc-busbar-punching-shearing-machine\/","title":{"rendered":"M\u00e1quina punzonadora y cizalladora de barras colectoras CNC MX-302K-7C"},"content":{"rendered":"<p>La m\u00e1quina de procesamiento de barras colectoras CNC SunShine\u00ae MX-302K-7C es una m\u00e1quina CNC de alto rendimiento que integra punzonado y cizallamiento. La MX-302K-7C utiliza un bastidor de molde de columna recta con 5 punzones, 1 cizalla y 1 estampado para garantizar la concentricidad de las matrices superior e inferior durante el procesamiento. Adem\u00e1s, est\u00e1 equipada con un sistema de control CNC y un sistema CAD\/CAM, lo que mejora considerablemente la eficiencia de producci\u00f3n del punzonado y cizallamiento de barras colectoras. Para obtener los precios m\u00e1s actualizados de m\u00e1quinas de punzonado y cizallamiento de barras colectoras, cont\u00e1ctenos ahora.<\/p>","protected":false},"excerpt":{"rendered":"<p>SunShine\u00ae es un fabricante de m\u00e1quinas de corte y punzonado de barras colectoras CNC y proveedor de m\u00e1quinas de procesamiento de barras colectoras CNC de China. La m\u00e1quina de corte y punzonado de barras colectoras CNC MX-302K-7C adopta un marco de molde de columna recta con 7 punzones y 1 cizalla, y los moldes superior e inferior tienen alta concentricidad. La m\u00e1quina de barras colectoras CNC NS-303C-7P puede cortar y punzonar barras colectoras de cobre y aluminio (varios agujeros redondos\/agujeros cuadrados\/agujeros especiales, tipos de ranuras). Obtenga los \u00faltimos precios de m\u00e1quinas de corte y punzonado de barras colectoras, cont\u00e1ctenos ahora.<\/p>","protected":false},"featured_media":4277,"comment_status":"open","ping_status":"closed","template":"","meta":[],"product_brand":[],"product_cat":[44],"product_tag":[],"class_list":{"0":"post-4215","1":"product","2":"type-product","3":"status-publish","4":"has-post-thumbnail","6":"product_cat-cnc-busbar-punching-machine","8":"first","9":"instock","10":"shipping-taxable","11":"product-type-simple"},"acf":{"Model":"MX-302K-7C","Max.Force":"30 ton","motor power":"5.5kw","Max.Thickness":"12mm","Max.Width":"125mm","cnc":"Yes","video":"https:\/\/www.youtube.com\/watch?v=YoZyTFF0rMY","description":"La m\u00e1quina de procesamiento de barras colectoras CNC SunShine\u00ae MX-302K-7C es una m\u00e1quina de barras colectoras CNC de alto rendimiento que integra punzonado y corte. La m\u00e1quina de punzonado y corte de barras colectoras CNC MX-302K-7C adopta un marco de molde de columna recta con 5 punzones + 1 cizalla + 1 estampado para garantizar la concentricidad de las matrices superior e inferior durante el uso a largo plazo durante el procesamiento. Tambi\u00e9n est\u00e1 equipada con un sistema de control CNC y un sistema CAD\/CAM, lo que mejora en gran medida la eficiencia de producci\u00f3n de punzonado y corte de barras colectoras. Obtenga los \u00faltimos precios de m\u00e1quinas de punzonado y corte de barras colectoras, <a style=\"color: #000080; text-decoration: underline;\" href=\"https:\/\/www.busbarmachine.co\/es\/contact-us\/\">Cont\u00e1ctanos ahora<\/a>.","product_parameters":{"acftf":{"v":"1.3.22"},"p":{"o":{"uh":0},"ca":""},"c":[{"p":""},{"p":""}],"h":[{"c":""},{"c":""}],"b":[[{"c":"Mold"},{"c":"MX-302K-7C"}],[{"c":"Max.Force"},{"c":"30ton"}],[{"c":"Feeding Station Size"},{"c":"2500 x 500mm"}],[{"c":"Out Station Size"},{"c":"2500 x 500mm"}],[{"c":"Max.Metal Plate Size"},{"c":"\t6000 x 120 x 12mm"}],[{"c":"Max Processing Thickness"},{"c":"12mm"}],[{"c":"Max Processing Width"},{"c":"125mm"}],[{"c":"Max Punching Diameter"},{"c":"\u22054.3\u2014\u220525mm"}],[{"c":"Max.Number of Shearing Mould"},{"c":"1"}],[{"c":"Max.Number of Punching Mould"},{"c":"7"}],[{"c":"Max Stroke of X-axis"},{"c":"2000mm"}],[{"c":"X-axis Accuracy Error"},{"c":"0.10\/500mm"}],[{"c":"Max Stroke of Y-axis"},{"c":"740mm"}],[{"c":"Y-axis Accuracy Error"},{"c":"0.10\/500mm"}],[{"c":"Max Stroke of Z-axis"},{"c":"145mm"}],[{"c":"T-axis Transmission Length"},{"c":"4100mm"}],[{"c":"Stroke of Beat Cylinder"},{"c":"\t50mm"}],[{"c":"Number of Control Axles"},{"c":"3"}],[{"c":"Size(L x W x Z )"},{"c":"10500 x 2500 x 1700mm"}],[{"c":"Weight"},{"c":"2700kg"}]]},"gallery 1":[4267,4269,4268,4265,4275,4274,4273,4271,4272,4276,4263]},"_links":{"self":[{"href":"https:\/\/www.busbarmachine.co\/es\/wp-json\/wp\/v2\/product\/4215","targetHints":{"allow":["GET"]}}],"collection":[{"href":"https:\/\/www.busbarmachine.co\/es\/wp-json\/wp\/v2\/product"}],"about":[{"href":"https:\/\/www.busbarmachine.co\/es\/wp-json\/wp\/v2\/types\/product"}],"replies":[{"embeddable":true,"href":"https:\/\/www.busbarmachine.co\/es\/wp-json\/wp\/v2\/comments?post=4215"}],"acf:attachment":[{"embeddable":true,"href":"https:\/\/www.busbarmachine.co\/es\/wp-json\/wp\/v2\/media\/4263"},{"embeddable":true,"href":"https:\/\/www.busbarmachine.co\/es\/wp-json\/wp\/v2\/media\/4276"},{"embeddable":true,"href":"https:\/\/www.busbarmachine.co\/es\/wp-json\/wp\/v2\/media\/4272"},{"embeddable":true,"href":"https:\/\/www.busbarmachine.co\/es\/wp-json\/wp\/v2\/media\/4271"},{"embeddable":true,"href":"https:\/\/www.busbarmachine.co\/es\/wp-json\/wp\/v2\/media\/4273"},{"embeddable":true,"href":"https:\/\/www.busbarmachine.co\/es\/wp-json\/wp\/v2\/media\/4274"},{"embeddable":true,"href":"https:\/\/www.busbarmachine.co\/es\/wp-json\/wp\/v2\/media\/4275"},{"embeddable":true,"href":"https:\/\/www.busbarmachine.co\/es\/wp-json\/wp\/v2\/media\/4265"},{"embeddable":true,"href":"https:\/\/www.busbarmachine.co\/es\/wp-json\/wp\/v2\/media\/4268"},{"embeddable":true,"href":"https:\/\/www.busbarmachine.co\/es\/wp-json\/wp\/v2\/media\/4269"},{"embeddable":true,"href":"https:\/\/www.busbarmachine.co\/es\/wp-json\/wp\/v2\/media\/4267"}],"wp:featuredmedia":[{"embeddable":true,"href":"https:\/\/www.busbarmachine.co\/es\/wp-json\/wp\/v2\/media\/4277"}],"wp:attachment":[{"href":"https:\/\/www.busbarmachine.co\/es\/wp-json\/wp\/v2\/media?parent=4215"}],"wp:term":[{"taxonomy":"product_brand","embeddable":true,"href":"https:\/\/www.busbarmachine.co\/es\/wp-json\/wp\/v2\/product_brand?post=4215"},{"taxonomy":"product_cat","embeddable":true,"href":"https:\/\/www.busbarmachine.co\/es\/wp-json\/wp\/v2\/product_cat?post=4215"},{"taxonomy":"product_tag","embeddable":true,"href":"https:\/\/www.busbarmachine.co\/es\/wp-json\/wp\/v2\/product_tag?post=4215"}],"curies":[{"name":"wp","href":"https:\/\/api.w.org\/{rel}","templated":true}]}}