{"id":3958,"date":"2023-11-23T20:39:30","date_gmt":"2023-11-23T12:39:30","guid":{"rendered":"https:\/\/www.busbarmachine.co\/?post_type=product&#038;p=3958"},"modified":"2025-02-24T11:19:22","modified_gmt":"2025-02-24T03:19:22","slug":"500kn-aluminium-busbar-bending-machine","status":"publish","type":"product","link":"https:\/\/www.busbarmachine.co\/es\/500kn-aluminium-busbar-bending-machine\/","title":{"rendered":"M\u00e1quina dobladora de barras colectoras de aluminio de 500 KN"},"content":{"rendered":"<p>La m\u00e1quina de barras colectoras CNC desarrollada por SunShine\u00ae ofrece m\u00faltiples funciones en una sola m\u00e1quina, incluyendo doblado, punzonado y corte de barras colectoras. Tambi\u00e9n se denomina m\u00e1quina de doblado, corte y punzonado de barras colectoras. El panel m\u00f3vil HIM de la unidad de doblado de barras colectoras permite al operador introducir visualmente los par\u00e1metros de doblado, realizar r\u00e1pidamente el doblado autom\u00e1tico de barras colectoras mediante el sistema de control CNC y admite la instalaci\u00f3n de un servomotor de posicionamiento de doblado, lo que mejora considerablemente la eficiencia del procesamiento de barras colectoras. Se recomienda a las empresas de procesamiento de barras colectoras elegir la m\u00e1quina de procesamiento de barras colectoras CNC SS-50-3CNC para procesar barras colectoras con un tama\u00f1o m\u00e1ximo de 16 mm (espesor) x 250 mm (ancho).<\/p>","protected":false},"excerpt":{"rendered":"<p>SunShine\u00ae es un fabricante de m\u00e1quinas de barras colectoras CNC y proveedor de m\u00e1quinas de corte y punzonado para doblado de barras colectoras. La m\u00e1quina de procesamiento de barras colectoras SS-50-3NC es una m\u00e1quina de barras colectoras CNC multifuncional con caracter\u00edsticas de alta precisi\u00f3n y automatizaci\u00f3n. Se recomienda que las empresas de procesamiento de barras colectoras elijan la m\u00e1quina de barras colectoras 3 en 1 SS-50-3NC para procesar barras colectoras con un tama\u00f1o m\u00e1ximo de 16 mm (grosor) * 250 mm (ancho)<\/p>","protected":false},"featured_media":4133,"comment_status":"open","ping_status":"closed","template":"","meta":[],"product_brand":[],"product_cat":[23],"product_tag":[],"class_list":{"0":"post-3958","1":"product","2":"type-product","3":"status-publish","4":"has-post-thumbnail","6":"product_cat-cnc-3-in-1-busbar-machine","8":"first","9":"instock","10":"shipping-taxable","11":"product-type-simple"},"acf":{"Model":"SS-50-3NC","Max.Force":"500KN","motor power":"3x5.5KW","Max.Thickness":"16mm","Max.Width":"250mm","cnc":"Support","video":"https:\/\/www.youtube.com\/watch?v=WJhe6Rkh7Pk","description":"La m\u00e1quina de barras colectoras CNC desarrollada por SunShine\u00ae tiene las caracter\u00edsticas de m\u00faltiples funciones en una sola m\u00e1quina, que admite funciones de doblado, punzonado y corte de barras colectoras. Tambi\u00e9n se denomina m\u00e1quina de doblado, corte y punzonado de barras colectoras. El panel m\u00f3vil HIM de la unidad de doblado de barras colectoras permite al operador ingresar visualmente los par\u00e1metros de doblado, realizar r\u00e1pidamente el doblado autom\u00e1tico de barras colectoras a trav\u00e9s del sistema de control CNC y admite la instalaci\u00f3n de un dispositivo de posicionamiento de doblado servo, que mejora en gran medida la eficiencia de procesamiento de las barras colectoras. <strong>Se recomienda que las empresas de procesamiento de barras colectoras elijan la m\u00e1quina de procesamiento de barras colectoras CNC SS-50-3CNC para procesar barras colectoras con un tama\u00f1o m\u00e1ximo de 16 mm (espesor) * 250 mm (ancho).<\/strong>","product_parameters":{"acftf":{"v":"1.3.20"},"p":{"o":{"uh":0},"ca":""},"c":[{"p":""},{"p":""}],"h":[{"c":""},{"c":""}],"b":[[{"c":"Model"},{"c":"SS-50-3NC\n"}],[{"c":"Max.Punch Force"},{"c":"500KN"}],[{"c":"Punch Diameter Range\n"},{"c":"\u22054.3\u2014\u220534(mm)"}],[{"c":"Max.Punch Thickness"},{"c":"16mm\n"}],[{"c":"Max.Punch Width"},{"c":"250mm\n"}],[{"c":"Max.Cut Thickness"},{"c":"16mm"}],[{"c":"Max.Cut Width"},{"c":"250mm"}],[{"c":"Max.Vertical Bend Force"},{"c":"500KN"}],[{"c":"Max.Vertical Bend Thickness"},{"c":"16mm"}],[{"c":"Max.Vertical Bend Width"},{"c":"250mm"}],[{"c":"Max.Horizontal Bend Width"},{"c":"120mm*12mm\n"}],[{"c":"Max.Horizontal Bend Angle"},{"c":"90\u00ba\n"}],[{"c":"Max.Twist Bend Thickness"},{"c":"16mm"}],[{"c":"Max.Twist Bend Width"},{"c":"250mm"}],[{"c":"CNC Bending Precision\n"},{"c":"\u00b11\u00ba\n"}],[{"c":"CNC Repeat Bending Precision\n"},{"c":"\u00b10.3\u00ba\n"}],[{"c":"Motor Power\n"},{"c":"5.53x4KW\n"}],[{"c":"Length*Height*Width"},{"c":"1950*1560*1420mm"}],[{"c":"Weight"},{"c":"1750kg\n"}]]},"gallery 1":[3834,3833,3811,3815,3883,3884,3882,3837]},"_links":{"self":[{"href":"https:\/\/www.busbarmachine.co\/es\/wp-json\/wp\/v2\/product\/3958","targetHints":{"allow":["GET"]}}],"collection":[{"href":"https:\/\/www.busbarmachine.co\/es\/wp-json\/wp\/v2\/product"}],"about":[{"href":"https:\/\/www.busbarmachine.co\/es\/wp-json\/wp\/v2\/types\/product"}],"replies":[{"embeddable":true,"href":"https:\/\/www.busbarmachine.co\/es\/wp-json\/wp\/v2\/comments?post=3958"}],"acf:attachment":[{"embeddable":true,"href":"https:\/\/www.busbarmachine.co\/es\/wp-json\/wp\/v2\/media\/3837"},{"embeddable":true,"href":"https:\/\/www.busbarmachine.co\/es\/wp-json\/wp\/v2\/media\/3882"},{"embeddable":true,"href":"https:\/\/www.busbarmachine.co\/es\/wp-json\/wp\/v2\/media\/3884"},{"embeddable":true,"href":"https:\/\/www.busbarmachine.co\/es\/wp-json\/wp\/v2\/media\/3883"},{"embeddable":true,"href":"https:\/\/www.busbarmachine.co\/es\/wp-json\/wp\/v2\/media\/3815"},{"embeddable":true,"href":"https:\/\/www.busbarmachine.co\/es\/wp-json\/wp\/v2\/media\/3811"},{"embeddable":true,"href":"https:\/\/www.busbarmachine.co\/es\/wp-json\/wp\/v2\/media\/3833"},{"embeddable":true,"href":"https:\/\/www.busbarmachine.co\/es\/wp-json\/wp\/v2\/media\/3834"}],"wp:featuredmedia":[{"embeddable":true,"href":"https:\/\/www.busbarmachine.co\/es\/wp-json\/wp\/v2\/media\/4133"}],"wp:attachment":[{"href":"https:\/\/www.busbarmachine.co\/es\/wp-json\/wp\/v2\/media?parent=3958"}],"wp:term":[{"taxonomy":"product_brand","embeddable":true,"href":"https:\/\/www.busbarmachine.co\/es\/wp-json\/wp\/v2\/product_brand?post=3958"},{"taxonomy":"product_cat","embeddable":true,"href":"https:\/\/www.busbarmachine.co\/es\/wp-json\/wp\/v2\/product_cat?post=3958"},{"taxonomy":"product_tag","embeddable":true,"href":"https:\/\/www.busbarmachine.co\/es\/wp-json\/wp\/v2\/product_tag?post=3958"}],"curies":[{"name":"wp","href":"https:\/\/api.w.org\/{rel}","templated":true}]}}