{"id":24,"date":"2023-10-07T19:00:45","date_gmt":"2023-10-07T11:00:45","guid":{"rendered":"https:\/\/www.busbarmachine.co\/?post_type=product&#038;p=24"},"modified":"2025-02-24T11:19:08","modified_gmt":"2025-02-24T03:19:08","slug":"300kn-3-in-1-copper-busbar-machine","status":"publish","type":"product","link":"https:\/\/www.busbarmachine.co\/es\/300kn-3-in-1-copper-busbar-machine\/","title":{"rendered":"M\u00e1quina de barras colectoras de cobre 3 en 1 de 300 KN"},"content":{"rendered":"<p>La m\u00e1quina de procesamiento de barras colectoras fabricada por SunShine\u00ae integra las tres funciones de doblado, corte y punzonado de barras colectoras, y tambi\u00e9n se denomina m\u00e1quina de barras colectoras 3 en 1. Tiene las caracter\u00edsticas de multifunci\u00f3n, alta precisi\u00f3n y alta eficiencia. La unidad de doblado de la m\u00e1quina de barras colectoras est\u00e1 equipada con un sistema de control CNC y un panel m\u00f3vil HIM, que permite al operador establecer el \u00e1ngulo de doblado requerido y otros par\u00e1metros, mejorando en gran medida la eficiencia y precisi\u00f3n de la producci\u00f3n de barras colectoras. <strong>Se recomienda que las empresas de procesamiento de barras colectoras elijan la m\u00e1quina de barras colectoras CNC SS-30-3NC para procesar barras colectoras con un tama\u00f1o m\u00e1ximo de 12 mm (espesor) * 160 mm (ancho).<\/strong><\/p>","protected":false},"excerpt":{"rendered":"<p>SunShine\u00ae es un fabricante de m\u00e1quinas de procesamiento de barras colectoras y proveedor de m\u00e1quinas de barras colectoras 3 en 1. La m\u00e1quina de barras colectoras SS-30-3NC es una m\u00e1quina de procesamiento de barras colectoras CNC multifuncional con funciones de doblado, corte y punzonado de barras colectoras. Se recomienda que las empresas de procesamiento de barras colectoras elijan la m\u00e1quina de barras colectoras CNC SS-30-3NC para procesar barras colectoras con un tama\u00f1o m\u00e1ximo de 12 mm (grosor) * 160 mm (ancho).<\/p>","protected":false},"featured_media":4134,"comment_status":"open","ping_status":"closed","template":"","meta":[],"product_brand":[],"product_cat":[23],"product_tag":[],"class_list":{"0":"post-24","1":"product","2":"type-product","3":"status-publish","4":"has-post-thumbnail","6":"product_cat-cnc-3-in-1-busbar-machine","8":"first","9":"instock","10":"shipping-taxable","11":"product-type-simple"},"acf":{"Model":"SS-30-3NC","Max.Force":"300KN","motor power":"3x4KW","Max.Thickness":"12mm","Max.Width":"160mm","cnc":"Support","video":"https:\/\/www.youtube.com\/watch?v=WJhe6Rkh7Pk","description":"La m\u00e1quina de procesamiento de barras colectoras fabricada por SunShine\u00ae integra las tres funciones de doblado, corte y punzonado de barras colectoras, y tambi\u00e9n se denomina m\u00e1quina de barras colectoras 3 en 1. Tiene las caracter\u00edsticas de multifunci\u00f3n, alta precisi\u00f3n y alta eficiencia. La unidad de doblado de la m\u00e1quina de barras colectoras est\u00e1 equipada con un sistema de control CNC y un panel m\u00f3vil HIM, que permite al operador establecer el \u00e1ngulo de doblado requerido y otros par\u00e1metros, mejorando en gran medida la eficiencia y precisi\u00f3n de la producci\u00f3n de barras colectoras. <strong>Se recomienda que las empresas de procesamiento de barras colectoras elijan la m\u00e1quina de barras colectoras CNC SS-30-3NC para procesar barras colectoras con un tama\u00f1o m\u00e1ximo de 12 mm (espesor) * 160 mm (ancho).<\/strong>","product_parameters":{"acftf":{"v":"1.3.20"},"p":{"o":{"uh":0},"ca":""},"c":[{"p":""},{"p":""}],"h":[{"c":""},{"c":""}],"b":[[{"c":"Model"},{"c":"SS-30-3NC\n"}],[{"c":"Max.Punch Force"},{"c":"300KN"}],[{"c":"Punch Diameter Range\n"},{"c":"\u22054.3\u2014\u220525(mm)"}],[{"c":"Max.Punch Thickness"},{"c":"12mm\n"}],[{"c":"Max.Punch Width"},{"c":"160mm\n"}],[{"c":"Max.Cut Thickness"},{"c":"12mm"}],[{"c":"Max.Cut Width"},{"c":"160mm"}],[{"c":"Max.Vertical Bend Force"},{"c":"300KN"}],[{"c":"Max.Vertical Bend Thickness"},{"c":"12mm"}],[{"c":"Max.Vertical Bend Width"},{"c":"160mm"}],[{"c":"Max.Horizontal Bend Width"},{"c":"100mm*10mm\n"}],[{"c":"Max.Horizontal Bend Angle"},{"c":"90\u00ba\n"}],[{"c":"Max.Twist Bend Thickness"},{"c":"12mm"}],[{"c":"Max.Twist Bend Width"},{"c":"160mm"}],[{"c":"CNC Bending Precision\n"},{"c":"\u00b11\u00ba\n"}],[{"c":"CNC Repeat Bending Precision\n"},{"c":"\u00b10.3\u00ba\n"}],[{"c":"Motor Power\n"},{"c":"3x4KW\n"}],[{"c":"Length*Height*Width"},{"c":"1790*1400*1420mm"}],[{"c":"Weight"},{"c":"1450kg\n"}]]},"gallery 1":[3887,3886,3855,3852,3842,3883,3884,3882]},"_links":{"self":[{"href":"https:\/\/www.busbarmachine.co\/es\/wp-json\/wp\/v2\/product\/24","targetHints":{"allow":["GET"]}}],"collection":[{"href":"https:\/\/www.busbarmachine.co\/es\/wp-json\/wp\/v2\/product"}],"about":[{"href":"https:\/\/www.busbarmachine.co\/es\/wp-json\/wp\/v2\/types\/product"}],"replies":[{"embeddable":true,"href":"https:\/\/www.busbarmachine.co\/es\/wp-json\/wp\/v2\/comments?post=24"}],"acf:attachment":[{"embeddable":true,"href":"https:\/\/www.busbarmachine.co\/es\/wp-json\/wp\/v2\/media\/3882"},{"embeddable":true,"href":"https:\/\/www.busbarmachine.co\/es\/wp-json\/wp\/v2\/media\/3884"},{"embeddable":true,"href":"https:\/\/www.busbarmachine.co\/es\/wp-json\/wp\/v2\/media\/3883"},{"embeddable":true,"href":"https:\/\/www.busbarmachine.co\/es\/wp-json\/wp\/v2\/media\/3842"},{"embeddable":true,"href":"https:\/\/www.busbarmachine.co\/es\/wp-json\/wp\/v2\/media\/3852"},{"embeddable":true,"href":"https:\/\/www.busbarmachine.co\/es\/wp-json\/wp\/v2\/media\/3855"},{"embeddable":true,"href":"https:\/\/www.busbarmachine.co\/es\/wp-json\/wp\/v2\/media\/3886"},{"embeddable":true,"href":"https:\/\/www.busbarmachine.co\/es\/wp-json\/wp\/v2\/media\/3887"}],"wp:featuredmedia":[{"embeddable":true,"href":"https:\/\/www.busbarmachine.co\/es\/wp-json\/wp\/v2\/media\/4134"}],"wp:attachment":[{"href":"https:\/\/www.busbarmachine.co\/es\/wp-json\/wp\/v2\/media?parent=24"}],"wp:term":[{"taxonomy":"product_brand","embeddable":true,"href":"https:\/\/www.busbarmachine.co\/es\/wp-json\/wp\/v2\/product_brand?post=24"},{"taxonomy":"product_cat","embeddable":true,"href":"https:\/\/www.busbarmachine.co\/es\/wp-json\/wp\/v2\/product_cat?post=24"},{"taxonomy":"product_tag","embeddable":true,"href":"https:\/\/www.busbarmachine.co\/es\/wp-json\/wp\/v2\/product_tag?post=24"}],"curies":[{"name":"wp","href":"https:\/\/api.w.org\/{rel}","templated":true}]}}